{"id":506066,"date":"2023-10-12T17:22:50","date_gmt":"2023-10-12T17:22:50","guid":{"rendered":"https:\/\/bravilor.com\/products\/doos-met-10-bussen-a-1-kilogram\/"},"modified":"2026-04-03T13:15:24","modified_gmt":"2026-04-03T13:15:24","slug":"doos-met-10-bussen-a-1-kilogram","status":"publish","type":"product","link":"https:\/\/www.bravilor.com\/be\/products\/accessories-be\/doos-met-10-bussen-a-1-kilogram\/","title":{"rendered":"Cleaner doos met 10 bussen \u00e0 1 kilogram"},"content":{"rendered":"","protected":false},"excerpt":{"rendered":"","protected":false},"featured_media":0,"template":"","product_category":[1986,2051],"product_family":[1132],"recommended_usage":[],"user_amount":[],"ingredient":[],"peak_consumption":[],"water_connection":[],"choice_of_beverages":[],"milk_function":[],"configuration_comparison":[],"class_list":["post-506066","product","type-product","status-publish","hentry","product_category-accessories-be","product_category-descale-and-cleaning-products-be","product_family-accessories-be"],"acf":[],"yoast_head":"<!-- This site is optimized with the Yoast SEO plugin v26.3 - https:\/\/yoast.com\/wordpress\/plugins\/seo\/ -->\n<title>Cleaner doos met 10 bussen \u00e0 1 kilogram - Bravilor Bonamat<\/title>\n<meta name=\"description\" content=\"Ontdek Cleaner doos met 10 bussen \u00e0 1 kilogram bij Bravilor Bonamat! Lees meer over Cleaner doos met 10 bussen \u00e0 1 kilogram en neem contact op voor professioneel advies en aankoopmogelijkheden.\" \/>\n<meta name=\"robots\" content=\"index, follow, max-snippet:-1, max-image-preview:large, max-video-preview:-1\" \/>\n<link rel=\"canonical\" href=\"https:\/\/www.bravilor.com\/be\/products\/accessories-be\/doos-met-10-bussen-a-1-kilogram\/\" \/>\n<meta property=\"og:locale\" content=\"nl_BE\" \/>\n<meta property=\"og:type\" content=\"article\" \/>\n<meta property=\"og:title\" content=\"Cleaner doos met 10 bussen \u00e0 1 kilogram - Bravilor Bonamat\" \/>\n<meta property=\"og:description\" content=\"Ontdek Cleaner doos met 10 bussen \u00e0 1 kilogram bij Bravilor Bonamat! Lees meer over Cleaner doos met 10 bussen \u00e0 1 kilogram en neem contact op voor professioneel advies en aankoopmogelijkheden.\" \/>\n<meta property=\"og:url\" content=\"https:\/\/www.bravilor.com\/be\/products\/accessories-be\/doos-met-10-bussen-a-1-kilogram\/\" \/>\n<meta property=\"og:site_name\" content=\"Bravilor Bonamat\" \/>\n<meta property=\"article:publisher\" content=\"https:\/\/www.facebook.com\/bravilor.bonamat.bv\" \/>\n<meta property=\"article:modified_time\" content=\"2026-04-03T13:15:24+00:00\" \/>\n<meta name=\"twitter:card\" content=\"summary_large_image\" \/>\n<script type=\"application\/ld+json\" class=\"yoast-schema-graph\">{\"@context\":\"https:\/\/schema.org\",\"@graph\":[{\"@type\":\"WebPage\",\"@id\":\"https:\/\/www.bravilor.com\/be\/products\/accessories-be\/doos-met-10-bussen-a-1-kilogram\/\",\"url\":\"https:\/\/www.bravilor.com\/be\/products\/accessories-be\/doos-met-10-bussen-a-1-kilogram\/\",\"name\":\"Cleaner doos met 10 bussen \u00e0 1 kilogram - Bravilor Bonamat\",\"isPartOf\":{\"@id\":\"https:\/\/www.bravilor.com\/be\/#website\"},\"datePublished\":\"2023-10-12T17:22:50+00:00\",\"dateModified\":\"2026-04-03T13:15:24+00:00\",\"description\":\"Ontdek Cleaner doos met 10 bussen \u00e0 1 kilogram bij Bravilor Bonamat! Lees meer over Cleaner doos met 10 bussen \u00e0 1 kilogram en neem contact op voor professioneel advies en aankoopmogelijkheden.\",\"inLanguage\":\"nl-BE\",\"potentialAction\":[{\"@type\":\"ReadAction\",\"target\":[\"https:\/\/www.bravilor.com\/be\/products\/accessories-be\/doos-met-10-bussen-a-1-kilogram\/\"]}]},{\"@type\":\"WebSite\",\"@id\":\"https:\/\/www.bravilor.com\/be\/#website\",\"url\":\"https:\/\/www.bravilor.com\/be\/\",\"name\":\"Bravilor Bonamat\",\"description\":\"Professional coffee machines and hot water dispensers\",\"publisher\":{\"@id\":\"https:\/\/www.bravilor.com\/be\/#organization\"},\"potentialAction\":[{\"@type\":\"SearchAction\",\"target\":{\"@type\":\"EntryPoint\",\"urlTemplate\":\"https:\/\/www.bravilor.com\/be\/?s={search_term_string}\"},\"query-input\":{\"@type\":\"PropertyValueSpecification\",\"valueRequired\":true,\"valueName\":\"search_term_string\"}}],\"inLanguage\":\"nl-BE\"},{\"@type\":\"Organization\",\"@id\":\"https:\/\/www.bravilor.com\/be\/#organization\",\"name\":\"Bravilor Bonamat\",\"url\":\"https:\/\/www.bravilor.com\/be\/\",\"logo\":{\"@type\":\"ImageObject\",\"inLanguage\":\"nl-BE\",\"@id\":\"https:\/\/www.bravilor.com\/be\/#\/schema\/logo\/image\/\",\"url\":\"https:\/\/www.bravilor.com\/app\/uploads\/2024\/01\/logo.svg\",\"contentUrl\":\"https:\/\/www.bravilor.com\/app\/uploads\/2024\/01\/logo.svg\",\"width\":1,\"height\":1,\"caption\":\"Bravilor Bonamat\"},\"image\":{\"@id\":\"https:\/\/www.bravilor.com\/be\/#\/schema\/logo\/image\/\"},\"sameAs\":[\"https:\/\/www.facebook.com\/bravilor.bonamat.bv\"]}]}<\/script>\n<!-- \/ Yoast SEO plugin. -->","yoast_head_json":{"title":"Cleaner doos met 10 bussen \u00e0 1 kilogram - Bravilor Bonamat","description":"Ontdek Cleaner doos met 10 bussen \u00e0 1 kilogram bij Bravilor Bonamat! Lees meer over Cleaner doos met 10 bussen \u00e0 1 kilogram en neem contact op voor professioneel advies en aankoopmogelijkheden.","robots":{"index":"index","follow":"follow","max-snippet":"max-snippet:-1","max-image-preview":"max-image-preview:large","max-video-preview":"max-video-preview:-1"},"canonical":"https:\/\/www.bravilor.com\/be\/products\/accessories-be\/doos-met-10-bussen-a-1-kilogram\/","og_locale":"nl_BE","og_type":"article","og_title":"Cleaner doos met 10 bussen \u00e0 1 kilogram - Bravilor Bonamat","og_description":"Ontdek Cleaner doos met 10 bussen \u00e0 1 kilogram bij Bravilor Bonamat! Lees meer over Cleaner doos met 10 bussen \u00e0 1 kilogram en neem contact op voor professioneel advies en aankoopmogelijkheden.","og_url":"https:\/\/www.bravilor.com\/be\/products\/accessories-be\/doos-met-10-bussen-a-1-kilogram\/","og_site_name":"Bravilor Bonamat","article_publisher":"https:\/\/www.facebook.com\/bravilor.bonamat.bv","article_modified_time":"2026-04-03T13:15:24+00:00","twitter_card":"summary_large_image","schema":{"@context":"https:\/\/schema.org","@graph":[{"@type":"WebPage","@id":"https:\/\/www.bravilor.com\/be\/products\/accessories-be\/doos-met-10-bussen-a-1-kilogram\/","url":"https:\/\/www.bravilor.com\/be\/products\/accessories-be\/doos-met-10-bussen-a-1-kilogram\/","name":"Cleaner doos met 10 bussen \u00e0 1 kilogram - Bravilor Bonamat","isPartOf":{"@id":"https:\/\/www.bravilor.com\/be\/#website"},"datePublished":"2023-10-12T17:22:50+00:00","dateModified":"2026-04-03T13:15:24+00:00","description":"Ontdek Cleaner doos met 10 bussen \u00e0 1 kilogram bij Bravilor Bonamat! Lees meer over Cleaner doos met 10 bussen \u00e0 1 kilogram en neem contact op voor professioneel advies en aankoopmogelijkheden.","inLanguage":"nl-BE","potentialAction":[{"@type":"ReadAction","target":["https:\/\/www.bravilor.com\/be\/products\/accessories-be\/doos-met-10-bussen-a-1-kilogram\/"]}]},{"@type":"WebSite","@id":"https:\/\/www.bravilor.com\/be\/#website","url":"https:\/\/www.bravilor.com\/be\/","name":"Bravilor Bonamat","description":"Professional coffee machines and hot water dispensers","publisher":{"@id":"https:\/\/www.bravilor.com\/be\/#organization"},"potentialAction":[{"@type":"SearchAction","target":{"@type":"EntryPoint","urlTemplate":"https:\/\/www.bravilor.com\/be\/?s={search_term_string}"},"query-input":{"@type":"PropertyValueSpecification","valueRequired":true,"valueName":"search_term_string"}}],"inLanguage":"nl-BE"},{"@type":"Organization","@id":"https:\/\/www.bravilor.com\/be\/#organization","name":"Bravilor Bonamat","url":"https:\/\/www.bravilor.com\/be\/","logo":{"@type":"ImageObject","inLanguage":"nl-BE","@id":"https:\/\/www.bravilor.com\/be\/#\/schema\/logo\/image\/","url":"https:\/\/www.bravilor.com\/app\/uploads\/2024\/01\/logo.svg","contentUrl":"https:\/\/www.bravilor.com\/app\/uploads\/2024\/01\/logo.svg","width":1,"height":1,"caption":"Bravilor Bonamat"},"image":{"@id":"https:\/\/www.bravilor.com\/be\/#\/schema\/logo\/image\/"},"sameAs":["https:\/\/www.facebook.com\/bravilor.bonamat.bv"]}]}},"_links":{"self":[{"href":"https:\/\/www.bravilor.com\/be\/wp-json\/wp\/v2\/product\/506066","targetHints":{"allow":["GET"]}}],"collection":[{"href":"https:\/\/www.bravilor.com\/be\/wp-json\/wp\/v2\/product"}],"about":[{"href":"https:\/\/www.bravilor.com\/be\/wp-json\/wp\/v2\/types\/product"}],"wp:attachment":[{"href":"https:\/\/www.bravilor.com\/be\/wp-json\/wp\/v2\/media?parent=506066"}],"wp:term":[{"taxonomy":"product_category","embeddable":true,"href":"https:\/\/www.bravilor.com\/be\/wp-json\/wp\/v2\/product_category?post=506066"},{"taxonomy":"product_family","embeddable":true,"href":"https:\/\/www.bravilor.com\/be\/wp-json\/wp\/v2\/product_family?post=506066"},{"taxonomy":"recommended_usage","embeddable":true,"href":"https:\/\/www.bravilor.com\/be\/wp-json\/wp\/v2\/recommended_usage?post=506066"},{"taxonomy":"user_amount","embeddable":true,"href":"https:\/\/www.bravilor.com\/be\/wp-json\/wp\/v2\/user_amount?post=506066"},{"taxonomy":"ingredient","embeddable":true,"href":"https:\/\/www.bravilor.com\/be\/wp-json\/wp\/v2\/ingredient?post=506066"},{"taxonomy":"peak_consumption","embeddable":true,"href":"https:\/\/www.bravilor.com\/be\/wp-json\/wp\/v2\/peak_consumption?post=506066"},{"taxonomy":"water_connection","embeddable":true,"href":"https:\/\/www.bravilor.com\/be\/wp-json\/wp\/v2\/water_connection?post=506066"},{"taxonomy":"choice_of_beverages","embeddable":true,"href":"https:\/\/www.bravilor.com\/be\/wp-json\/wp\/v2\/choice_of_beverages?post=506066"},{"taxonomy":"milk_function","embeddable":true,"href":"https:\/\/www.bravilor.com\/be\/wp-json\/wp\/v2\/milk_function?post=506066"},{"taxonomy":"configuration_comparison","embeddable":true,"href":"https:\/\/www.bravilor.com\/be\/wp-json\/wp\/v2\/configuration_comparison?post=506066"}],"curies":[{"name":"wp","href":"https:\/\/api.w.org\/{rel}","templated":true}]}}