{"id":587105,"date":"2023-10-10T07:30:42","date_gmt":"2023-10-10T07:30:42","guid":{"rendered":"https:\/\/bravilor.com\/quality-and-innovation\/"},"modified":"2024-01-16T10:51:09","modified_gmt":"2024-01-16T10:51:09","slug":"quality-and-innovation","status":"publish","type":"page","link":"https:\/\/www.bravilor.com\/de\/quality-and-innovation\/","title":{"rendered":"Qualit\u00e4t und Innovation"},"content":{"rendered":"\n<p>Hervorragende Leistungen sind der goldene Faden, der sich durch die gesamte Struktur unserer Organisation zieht. Seit 1948 hat unser Engagement f\u00fcr Qualit\u00e4t nicht nachgelassen, sondern wurde sogar noch verst\u00e4rkt. Wir tragen unseren Ruf f\u00fcr Zuverl\u00e4ssigkeit, unersch\u00fctterliche Qualit\u00e4t und Nachhaltigkeit wie ein Ehrenabzeichen, das wir uns durch jahrelanges Engagement verdient haben.<\/p>\n\n<p>In unserem Kern sind wir Handwerker der Qualit\u00e4t. Es ist nicht nur ein K\u00e4stchen, sondern eine Lebenseinstellung, die in jedem Winkel unserer Einrichtung pulsiert. Von der Entwicklung eines Produktkonzepts bis zum letzten Schliff der handwerklichen Ausf\u00fchrung ist Qualit\u00e4t der Leitstern, der unseren Weg erhellt.<\/p>\n\n<p>Bei der Auswahl der Materialien gehen wir sehr sorgf\u00e4ltig vor und stellen sicher, dass jede Komponente unseren strengen Standards entspricht. Unsere Maschinen arbeiten mit einer Pr\u00e4zision, als w\u00e4ren sie die Instrumente einer Symphonie, die miteinander harmonieren, um Perfektion zu schaffen.<\/p>\n\n<p>Aber es sind nicht nur die Maschinen, es sind die Menschen, die unsere Organisation mit Leben erf\u00fcllen. Unsere professionellen Mitarbeiter, die von einer gemeinsamen Verpflichtung zu Spitzenleistungen angetrieben werden, verk\u00f6rpern Qualit\u00e4t in ihren Handlungen und Entscheidungen. Sie sind die H\u00fcter unseres Erbes und sorgen daf\u00fcr, dass die Fackel der Qualit\u00e4t weiterhin hell leuchtet.<\/p>\n\n<p>In unserer Welt ist Qualit\u00e4t kein nachtr\u00e4glicher Gedanke; sie ist das Fundament, auf dem wir aufbauen, der Kompass, der uns den Weg weist, und das Verm\u00e4chtnis, das wir mit Stolz weiter tragen.<\/p>\n\n<p><\/p>\n\n<figure class=\"wp-block-image size-large is-style-default\"><img decoding=\"async\" width=\"1024\" height=\"682\" src=\"https:\/\/bravilor.com\/app\/uploads\/2023\/10\/2022_Innovation_Centre_06-1-1024x682.jpg\" alt=\"\" class=\"wp-image-245480\" srcset=\"https:\/\/www.bravilor.com\/app\/uploads\/2023\/10\/2022_Innovation_Centre_06-1-1024x682.jpg 1024w, https:\/\/www.bravilor.com\/app\/uploads\/2023\/10\/2022_Innovation_Centre_06-1-300x200.jpg 300w, https:\/\/www.bravilor.com\/app\/uploads\/2023\/10\/2022_Innovation_Centre_06-1-768x511.jpg 768w, https:\/\/www.bravilor.com\/app\/uploads\/2023\/10\/2022_Innovation_Centre_06-1-1536x1022.jpg 1536w, https:\/\/www.bravilor.com\/app\/uploads\/2023\/10\/2022_Innovation_Centre_06-1-1014x675.jpg 1014w, https:\/\/www.bravilor.com\/app\/uploads\/2023\/10\/2022_Innovation_Centre_06-1-676x450.jpg 676w, https:\/\/www.bravilor.com\/app\/uploads\/2023\/10\/2022_Innovation_Centre_06-1-338x225.jpg 338w, https:\/\/www.bravilor.com\/app\/uploads\/2023\/10\/2022_Innovation_Centre_06-1.jpg 1600w\" sizes=\"(max-width: 1024px) 100vw, 1024px\" \/><\/figure>\n\n<p>Im Herzen unseres Innovationszentrums ist die Forschungs- und Entwicklungsabteilung ein pulsierender Hort der Kreativit\u00e4t und des Engagements. Unser unerm\u00fcdliches Bestreben ist es, Kaffeemaschinen und Hei\u00dfwasserspender zu entwickeln, die nicht nur Nachhaltigkeit neu definieren, sondern auch Benutzerfreundlichkeit zu ihrem Leitprinzip machen.<\/p>\n\n<p>Stellen Sie sich eine Gruppe leidenschaftlicher K\u00f6pfe vor, die von dem Wunsch beseelt sind, jedes morgendliche Kaffeeritual zu einem Erlebnis werden zu lassen, das man genie\u00dfen kann. Tag f\u00fcr Tag arbeiten sie daran, diese Wunderwerke der Technik zu entwerfen, zu perfektionieren und neu zu erfinden.<\/p>\n\n<p>Wenn es um Innovation geht, steht in unserem Bereich die Benutzerfreundlichkeit an erster Stelle. Wir r\u00e4umen ihr nicht nur Priorit\u00e4t ein, sondern erheben sie auf ein Podest von \u00fcberragender Bedeutung. Es ist nicht nur eine Funktion, sondern eine Philosophie, die sich durch jede Zeile des Codes, jede Kurve unseres Designs und jede Interaktion mit unseren Ger\u00e4ten zieht.<\/p>\n\n<p>Unser Engagement f\u00fcr Benutzerfreundlichkeit manifestiert sich in der nahtlosen Integration von Touchscreens, bei denen sich jedes Antippen wie eine Einladung in eine Welt der Aromen anf\u00fchlt. Die Benutzeroberfl\u00e4che ist eine Kunstform f\u00fcr sich, die sorgf\u00e4ltig so gestaltet wurde, dass sie intuitiv und ansprechend ist und Spa\u00df macht. Es geht nicht nur um das Dr\u00fccken von Tasten, sondern auch um die Freude an der Steuerung mit den Fingerspitzen.<\/p>\n\n<p>Und das ist noch nicht alles. Konnektivit\u00e4t ist die Br\u00fccke zwischen Innovation und Komfort. Unsere Maschinen sind nicht nur Werkzeuge, sondern auch Begleiter auf Ihrem t\u00e4glichen Weg, und wir sorgen daf\u00fcr, dass sie immer angeschlossen und bereit sind, Ihnen m\u00fchelos zu dienen.<\/p>\n\n<p>In unserer Forschungs- und Entwicklungsabteilung entwickeln wir nicht einfach nur Kaffeemaschinen und Hei\u00dfwasserspender, sondern schaffen Erlebnisse, in denen sich Nachhaltigkeit und Benutzerfreundlichkeit zu einer Symphonie der Perfektion vereinen. Willkommen in der Zukunft der koffeinhaltigen Gl\u00fcckseligkeit.<br\/><br\/><\/p>\n\n<p><\/p>\n\n<p><\/p>\n\n<p><\/p>\n","protected":false},"excerpt":{"rendered":"<p>Hervorragende Leistungen sind der goldene Faden, der sich durch die gesamte Struktur unserer Organisation zieht. Seit 1948 hat unser Engagement f\u00fcr Qualit\u00e4t nicht nachgelassen, sondern wurde sogar noch verst\u00e4rkt. Wir tragen unseren Ruf f\u00fcr Zuverl\u00e4ssigkeit, unersch\u00fctterliche Qualit\u00e4t und Nachhaltigkeit wie ein Ehrenabzeichen, das wir uns durch jahrelanges Engagement verdient haben. In unserem Kern sind wir [&hellip;]<\/p>\n","protected":false},"author":8,"featured_media":0,"parent":0,"menu_order":0,"comment_status":"closed","ping_status":"closed","template":"","meta":{"_acf_changed":false,"footnotes":""},"class_list":["post-587105","page","type-page","status-publish","hentry"],"acf":[],"yoast_head":"<!-- This site is optimized with the Yoast SEO plugin v26.3 - https:\/\/yoast.com\/wordpress\/plugins\/seo\/ -->\n<title>Qualit\u00e4t und Innovation - Bravilor Bonamat<\/title>\n<meta name=\"description\" content=\"Qualit\u00e4t und Innovation von ist die Kaffeemaschine f\u00fcr Unternehmen mit gro\u00dfen Ambitionen. Guter Kaffee macht Mitarbeiter gl\u00fccklich. Erfahren Sie mehr!\" \/>\n<meta name=\"robots\" content=\"index, follow, max-snippet:-1, max-image-preview:large, max-video-preview:-1\" \/>\n<link rel=\"canonical\" href=\"https:\/\/www.bravilor.com\/de\/quality-and-innovation\/\" \/>\n<meta property=\"og:locale\" content=\"de_DE\" \/>\n<meta property=\"og:type\" content=\"article\" \/>\n<meta property=\"og:title\" content=\"Qualit\u00e4t und Innovation - Bravilor Bonamat\" \/>\n<meta property=\"og:description\" content=\"Qualit\u00e4t und Innovation von ist die Kaffeemaschine f\u00fcr Unternehmen mit gro\u00dfen Ambitionen. Guter Kaffee macht Mitarbeiter gl\u00fccklich. Erfahren Sie mehr!\" \/>\n<meta property=\"og:url\" content=\"https:\/\/www.bravilor.com\/de\/quality-and-innovation\/\" \/>\n<meta property=\"og:site_name\" content=\"Bravilor Bonamat\" \/>\n<meta property=\"article:publisher\" content=\"https:\/\/www.facebook.com\/bravilor.bonamat.bv\" \/>\n<meta property=\"article:modified_time\" content=\"2024-01-16T10:51:09+00:00\" \/>\n<meta property=\"og:image\" content=\"https:\/\/bravilor.com\/app\/uploads\/2023\/10\/2022_Innovation_Centre_06-1-1024x682.jpg\" \/>\n<meta name=\"twitter:card\" content=\"summary_large_image\" \/>\n<meta name=\"twitter:label1\" content=\"Est. reading time\" \/>\n\t<meta name=\"twitter:data1\" content=\"3 minutes\" \/>\n<script type=\"application\/ld+json\" class=\"yoast-schema-graph\">{\"@context\":\"https:\/\/schema.org\",\"@graph\":[{\"@type\":\"WebPage\",\"@id\":\"https:\/\/www.bravilor.com\/de\/quality-and-innovation\/\",\"url\":\"https:\/\/www.bravilor.com\/de\/quality-and-innovation\/\",\"name\":\"Qualit\u00e4t und Innovation - Bravilor Bonamat\",\"isPartOf\":{\"@id\":\"https:\/\/www.bravilor.com\/de\/#website\"},\"primaryImageOfPage\":{\"@id\":\"https:\/\/www.bravilor.com\/de\/quality-and-innovation\/#primaryimage\"},\"image\":{\"@id\":\"https:\/\/www.bravilor.com\/de\/quality-and-innovation\/#primaryimage\"},\"thumbnailUrl\":\"https:\/\/bravilor.com\/app\/uploads\/2023\/10\/2022_Innovation_Centre_06-1-1024x682.jpg\",\"datePublished\":\"2023-10-10T07:30:42+00:00\",\"dateModified\":\"2024-01-16T10:51:09+00:00\",\"description\":\"Qualit\u00e4t und Innovation von ist die Kaffeemaschine f\u00fcr Unternehmen mit gro\u00dfen Ambitionen. Guter Kaffee macht Mitarbeiter gl\u00fccklich. Erfahren Sie mehr!\",\"inLanguage\":\"de-DE\",\"potentialAction\":[{\"@type\":\"ReadAction\",\"target\":[\"https:\/\/www.bravilor.com\/de\/quality-and-innovation\/\"]}]},{\"@type\":\"ImageObject\",\"inLanguage\":\"de-DE\",\"@id\":\"https:\/\/www.bravilor.com\/de\/quality-and-innovation\/#primaryimage\",\"url\":\"https:\/\/bravilor.com\/app\/uploads\/2023\/10\/2022_Innovation_Centre_06-1-1024x682.jpg\",\"contentUrl\":\"https:\/\/bravilor.com\/app\/uploads\/2023\/10\/2022_Innovation_Centre_06-1-1024x682.jpg\"},{\"@type\":\"WebSite\",\"@id\":\"https:\/\/www.bravilor.com\/de\/#website\",\"url\":\"https:\/\/www.bravilor.com\/de\/\",\"name\":\"Bravilor Bonamat\",\"description\":\"Professional coffee machines and hot water dispensers\",\"publisher\":{\"@id\":\"https:\/\/www.bravilor.com\/de\/#organization\"},\"potentialAction\":[{\"@type\":\"SearchAction\",\"target\":{\"@type\":\"EntryPoint\",\"urlTemplate\":\"https:\/\/www.bravilor.com\/de\/?s={search_term_string}\"},\"query-input\":{\"@type\":\"PropertyValueSpecification\",\"valueRequired\":true,\"valueName\":\"search_term_string\"}}],\"inLanguage\":\"de-DE\"},{\"@type\":\"Organization\",\"@id\":\"https:\/\/www.bravilor.com\/de\/#organization\",\"name\":\"Bravilor Bonamat\",\"url\":\"https:\/\/www.bravilor.com\/de\/\",\"logo\":{\"@type\":\"ImageObject\",\"inLanguage\":\"de-DE\",\"@id\":\"https:\/\/www.bravilor.com\/de\/#\/schema\/logo\/image\/\",\"url\":\"https:\/\/www.bravilor.com\/app\/uploads\/2024\/01\/logo.svg\",\"contentUrl\":\"https:\/\/www.bravilor.com\/app\/uploads\/2024\/01\/logo.svg\",\"width\":1,\"height\":1,\"caption\":\"Bravilor Bonamat\"},\"image\":{\"@id\":\"https:\/\/www.bravilor.com\/de\/#\/schema\/logo\/image\/\"},\"sameAs\":[\"https:\/\/www.facebook.com\/bravilor.bonamat.bv\"]}]}<\/script>\n<!-- \/ Yoast SEO plugin. -->","yoast_head_json":{"title":"Qualit\u00e4t und Innovation - Bravilor Bonamat","description":"Qualit\u00e4t und Innovation von ist die Kaffeemaschine f\u00fcr Unternehmen mit gro\u00dfen Ambitionen. Guter Kaffee macht Mitarbeiter gl\u00fccklich. Erfahren Sie mehr!","robots":{"index":"index","follow":"follow","max-snippet":"max-snippet:-1","max-image-preview":"max-image-preview:large","max-video-preview":"max-video-preview:-1"},"canonical":"https:\/\/www.bravilor.com\/de\/quality-and-innovation\/","og_locale":"de_DE","og_type":"article","og_title":"Qualit\u00e4t und Innovation - Bravilor Bonamat","og_description":"Qualit\u00e4t und Innovation von ist die Kaffeemaschine f\u00fcr Unternehmen mit gro\u00dfen Ambitionen. Guter Kaffee macht Mitarbeiter gl\u00fccklich. Erfahren Sie mehr!","og_url":"https:\/\/www.bravilor.com\/de\/quality-and-innovation\/","og_site_name":"Bravilor Bonamat","article_publisher":"https:\/\/www.facebook.com\/bravilor.bonamat.bv","article_modified_time":"2024-01-16T10:51:09+00:00","og_image":[{"url":"https:\/\/bravilor.com\/app\/uploads\/2023\/10\/2022_Innovation_Centre_06-1-1024x682.jpg","type":"","width":"","height":""}],"twitter_card":"summary_large_image","twitter_misc":{"Est. reading time":"3 minutes"},"schema":{"@context":"https:\/\/schema.org","@graph":[{"@type":"WebPage","@id":"https:\/\/www.bravilor.com\/de\/quality-and-innovation\/","url":"https:\/\/www.bravilor.com\/de\/quality-and-innovation\/","name":"Qualit\u00e4t und Innovation - Bravilor Bonamat","isPartOf":{"@id":"https:\/\/www.bravilor.com\/de\/#website"},"primaryImageOfPage":{"@id":"https:\/\/www.bravilor.com\/de\/quality-and-innovation\/#primaryimage"},"image":{"@id":"https:\/\/www.bravilor.com\/de\/quality-and-innovation\/#primaryimage"},"thumbnailUrl":"https:\/\/bravilor.com\/app\/uploads\/2023\/10\/2022_Innovation_Centre_06-1-1024x682.jpg","datePublished":"2023-10-10T07:30:42+00:00","dateModified":"2024-01-16T10:51:09+00:00","description":"Qualit\u00e4t und Innovation von ist die Kaffeemaschine f\u00fcr Unternehmen mit gro\u00dfen Ambitionen. Guter Kaffee macht Mitarbeiter gl\u00fccklich. Erfahren Sie mehr!","inLanguage":"de-DE","potentialAction":[{"@type":"ReadAction","target":["https:\/\/www.bravilor.com\/de\/quality-and-innovation\/"]}]},{"@type":"ImageObject","inLanguage":"de-DE","@id":"https:\/\/www.bravilor.com\/de\/quality-and-innovation\/#primaryimage","url":"https:\/\/bravilor.com\/app\/uploads\/2023\/10\/2022_Innovation_Centre_06-1-1024x682.jpg","contentUrl":"https:\/\/bravilor.com\/app\/uploads\/2023\/10\/2022_Innovation_Centre_06-1-1024x682.jpg"},{"@type":"WebSite","@id":"https:\/\/www.bravilor.com\/de\/#website","url":"https:\/\/www.bravilor.com\/de\/","name":"Bravilor Bonamat","description":"Professional coffee machines and hot water dispensers","publisher":{"@id":"https:\/\/www.bravilor.com\/de\/#organization"},"potentialAction":[{"@type":"SearchAction","target":{"@type":"EntryPoint","urlTemplate":"https:\/\/www.bravilor.com\/de\/?s={search_term_string}"},"query-input":{"@type":"PropertyValueSpecification","valueRequired":true,"valueName":"search_term_string"}}],"inLanguage":"de-DE"},{"@type":"Organization","@id":"https:\/\/www.bravilor.com\/de\/#organization","name":"Bravilor Bonamat","url":"https:\/\/www.bravilor.com\/de\/","logo":{"@type":"ImageObject","inLanguage":"de-DE","@id":"https:\/\/www.bravilor.com\/de\/#\/schema\/logo\/image\/","url":"https:\/\/www.bravilor.com\/app\/uploads\/2024\/01\/logo.svg","contentUrl":"https:\/\/www.bravilor.com\/app\/uploads\/2024\/01\/logo.svg","width":1,"height":1,"caption":"Bravilor Bonamat"},"image":{"@id":"https:\/\/www.bravilor.com\/de\/#\/schema\/logo\/image\/"},"sameAs":["https:\/\/www.facebook.com\/bravilor.bonamat.bv"]}]}},"_links":{"self":[{"href":"https:\/\/www.bravilor.com\/de\/wp-json\/wp\/v2\/pages\/587105","targetHints":{"allow":["GET"]}}],"collection":[{"href":"https:\/\/www.bravilor.com\/de\/wp-json\/wp\/v2\/pages"}],"about":[{"href":"https:\/\/www.bravilor.com\/de\/wp-json\/wp\/v2\/types\/page"}],"author":[{"embeddable":true,"href":"https:\/\/www.bravilor.com\/de\/wp-json\/wp\/v2\/users\/8"}],"replies":[{"embeddable":true,"href":"https:\/\/www.bravilor.com\/de\/wp-json\/wp\/v2\/comments?post=587105"}],"version-history":[{"count":2,"href":"https:\/\/www.bravilor.com\/de\/wp-json\/wp\/v2\/pages\/587105\/revisions"}],"predecessor-version":[{"id":587111,"href":"https:\/\/www.bravilor.com\/de\/wp-json\/wp\/v2\/pages\/587105\/revisions\/587111"}],"wp:attachment":[{"href":"https:\/\/www.bravilor.com\/de\/wp-json\/wp\/v2\/media?parent=587105"}],"curies":[{"name":"wp","href":"https:\/\/api.w.org\/{rel}","templated":true}]}}