{"id":671053,"date":"2024-01-24T15:02:35","date_gmt":"2024-01-24T15:02:35","guid":{"rendered":"https:\/\/bravilor.com\/nachhaltigkeit\/"},"modified":"2024-04-18T11:53:44","modified_gmt":"2024-04-18T11:53:44","slug":"nachhaltigkeit","status":"publish","type":"page","link":"https:\/\/www.bravilor.com\/de\/nachhaltigkeit\/","title":{"rendered":"Nachhaltigkeit"},"content":{"rendered":"\n<p>Indem wir uns das umfassende Konzept der Nachhaltigkeit zu eigen machen, verringern wir aktiv unseren \u00f6kologischen Fu\u00dfabdruck und schonen wertvolle Ressourcen. Das ist einer der Gr\u00fcnde, warum Edelstahl unser bevorzugtes Material ist. An sich ist Edelstahl zu 100 % recycelbar. In der Tat wird der gr\u00f6\u00dfte Teil aller heute weltweit verwendeten nichtrostenden St\u00e4hle aus Schrott gewonnen. Au\u00dferdem entstehen bei der Herstellung von rostfreiem Stahl keine giftigen Abw\u00e4sser.<\/p>\n\n\n\n<div class=\"wp-block-columns has-2-columns is-layout-flex wp-container-core-columns-is-layout-9d6595d7 wp-block-columns-is-layout-flex\">\n<div class=\"wp-block-column is-layout-flow wp-block-column-is-layout-flow\">\n<figure class=\"wp-block-image size-large\"><img decoding=\"async\" width=\"1024\" height=\"683\" src=\"https:\/\/www.bravilor.com\/app\/uploads\/2024\/02\/2022_MetalShop_25-1024x683.jpg\" alt=\"\" class=\"wp-image-665407\" srcset=\"https:\/\/www.bravilor.com\/app\/uploads\/2024\/02\/2022_MetalShop_25-1024x683.jpg 1024w, https:\/\/www.bravilor.com\/app\/uploads\/2024\/02\/2022_MetalShop_25-300x200.jpg 300w, https:\/\/www.bravilor.com\/app\/uploads\/2024\/02\/2022_MetalShop_25-768x512.jpg 768w, https:\/\/www.bravilor.com\/app\/uploads\/2024\/02\/2022_MetalShop_25-1013x675.jpg 1013w, https:\/\/www.bravilor.com\/app\/uploads\/2024\/02\/2022_MetalShop_25-675x450.jpg 675w, https:\/\/www.bravilor.com\/app\/uploads\/2024\/02\/2022_MetalShop_25-338x225.jpg 338w, https:\/\/www.bravilor.com\/app\/uploads\/2024\/02\/2022_MetalShop_25.jpg 1500w\" sizes=\"(max-width: 1024px) 100vw, 1024px\" \/><\/figure>\n<\/div>\n\n\n\n<div class=\"wp-block-column is-layout-flow wp-block-column-is-layout-flow\">\n<figure class=\"wp-block-image size-large\"><img decoding=\"async\" width=\"1024\" height=\"683\" src=\"https:\/\/www.bravilor.com\/app\/uploads\/2024\/02\/2022_MetalShop_03-1024x683.jpg\" alt=\"\" class=\"wp-image-665446\" srcset=\"https:\/\/www.bravilor.com\/app\/uploads\/2024\/02\/2022_MetalShop_03-1024x683.jpg 1024w, https:\/\/www.bravilor.com\/app\/uploads\/2024\/02\/2022_MetalShop_03-300x200.jpg 300w, https:\/\/www.bravilor.com\/app\/uploads\/2024\/02\/2022_MetalShop_03-768x512.jpg 768w, https:\/\/www.bravilor.com\/app\/uploads\/2024\/02\/2022_MetalShop_03-1013x675.jpg 1013w, https:\/\/www.bravilor.com\/app\/uploads\/2024\/02\/2022_MetalShop_03-675x450.jpg 675w, https:\/\/www.bravilor.com\/app\/uploads\/2024\/02\/2022_MetalShop_03-338x225.jpg 338w, https:\/\/www.bravilor.com\/app\/uploads\/2024\/02\/2022_MetalShop_03.jpg 1500w\" sizes=\"(max-width: 1024px) 100vw, 1024px\" \/><\/figure>\n<\/div>\n<\/div>\n\n\n\n<h2 class=\"wp-block-heading\">Solarpark<\/h2>\n\n\n\n<p>Unsere Anlage in Heerhugowaard beherbergt einen beeindruckenden Solarpark mit 4.600 Solarzellen. Mit einer Jahresproduktion von 1.705.000 kWh &#8211; dem \u00c4quivalent von \u00fcber 500 Haushalten &#8211; sind wir bei der Stromversorgung nicht mehr auf fossile Brennstoffe angewiesen und in dieser Hinsicht v\u00f6llig autark. Reduzierung unserer CO2-Emissionen um 616 Tonnen CO2 j\u00e4hrlich. Wir leisten einen Beitrag zu unserer Verpflichtung, bis 2050 vollst\u00e4ndig CO2-neutral und kreislauff\u00e4hig zu arbeiten.<\/p>\n\n\n\n<div class=\"wp-block-columns has-2-columns is-layout-flex wp-container-core-columns-is-layout-9d6595d7 wp-block-columns-is-layout-flex\">\n<div class=\"wp-block-column is-layout-flow wp-block-column-is-layout-flow\">\n<figure class=\"wp-block-image size-large\"><img decoding=\"async\" width=\"1024\" height=\"682\" src=\"https:\/\/www.bravilor.com\/app\/uploads\/2024\/02\/043.tych_.bravilorbonamat.zonnepark.230420-1024x682.jpg\" alt=\"\" class=\"wp-image-665356\" srcset=\"https:\/\/www.bravilor.com\/app\/uploads\/2024\/02\/043.tych_.bravilorbonamat.zonnepark.230420-1024x682.jpg 1024w, https:\/\/www.bravilor.com\/app\/uploads\/2024\/02\/043.tych_.bravilorbonamat.zonnepark.230420-300x200.jpg 300w, https:\/\/www.bravilor.com\/app\/uploads\/2024\/02\/043.tych_.bravilorbonamat.zonnepark.230420-768x511.jpg 768w, https:\/\/www.bravilor.com\/app\/uploads\/2024\/02\/043.tych_.bravilorbonamat.zonnepark.230420-1536x1023.jpg 1536w, https:\/\/www.bravilor.com\/app\/uploads\/2024\/02\/043.tych_.bravilorbonamat.zonnepark.230420-1622x1080.jpg 1622w, https:\/\/www.bravilor.com\/app\/uploads\/2024\/02\/043.tych_.bravilorbonamat.zonnepark.230420-1014x675.jpg 1014w, https:\/\/www.bravilor.com\/app\/uploads\/2024\/02\/043.tych_.bravilorbonamat.zonnepark.230420-676x450.jpg 676w, https:\/\/www.bravilor.com\/app\/uploads\/2024\/02\/043.tych_.bravilorbonamat.zonnepark.230420-338x225.jpg 338w, https:\/\/www.bravilor.com\/app\/uploads\/2024\/02\/043.tych_.bravilorbonamat.zonnepark.230420.jpg 2000w\" sizes=\"(max-width: 1024px) 100vw, 1024px\" \/><\/figure>\n<\/div>\n\n\n\n<div class=\"wp-block-column is-layout-flow wp-block-column-is-layout-flow\">\n<figure class=\"wp-block-image size-large\"><img decoding=\"async\" width=\"1024\" height=\"682\" src=\"https:\/\/www.bravilor.com\/app\/uploads\/2024\/02\/033.tych_.bravilorbonamat.zonnepark.230420-1024x682.jpg\" alt=\"\" class=\"wp-image-665317\" srcset=\"https:\/\/www.bravilor.com\/app\/uploads\/2024\/02\/033.tych_.bravilorbonamat.zonnepark.230420-1024x682.jpg 1024w, https:\/\/www.bravilor.com\/app\/uploads\/2024\/02\/033.tych_.bravilorbonamat.zonnepark.230420-300x200.jpg 300w, https:\/\/www.bravilor.com\/app\/uploads\/2024\/02\/033.tych_.bravilorbonamat.zonnepark.230420-768x512.jpg 768w, https:\/\/www.bravilor.com\/app\/uploads\/2024\/02\/033.tych_.bravilorbonamat.zonnepark.230420-1536x1024.jpg 1536w, https:\/\/www.bravilor.com\/app\/uploads\/2024\/02\/033.tych_.bravilorbonamat.zonnepark.230420-1620x1080.jpg 1620w, https:\/\/www.bravilor.com\/app\/uploads\/2024\/02\/033.tych_.bravilorbonamat.zonnepark.230420-1013x675.jpg 1013w, https:\/\/www.bravilor.com\/app\/uploads\/2024\/02\/033.tych_.bravilorbonamat.zonnepark.230420-675x450.jpg 675w, https:\/\/www.bravilor.com\/app\/uploads\/2024\/02\/033.tych_.bravilorbonamat.zonnepark.230420-338x225.jpg 338w, https:\/\/www.bravilor.com\/app\/uploads\/2024\/02\/033.tych_.bravilorbonamat.zonnepark.230420.jpg 2000w\" sizes=\"(max-width: 1024px) 100vw, 1024px\" \/><\/figure>\n<\/div>\n<\/div>\n\n\n\n<div class=\"wp-block-columns has-2-columns is-layout-flex wp-container-core-columns-is-layout-9d6595d7 wp-block-columns-is-layout-flex\">\n<div class=\"wp-block-column is-layout-flow wp-block-column-is-layout-flow\">\n<figure class=\"wp-block-image size-full\"><img decoding=\"async\" width=\"500\" height=\"375\" src=\"https:\/\/www.bravilor.com\/app\/uploads\/2024\/02\/iso14001-png.png\" alt=\"\" class=\"wp-image-665605\" srcset=\"https:\/\/www.bravilor.com\/app\/uploads\/2024\/02\/iso14001-png.png 500w, https:\/\/www.bravilor.com\/app\/uploads\/2024\/02\/iso14001-png-300x225.png 300w\" sizes=\"(max-width: 500px) 100vw, 500px\" \/><\/figure>\n<\/div>\n\n\n\n<div class=\"wp-block-column is-layout-flow wp-block-column-is-layout-flow\">\n<h2 class=\"wp-block-heading\">ISO 14001 zertifiziert<\/h2>\n\n\n\n<p>Unser Werk in Heerhugowaard ist seit 2010 nach ISO 14001 f\u00fcr Umweltmanagement zertifiziert. Dies verdeutlicht unseren anhaltenden Erfolg in diesem Bereich und zeigt, dass wir unsere Gesch\u00e4ftsprozesse und Umweltrisiken wirksam kontrollieren. Durch kontinuierliche Ma\u00dfnahmen auf politischer und organisatorischer Ebene arbeiten wir systematisch daran, unsere Auswirkungen auf die Umwelt zu minimieren.<\/p>\n\n\n\r\n<a class=\"c-button c-button--red\" href=\"https:\/\/bravilor.com\/app\/uploads\/2024\/02\/cer-iso-14001-en.pdf\" target=\"_blank\">\r\n    <span class=\"c-button__text\">Siehe unser ISO 14001-Zertifikat<\/span>\r\n<\/a>\r\n<\/div>\n<\/div>\n\n\n\n<p> <\/p>\n\n\n\n<p><\/p>\n\n\n\n<p><\/p>\n\n\n\n<p><\/p>\n","protected":false},"excerpt":{"rendered":"<p>Indem wir uns das umfassende Konzept der Nachhaltigkeit zu eigen machen, verringern wir aktiv unseren \u00f6kologischen Fu\u00dfabdruck und schonen wertvolle Ressourcen. Das ist einer der Gr\u00fcnde, warum Edelstahl unser bevorzugtes Material ist. An sich ist Edelstahl zu 100 % recycelbar. In der Tat wird der gr\u00f6\u00dfte Teil aller heute weltweit verwendeten nichtrostenden St\u00e4hle aus Schrott [&hellip;]<\/p>\n","protected":false},"author":5,"featured_media":0,"parent":0,"menu_order":0,"comment_status":"closed","ping_status":"closed","template":"","meta":{"_acf_changed":false,"footnotes":""},"class_list":["post-671053","page","type-page","status-publish","hentry"],"acf":[],"yoast_head":"<!-- This site is optimized with the Yoast SEO plugin v26.3 - https:\/\/yoast.com\/wordpress\/plugins\/seo\/ -->\n<title>Nachhaltigkeit - Bravilor Bonamat<\/title>\n<meta name=\"description\" content=\"Nachhaltigkeit von ist die Kaffeemaschine f\u00fcr Unternehmen mit gro\u00dfen Ambitionen. Guter Kaffee macht Mitarbeiter gl\u00fccklich. Erfahren Sie mehr!\" \/>\n<meta name=\"robots\" content=\"index, follow, max-snippet:-1, max-image-preview:large, max-video-preview:-1\" \/>\n<link rel=\"canonical\" href=\"https:\/\/www.bravilor.com\/de\/nachhaltigkeit\/\" \/>\n<meta property=\"og:locale\" content=\"de_DE\" \/>\n<meta property=\"og:type\" content=\"article\" \/>\n<meta property=\"og:title\" content=\"Nachhaltigkeit - Bravilor Bonamat\" \/>\n<meta property=\"og:description\" content=\"Nachhaltigkeit von ist die Kaffeemaschine f\u00fcr Unternehmen mit gro\u00dfen Ambitionen. Guter Kaffee macht Mitarbeiter gl\u00fccklich. Erfahren Sie mehr!\" \/>\n<meta property=\"og:url\" content=\"https:\/\/www.bravilor.com\/de\/nachhaltigkeit\/\" \/>\n<meta property=\"og:site_name\" content=\"Bravilor Bonamat\" \/>\n<meta property=\"article:publisher\" content=\"https:\/\/www.facebook.com\/bravilor.bonamat.bv\" \/>\n<meta property=\"article:modified_time\" content=\"2024-04-18T11:53:44+00:00\" \/>\n<meta property=\"og:image\" content=\"https:\/\/bravilor.com\/app\/uploads\/2024\/02\/2022_MetalShop_25-1024x683.jpg\" \/>\n<meta name=\"twitter:card\" content=\"summary_large_image\" \/>\n<meta name=\"twitter:label1\" content=\"Est. reading time\" \/>\n\t<meta name=\"twitter:data1\" content=\"2 minutes\" \/>\n<script type=\"application\/ld+json\" class=\"yoast-schema-graph\">{\"@context\":\"https:\/\/schema.org\",\"@graph\":[{\"@type\":\"WebPage\",\"@id\":\"https:\/\/www.bravilor.com\/de\/nachhaltigkeit\/\",\"url\":\"https:\/\/www.bravilor.com\/de\/nachhaltigkeit\/\",\"name\":\"Nachhaltigkeit - Bravilor Bonamat\",\"isPartOf\":{\"@id\":\"https:\/\/www.bravilor.com\/de\/#website\"},\"primaryImageOfPage\":{\"@id\":\"https:\/\/www.bravilor.com\/de\/nachhaltigkeit\/#primaryimage\"},\"image\":{\"@id\":\"https:\/\/www.bravilor.com\/de\/nachhaltigkeit\/#primaryimage\"},\"thumbnailUrl\":\"https:\/\/www.bravilor.com\/app\/uploads\/2024\/02\/2022_MetalShop_25-1024x683.jpg\",\"datePublished\":\"2024-01-24T15:02:35+00:00\",\"dateModified\":\"2024-04-18T11:53:44+00:00\",\"description\":\"Nachhaltigkeit von ist die Kaffeemaschine f\u00fcr Unternehmen mit gro\u00dfen Ambitionen. Guter Kaffee macht Mitarbeiter gl\u00fccklich. Erfahren Sie mehr!\",\"inLanguage\":\"de-DE\",\"potentialAction\":[{\"@type\":\"ReadAction\",\"target\":[\"https:\/\/www.bravilor.com\/de\/nachhaltigkeit\/\"]}]},{\"@type\":\"ImageObject\",\"inLanguage\":\"de-DE\",\"@id\":\"https:\/\/www.bravilor.com\/de\/nachhaltigkeit\/#primaryimage\",\"url\":\"https:\/\/www.bravilor.com\/app\/uploads\/2024\/02\/2022_MetalShop_25-1024x683.jpg\",\"contentUrl\":\"https:\/\/www.bravilor.com\/app\/uploads\/2024\/02\/2022_MetalShop_25-1024x683.jpg\"},{\"@type\":\"WebSite\",\"@id\":\"https:\/\/www.bravilor.com\/de\/#website\",\"url\":\"https:\/\/www.bravilor.com\/de\/\",\"name\":\"Bravilor Bonamat\",\"description\":\"Professional coffee machines and hot water dispensers\",\"publisher\":{\"@id\":\"https:\/\/www.bravilor.com\/de\/#organization\"},\"potentialAction\":[{\"@type\":\"SearchAction\",\"target\":{\"@type\":\"EntryPoint\",\"urlTemplate\":\"https:\/\/www.bravilor.com\/de\/?s={search_term_string}\"},\"query-input\":{\"@type\":\"PropertyValueSpecification\",\"valueRequired\":true,\"valueName\":\"search_term_string\"}}],\"inLanguage\":\"de-DE\"},{\"@type\":\"Organization\",\"@id\":\"https:\/\/www.bravilor.com\/de\/#organization\",\"name\":\"Bravilor Bonamat\",\"url\":\"https:\/\/www.bravilor.com\/de\/\",\"logo\":{\"@type\":\"ImageObject\",\"inLanguage\":\"de-DE\",\"@id\":\"https:\/\/www.bravilor.com\/de\/#\/schema\/logo\/image\/\",\"url\":\"https:\/\/www.bravilor.com\/app\/uploads\/2024\/01\/logo.svg\",\"contentUrl\":\"https:\/\/www.bravilor.com\/app\/uploads\/2024\/01\/logo.svg\",\"width\":1,\"height\":1,\"caption\":\"Bravilor Bonamat\"},\"image\":{\"@id\":\"https:\/\/www.bravilor.com\/de\/#\/schema\/logo\/image\/\"},\"sameAs\":[\"https:\/\/www.facebook.com\/bravilor.bonamat.bv\"]}]}<\/script>\n<!-- \/ Yoast SEO plugin. -->","yoast_head_json":{"title":"Nachhaltigkeit - Bravilor Bonamat","description":"Nachhaltigkeit von ist die Kaffeemaschine f\u00fcr Unternehmen mit gro\u00dfen Ambitionen. Guter Kaffee macht Mitarbeiter gl\u00fccklich. Erfahren Sie mehr!","robots":{"index":"index","follow":"follow","max-snippet":"max-snippet:-1","max-image-preview":"max-image-preview:large","max-video-preview":"max-video-preview:-1"},"canonical":"https:\/\/www.bravilor.com\/de\/nachhaltigkeit\/","og_locale":"de_DE","og_type":"article","og_title":"Nachhaltigkeit - Bravilor Bonamat","og_description":"Nachhaltigkeit von ist die Kaffeemaschine f\u00fcr Unternehmen mit gro\u00dfen Ambitionen. Guter Kaffee macht Mitarbeiter gl\u00fccklich. Erfahren Sie mehr!","og_url":"https:\/\/www.bravilor.com\/de\/nachhaltigkeit\/","og_site_name":"Bravilor Bonamat","article_publisher":"https:\/\/www.facebook.com\/bravilor.bonamat.bv","article_modified_time":"2024-04-18T11:53:44+00:00","og_image":[{"url":"https:\/\/bravilor.com\/app\/uploads\/2024\/02\/2022_MetalShop_25-1024x683.jpg","type":"","width":"","height":""}],"twitter_card":"summary_large_image","twitter_misc":{"Est. reading time":"2 minutes"},"schema":{"@context":"https:\/\/schema.org","@graph":[{"@type":"WebPage","@id":"https:\/\/www.bravilor.com\/de\/nachhaltigkeit\/","url":"https:\/\/www.bravilor.com\/de\/nachhaltigkeit\/","name":"Nachhaltigkeit - Bravilor Bonamat","isPartOf":{"@id":"https:\/\/www.bravilor.com\/de\/#website"},"primaryImageOfPage":{"@id":"https:\/\/www.bravilor.com\/de\/nachhaltigkeit\/#primaryimage"},"image":{"@id":"https:\/\/www.bravilor.com\/de\/nachhaltigkeit\/#primaryimage"},"thumbnailUrl":"https:\/\/www.bravilor.com\/app\/uploads\/2024\/02\/2022_MetalShop_25-1024x683.jpg","datePublished":"2024-01-24T15:02:35+00:00","dateModified":"2024-04-18T11:53:44+00:00","description":"Nachhaltigkeit von ist die Kaffeemaschine f\u00fcr Unternehmen mit gro\u00dfen Ambitionen. Guter Kaffee macht Mitarbeiter gl\u00fccklich. Erfahren Sie mehr!","inLanguage":"de-DE","potentialAction":[{"@type":"ReadAction","target":["https:\/\/www.bravilor.com\/de\/nachhaltigkeit\/"]}]},{"@type":"ImageObject","inLanguage":"de-DE","@id":"https:\/\/www.bravilor.com\/de\/nachhaltigkeit\/#primaryimage","url":"https:\/\/www.bravilor.com\/app\/uploads\/2024\/02\/2022_MetalShop_25-1024x683.jpg","contentUrl":"https:\/\/www.bravilor.com\/app\/uploads\/2024\/02\/2022_MetalShop_25-1024x683.jpg"},{"@type":"WebSite","@id":"https:\/\/www.bravilor.com\/de\/#website","url":"https:\/\/www.bravilor.com\/de\/","name":"Bravilor Bonamat","description":"Professional coffee machines and hot water dispensers","publisher":{"@id":"https:\/\/www.bravilor.com\/de\/#organization"},"potentialAction":[{"@type":"SearchAction","target":{"@type":"EntryPoint","urlTemplate":"https:\/\/www.bravilor.com\/de\/?s={search_term_string}"},"query-input":{"@type":"PropertyValueSpecification","valueRequired":true,"valueName":"search_term_string"}}],"inLanguage":"de-DE"},{"@type":"Organization","@id":"https:\/\/www.bravilor.com\/de\/#organization","name":"Bravilor Bonamat","url":"https:\/\/www.bravilor.com\/de\/","logo":{"@type":"ImageObject","inLanguage":"de-DE","@id":"https:\/\/www.bravilor.com\/de\/#\/schema\/logo\/image\/","url":"https:\/\/www.bravilor.com\/app\/uploads\/2024\/01\/logo.svg","contentUrl":"https:\/\/www.bravilor.com\/app\/uploads\/2024\/01\/logo.svg","width":1,"height":1,"caption":"Bravilor Bonamat"},"image":{"@id":"https:\/\/www.bravilor.com\/de\/#\/schema\/logo\/image\/"},"sameAs":["https:\/\/www.facebook.com\/bravilor.bonamat.bv"]}]}},"_links":{"self":[{"href":"https:\/\/www.bravilor.com\/de\/wp-json\/wp\/v2\/pages\/671053","targetHints":{"allow":["GET"]}}],"collection":[{"href":"https:\/\/www.bravilor.com\/de\/wp-json\/wp\/v2\/pages"}],"about":[{"href":"https:\/\/www.bravilor.com\/de\/wp-json\/wp\/v2\/types\/page"}],"author":[{"embeddable":true,"href":"https:\/\/www.bravilor.com\/de\/wp-json\/wp\/v2\/users\/5"}],"replies":[{"embeddable":true,"href":"https:\/\/www.bravilor.com\/de\/wp-json\/wp\/v2\/comments?post=671053"}],"version-history":[{"count":4,"href":"https:\/\/www.bravilor.com\/de\/wp-json\/wp\/v2\/pages\/671053\/revisions"}],"predecessor-version":[{"id":672071,"href":"https:\/\/www.bravilor.com\/de\/wp-json\/wp\/v2\/pages\/671053\/revisions\/672071"}],"wp:attachment":[{"href":"https:\/\/www.bravilor.com\/de\/wp-json\/wp\/v2\/media?parent=671053"}],"curies":[{"name":"wp","href":"https:\/\/api.w.org\/{rel}","templated":true}]}}