{"id":506342,"date":"2023-10-12T17:22:58","date_gmt":"2023-10-12T17:22:58","guid":{"rendered":"https:\/\/bravilor.com\/products\/reinigungstabletten-fuer-freshmilk-karton-mit-12-dosen\/"},"modified":"2026-04-12T02:27:35","modified_gmt":"2026-04-12T02:27:35","slug":"reinigungstabletten-fuer-freshmilk-karton-mit-12-dosen","status":"publish","type":"product","link":"https:\/\/www.bravilor.com\/de\/products\/accessories-de\/descale-and-cleaning-products-de\/reinigungstabletten-fuer-freshmilk-karton-mit-12-dosen\/","title":{"rendered":"Umverpackung mit 12 Dosen mit 120 St\u00fcck Milchreiniger f\u00fcr FreshMilk"},"content":{"rendered":"","protected":false},"excerpt":{"rendered":"","protected":false},"featured_media":0,"template":"","product_category":[2043,1978],"product_family":[1124],"recommended_usage":[],"user_amount":[],"ingredient":[],"peak_consumption":[],"water_connection":[],"choice_of_beverages":[],"milk_function":[],"configuration_comparison":[],"class_list":["post-506342","product","type-product","status-publish","hentry","product_category-descale-and-cleaning-products-de","product_category-accessories-de","product_family-accessories-de"],"acf":[],"yoast_head":"<!-- This site is optimized with the Yoast SEO plugin v26.3 - https:\/\/yoast.com\/wordpress\/plugins\/seo\/ -->\n<title>Umverpackung mit 12 Dosen mit 120 St\u00fcck Milchreiniger f\u00fcr FreshMilk - Bravilor Bonamat<\/title>\n<meta name=\"description\" content=\"Entdecken Sie Umverpackung mit 12 Dosen mit 120 St\u00fcck Milchreiniger f\u00fcr FreshMilk bei Bravilor Bonamat! Erfahren Sie mehr \u00fcber Umverpackung mit 12 Dosen mit 120 St\u00fcck Milchreiniger f\u00fcr FreshMilk und kontaktieren Sie uns f\u00fcr professionelle Beratung und Kaufm\u00f6glichkeiten.\" \/>\n<meta name=\"robots\" content=\"index, follow, max-snippet:-1, max-image-preview:large, max-video-preview:-1\" \/>\n<link rel=\"canonical\" href=\"https:\/\/www.bravilor.com\/de\/products\/accessories-de\/descale-and-cleaning-products-de\/reinigungstabletten-fuer-freshmilk-karton-mit-12-dosen\/\" \/>\n<meta property=\"og:locale\" content=\"de_DE\" \/>\n<meta property=\"og:type\" content=\"article\" \/>\n<meta property=\"og:title\" content=\"Umverpackung mit 12 Dosen mit 120 St\u00fcck Milchreiniger f\u00fcr FreshMilk - Bravilor Bonamat\" \/>\n<meta property=\"og:description\" content=\"Entdecken Sie Umverpackung mit 12 Dosen mit 120 St\u00fcck Milchreiniger f\u00fcr FreshMilk bei Bravilor Bonamat! Erfahren Sie mehr \u00fcber Umverpackung mit 12 Dosen mit 120 St\u00fcck Milchreiniger f\u00fcr FreshMilk und kontaktieren Sie uns f\u00fcr professionelle Beratung und Kaufm\u00f6glichkeiten.\" \/>\n<meta property=\"og:url\" content=\"https:\/\/www.bravilor.com\/de\/products\/accessories-de\/descale-and-cleaning-products-de\/reinigungstabletten-fuer-freshmilk-karton-mit-12-dosen\/\" \/>\n<meta property=\"og:site_name\" content=\"Bravilor Bonamat\" \/>\n<meta property=\"article:publisher\" content=\"https:\/\/www.facebook.com\/bravilor.bonamat.bv\" \/>\n<meta property=\"article:modified_time\" content=\"2026-04-12T02:27:35+00:00\" \/>\n<meta name=\"twitter:card\" content=\"summary_large_image\" \/>\n<script type=\"application\/ld+json\" class=\"yoast-schema-graph\">{\"@context\":\"https:\/\/schema.org\",\"@graph\":[{\"@type\":\"WebPage\",\"@id\":\"https:\/\/www.bravilor.com\/de\/products\/accessories-de\/descale-and-cleaning-products-de\/reinigungstabletten-fuer-freshmilk-karton-mit-12-dosen\/\",\"url\":\"https:\/\/www.bravilor.com\/de\/products\/accessories-de\/descale-and-cleaning-products-de\/reinigungstabletten-fuer-freshmilk-karton-mit-12-dosen\/\",\"name\":\"Umverpackung mit 12 Dosen mit 120 St\u00fcck Milchreiniger f\u00fcr FreshMilk - Bravilor Bonamat\",\"isPartOf\":{\"@id\":\"https:\/\/www.bravilor.com\/de\/#website\"},\"datePublished\":\"2023-10-12T17:22:58+00:00\",\"dateModified\":\"2026-04-12T02:27:35+00:00\",\"description\":\"Entdecken Sie Umverpackung mit 12 Dosen mit 120 St\u00fcck Milchreiniger f\u00fcr FreshMilk bei Bravilor Bonamat! Erfahren Sie mehr \u00fcber Umverpackung mit 12 Dosen mit 120 St\u00fcck Milchreiniger f\u00fcr FreshMilk und kontaktieren Sie uns f\u00fcr professionelle Beratung und Kaufm\u00f6glichkeiten.\",\"inLanguage\":\"de-DE\",\"potentialAction\":[{\"@type\":\"ReadAction\",\"target\":[\"https:\/\/www.bravilor.com\/de\/products\/accessories-de\/descale-and-cleaning-products-de\/reinigungstabletten-fuer-freshmilk-karton-mit-12-dosen\/\"]}]},{\"@type\":\"WebSite\",\"@id\":\"https:\/\/www.bravilor.com\/de\/#website\",\"url\":\"https:\/\/www.bravilor.com\/de\/\",\"name\":\"Bravilor Bonamat\",\"description\":\"Professional coffee machines and hot water dispensers\",\"publisher\":{\"@id\":\"https:\/\/www.bravilor.com\/de\/#organization\"},\"potentialAction\":[{\"@type\":\"SearchAction\",\"target\":{\"@type\":\"EntryPoint\",\"urlTemplate\":\"https:\/\/www.bravilor.com\/de\/?s={search_term_string}\"},\"query-input\":{\"@type\":\"PropertyValueSpecification\",\"valueRequired\":true,\"valueName\":\"search_term_string\"}}],\"inLanguage\":\"de-DE\"},{\"@type\":\"Organization\",\"@id\":\"https:\/\/www.bravilor.com\/de\/#organization\",\"name\":\"Bravilor Bonamat\",\"url\":\"https:\/\/www.bravilor.com\/de\/\",\"logo\":{\"@type\":\"ImageObject\",\"inLanguage\":\"de-DE\",\"@id\":\"https:\/\/www.bravilor.com\/de\/#\/schema\/logo\/image\/\",\"url\":\"https:\/\/www.bravilor.com\/app\/uploads\/2024\/01\/logo.svg\",\"contentUrl\":\"https:\/\/www.bravilor.com\/app\/uploads\/2024\/01\/logo.svg\",\"width\":1,\"height\":1,\"caption\":\"Bravilor Bonamat\"},\"image\":{\"@id\":\"https:\/\/www.bravilor.com\/de\/#\/schema\/logo\/image\/\"},\"sameAs\":[\"https:\/\/www.facebook.com\/bravilor.bonamat.bv\"]}]}<\/script>\n<!-- \/ Yoast SEO plugin. -->","yoast_head_json":{"title":"Umverpackung mit 12 Dosen mit 120 St\u00fcck Milchreiniger f\u00fcr FreshMilk - Bravilor Bonamat","description":"Entdecken Sie Umverpackung mit 12 Dosen mit 120 St\u00fcck Milchreiniger f\u00fcr FreshMilk bei Bravilor Bonamat! Erfahren Sie mehr \u00fcber Umverpackung mit 12 Dosen mit 120 St\u00fcck Milchreiniger f\u00fcr FreshMilk und kontaktieren Sie uns f\u00fcr professionelle Beratung und Kaufm\u00f6glichkeiten.","robots":{"index":"index","follow":"follow","max-snippet":"max-snippet:-1","max-image-preview":"max-image-preview:large","max-video-preview":"max-video-preview:-1"},"canonical":"https:\/\/www.bravilor.com\/de\/products\/accessories-de\/descale-and-cleaning-products-de\/reinigungstabletten-fuer-freshmilk-karton-mit-12-dosen\/","og_locale":"de_DE","og_type":"article","og_title":"Umverpackung mit 12 Dosen mit 120 St\u00fcck Milchreiniger f\u00fcr FreshMilk - Bravilor Bonamat","og_description":"Entdecken Sie Umverpackung mit 12 Dosen mit 120 St\u00fcck Milchreiniger f\u00fcr FreshMilk bei Bravilor Bonamat! Erfahren Sie mehr \u00fcber Umverpackung mit 12 Dosen mit 120 St\u00fcck Milchreiniger f\u00fcr FreshMilk und kontaktieren Sie uns f\u00fcr professionelle Beratung und Kaufm\u00f6glichkeiten.","og_url":"https:\/\/www.bravilor.com\/de\/products\/accessories-de\/descale-and-cleaning-products-de\/reinigungstabletten-fuer-freshmilk-karton-mit-12-dosen\/","og_site_name":"Bravilor Bonamat","article_publisher":"https:\/\/www.facebook.com\/bravilor.bonamat.bv","article_modified_time":"2026-04-12T02:27:35+00:00","twitter_card":"summary_large_image","schema":{"@context":"https:\/\/schema.org","@graph":[{"@type":"WebPage","@id":"https:\/\/www.bravilor.com\/de\/products\/accessories-de\/descale-and-cleaning-products-de\/reinigungstabletten-fuer-freshmilk-karton-mit-12-dosen\/","url":"https:\/\/www.bravilor.com\/de\/products\/accessories-de\/descale-and-cleaning-products-de\/reinigungstabletten-fuer-freshmilk-karton-mit-12-dosen\/","name":"Umverpackung mit 12 Dosen mit 120 St\u00fcck Milchreiniger f\u00fcr FreshMilk - Bravilor Bonamat","isPartOf":{"@id":"https:\/\/www.bravilor.com\/de\/#website"},"datePublished":"2023-10-12T17:22:58+00:00","dateModified":"2026-04-12T02:27:35+00:00","description":"Entdecken Sie Umverpackung mit 12 Dosen mit 120 St\u00fcck Milchreiniger f\u00fcr FreshMilk bei Bravilor Bonamat! Erfahren Sie mehr \u00fcber Umverpackung mit 12 Dosen mit 120 St\u00fcck Milchreiniger f\u00fcr FreshMilk und kontaktieren Sie uns f\u00fcr professionelle Beratung und Kaufm\u00f6glichkeiten.","inLanguage":"de-DE","potentialAction":[{"@type":"ReadAction","target":["https:\/\/www.bravilor.com\/de\/products\/accessories-de\/descale-and-cleaning-products-de\/reinigungstabletten-fuer-freshmilk-karton-mit-12-dosen\/"]}]},{"@type":"WebSite","@id":"https:\/\/www.bravilor.com\/de\/#website","url":"https:\/\/www.bravilor.com\/de\/","name":"Bravilor Bonamat","description":"Professional coffee machines and hot water dispensers","publisher":{"@id":"https:\/\/www.bravilor.com\/de\/#organization"},"potentialAction":[{"@type":"SearchAction","target":{"@type":"EntryPoint","urlTemplate":"https:\/\/www.bravilor.com\/de\/?s={search_term_string}"},"query-input":{"@type":"PropertyValueSpecification","valueRequired":true,"valueName":"search_term_string"}}],"inLanguage":"de-DE"},{"@type":"Organization","@id":"https:\/\/www.bravilor.com\/de\/#organization","name":"Bravilor Bonamat","url":"https:\/\/www.bravilor.com\/de\/","logo":{"@type":"ImageObject","inLanguage":"de-DE","@id":"https:\/\/www.bravilor.com\/de\/#\/schema\/logo\/image\/","url":"https:\/\/www.bravilor.com\/app\/uploads\/2024\/01\/logo.svg","contentUrl":"https:\/\/www.bravilor.com\/app\/uploads\/2024\/01\/logo.svg","width":1,"height":1,"caption":"Bravilor Bonamat"},"image":{"@id":"https:\/\/www.bravilor.com\/de\/#\/schema\/logo\/image\/"},"sameAs":["https:\/\/www.facebook.com\/bravilor.bonamat.bv"]}]}},"_links":{"self":[{"href":"https:\/\/www.bravilor.com\/de\/wp-json\/wp\/v2\/product\/506342","targetHints":{"allow":["GET"]}}],"collection":[{"href":"https:\/\/www.bravilor.com\/de\/wp-json\/wp\/v2\/product"}],"about":[{"href":"https:\/\/www.bravilor.com\/de\/wp-json\/wp\/v2\/types\/product"}],"wp:attachment":[{"href":"https:\/\/www.bravilor.com\/de\/wp-json\/wp\/v2\/media?parent=506342"}],"wp:term":[{"taxonomy":"product_category","embeddable":true,"href":"https:\/\/www.bravilor.com\/de\/wp-json\/wp\/v2\/product_category?post=506342"},{"taxonomy":"product_family","embeddable":true,"href":"https:\/\/www.bravilor.com\/de\/wp-json\/wp\/v2\/product_family?post=506342"},{"taxonomy":"recommended_usage","embeddable":true,"href":"https:\/\/www.bravilor.com\/de\/wp-json\/wp\/v2\/recommended_usage?post=506342"},{"taxonomy":"user_amount","embeddable":true,"href":"https:\/\/www.bravilor.com\/de\/wp-json\/wp\/v2\/user_amount?post=506342"},{"taxonomy":"ingredient","embeddable":true,"href":"https:\/\/www.bravilor.com\/de\/wp-json\/wp\/v2\/ingredient?post=506342"},{"taxonomy":"peak_consumption","embeddable":true,"href":"https:\/\/www.bravilor.com\/de\/wp-json\/wp\/v2\/peak_consumption?post=506342"},{"taxonomy":"water_connection","embeddable":true,"href":"https:\/\/www.bravilor.com\/de\/wp-json\/wp\/v2\/water_connection?post=506342"},{"taxonomy":"choice_of_beverages","embeddable":true,"href":"https:\/\/www.bravilor.com\/de\/wp-json\/wp\/v2\/choice_of_beverages?post=506342"},{"taxonomy":"milk_function","embeddable":true,"href":"https:\/\/www.bravilor.com\/de\/wp-json\/wp\/v2\/milk_function?post=506342"},{"taxonomy":"configuration_comparison","embeddable":true,"href":"https:\/\/www.bravilor.com\/de\/wp-json\/wp\/v2\/configuration_comparison?post=506342"}],"curies":[{"name":"wp","href":"https:\/\/api.w.org\/{rel}","templated":true}]}}