{"id":853105,"date":"2025-11-17T15:06:24","date_gmt":"2025-11-17T15:06:24","guid":{"rendered":"https:\/\/www.bravilor.com\/products\/bolero-32-cs\/"},"modified":"2026-04-03T13:29:30","modified_gmt":"2026-04-03T13:29:30","slug":"bolero-32-cs","status":"publish","type":"product","link":"https:\/\/www.bravilor.com\/de\/products\/instant-and-liquid-machines-de\/bolero-32-cs\/","title":{"rendered":"Bolero 32 CS"},"content":{"rendered":"","protected":false},"excerpt":{"rendered":"","protected":false},"featured_media":0,"template":"","product_category":[1783,1796,1809],"product_family":[1293],"recommended_usage":[3337,3376,3415],"user_amount":[3649,3688,3727],"ingredient":[254],"peak_consumption":[571],"water_connection":[2960],"choice_of_beverages":[1059,4018,1085,1046,1033,992,829,842,855,868,914,927,940,953,1020],"milk_function":[],"configuration_comparison":[],"class_list":["post-853105","product","type-product","status-publish","hentry","product_category-instant-and-liquid-machines-de","product_category-machines-for-instant-ingredients-de","product_category-bolero-de","product_family-instant-machines-de","recommended_usage-up-to-120-de","recommended_usage-up-to-140-de","recommended_usage-up-to-160-de","user_amount-20-40-users-de","user_amount-20-50-users-de","user_amount-35-60-users-de","ingredient-instant-ingredients-de","peak_consumption-yes-de","water_connection-yes-de","choice_of_beverages-latte-macchiato-de","choice_of_beverages-coffee-with-milk-de","choice_of_beverages-moccachino-de","choice_of_beverages-hot-water-de","choice_of_beverages-hot-chocolate-deluxe-de","choice_of_beverages-espressochoc-de","choice_of_beverages-cafe-au-lait-de","choice_of_beverages-cappuccino-de","choice_of_beverages-cappuccino-dark-de","choice_of_beverages-coffee-de","choice_of_beverages-crema-coffee-de","choice_of_beverages-double-espresso-de","choice_of_beverages-espreschoc-de","choice_of_beverages-espresso-de","choice_of_beverages-hot-chocolate-de"],"acf":[],"yoast_head":"<!-- This site is optimized with the Yoast SEO plugin v26.3 - https:\/\/yoast.com\/wordpress\/plugins\/seo\/ -->\n<title>Bolero 32 CS - Bravilor Bonamat<\/title>\n<meta name=\"description\" content=\"Entdecken Sie Bolero 32 CS bei Bravilor Bonamat! Erfahren Sie mehr \u00fcber Bolero 32 CS und kontaktieren Sie uns f\u00fcr professionelle Beratung und Kaufm\u00f6glichkeiten.\" \/>\n<meta name=\"robots\" content=\"index, follow, max-snippet:-1, max-image-preview:large, max-video-preview:-1\" \/>\n<link rel=\"canonical\" href=\"https:\/\/www.bravilor.com\/de\/products\/instant-and-liquid-machines-de\/bolero-32-cs\/\" \/>\n<meta property=\"og:locale\" content=\"de_DE\" \/>\n<meta property=\"og:type\" content=\"article\" \/>\n<meta property=\"og:title\" content=\"Bolero 32 CS - Bravilor Bonamat\" \/>\n<meta property=\"og:description\" content=\"Entdecken Sie Bolero 32 CS bei Bravilor Bonamat! Erfahren Sie mehr \u00fcber Bolero 32 CS und kontaktieren Sie uns f\u00fcr professionelle Beratung und Kaufm\u00f6glichkeiten.\" \/>\n<meta property=\"og:url\" content=\"https:\/\/www.bravilor.com\/de\/products\/instant-and-liquid-machines-de\/bolero-32-cs\/\" \/>\n<meta property=\"og:site_name\" content=\"Bravilor Bonamat\" \/>\n<meta property=\"article:publisher\" content=\"https:\/\/www.facebook.com\/bravilor.bonamat.bv\" \/>\n<meta property=\"article:modified_time\" content=\"2026-04-03T13:29:30+00:00\" \/>\n<meta name=\"twitter:card\" content=\"summary_large_image\" \/>\n<script type=\"application\/ld+json\" class=\"yoast-schema-graph\">{\"@context\":\"https:\/\/schema.org\",\"@graph\":[{\"@type\":\"WebPage\",\"@id\":\"https:\/\/www.bravilor.com\/de\/products\/instant-and-liquid-machines-de\/bolero-32-cs\/\",\"url\":\"https:\/\/www.bravilor.com\/de\/products\/instant-and-liquid-machines-de\/bolero-32-cs\/\",\"name\":\"Bolero 32 CS - Bravilor Bonamat\",\"isPartOf\":{\"@id\":\"https:\/\/www.bravilor.com\/de\/#website\"},\"datePublished\":\"2025-11-17T15:06:24+00:00\",\"dateModified\":\"2026-04-03T13:29:30+00:00\",\"description\":\"Entdecken Sie Bolero 32 CS bei Bravilor Bonamat! Erfahren Sie mehr \u00fcber Bolero 32 CS und kontaktieren Sie uns f\u00fcr professionelle Beratung und Kaufm\u00f6glichkeiten.\",\"inLanguage\":\"de-DE\",\"potentialAction\":[{\"@type\":\"ReadAction\",\"target\":[\"https:\/\/www.bravilor.com\/de\/products\/instant-and-liquid-machines-de\/bolero-32-cs\/\"]}]},{\"@type\":\"WebSite\",\"@id\":\"https:\/\/www.bravilor.com\/de\/#website\",\"url\":\"https:\/\/www.bravilor.com\/de\/\",\"name\":\"Bravilor Bonamat\",\"description\":\"Professional coffee machines and hot water dispensers\",\"publisher\":{\"@id\":\"https:\/\/www.bravilor.com\/de\/#organization\"},\"potentialAction\":[{\"@type\":\"SearchAction\",\"target\":{\"@type\":\"EntryPoint\",\"urlTemplate\":\"https:\/\/www.bravilor.com\/de\/?s={search_term_string}\"},\"query-input\":{\"@type\":\"PropertyValueSpecification\",\"valueRequired\":true,\"valueName\":\"search_term_string\"}}],\"inLanguage\":\"de-DE\"},{\"@type\":\"Organization\",\"@id\":\"https:\/\/www.bravilor.com\/de\/#organization\",\"name\":\"Bravilor Bonamat\",\"url\":\"https:\/\/www.bravilor.com\/de\/\",\"logo\":{\"@type\":\"ImageObject\",\"inLanguage\":\"de-DE\",\"@id\":\"https:\/\/www.bravilor.com\/de\/#\/schema\/logo\/image\/\",\"url\":\"https:\/\/www.bravilor.com\/app\/uploads\/2024\/01\/logo.svg\",\"contentUrl\":\"https:\/\/www.bravilor.com\/app\/uploads\/2024\/01\/logo.svg\",\"width\":1,\"height\":1,\"caption\":\"Bravilor Bonamat\"},\"image\":{\"@id\":\"https:\/\/www.bravilor.com\/de\/#\/schema\/logo\/image\/\"},\"sameAs\":[\"https:\/\/www.facebook.com\/bravilor.bonamat.bv\"]}]}<\/script>\n<!-- \/ Yoast SEO plugin. -->","yoast_head_json":{"title":"Bolero 32 CS - Bravilor Bonamat","description":"Entdecken Sie Bolero 32 CS bei Bravilor Bonamat! Erfahren Sie mehr \u00fcber Bolero 32 CS und kontaktieren Sie uns f\u00fcr professionelle Beratung und Kaufm\u00f6glichkeiten.","robots":{"index":"index","follow":"follow","max-snippet":"max-snippet:-1","max-image-preview":"max-image-preview:large","max-video-preview":"max-video-preview:-1"},"canonical":"https:\/\/www.bravilor.com\/de\/products\/instant-and-liquid-machines-de\/bolero-32-cs\/","og_locale":"de_DE","og_type":"article","og_title":"Bolero 32 CS - Bravilor Bonamat","og_description":"Entdecken Sie Bolero 32 CS bei Bravilor Bonamat! Erfahren Sie mehr \u00fcber Bolero 32 CS und kontaktieren Sie uns f\u00fcr professionelle Beratung und Kaufm\u00f6glichkeiten.","og_url":"https:\/\/www.bravilor.com\/de\/products\/instant-and-liquid-machines-de\/bolero-32-cs\/","og_site_name":"Bravilor Bonamat","article_publisher":"https:\/\/www.facebook.com\/bravilor.bonamat.bv","article_modified_time":"2026-04-03T13:29:30+00:00","twitter_card":"summary_large_image","schema":{"@context":"https:\/\/schema.org","@graph":[{"@type":"WebPage","@id":"https:\/\/www.bravilor.com\/de\/products\/instant-and-liquid-machines-de\/bolero-32-cs\/","url":"https:\/\/www.bravilor.com\/de\/products\/instant-and-liquid-machines-de\/bolero-32-cs\/","name":"Bolero 32 CS - Bravilor Bonamat","isPartOf":{"@id":"https:\/\/www.bravilor.com\/de\/#website"},"datePublished":"2025-11-17T15:06:24+00:00","dateModified":"2026-04-03T13:29:30+00:00","description":"Entdecken Sie Bolero 32 CS bei Bravilor Bonamat! Erfahren Sie mehr \u00fcber Bolero 32 CS und kontaktieren Sie uns f\u00fcr professionelle Beratung und Kaufm\u00f6glichkeiten.","inLanguage":"de-DE","potentialAction":[{"@type":"ReadAction","target":["https:\/\/www.bravilor.com\/de\/products\/instant-and-liquid-machines-de\/bolero-32-cs\/"]}]},{"@type":"WebSite","@id":"https:\/\/www.bravilor.com\/de\/#website","url":"https:\/\/www.bravilor.com\/de\/","name":"Bravilor Bonamat","description":"Professional coffee machines and hot water dispensers","publisher":{"@id":"https:\/\/www.bravilor.com\/de\/#organization"},"potentialAction":[{"@type":"SearchAction","target":{"@type":"EntryPoint","urlTemplate":"https:\/\/www.bravilor.com\/de\/?s={search_term_string}"},"query-input":{"@type":"PropertyValueSpecification","valueRequired":true,"valueName":"search_term_string"}}],"inLanguage":"de-DE"},{"@type":"Organization","@id":"https:\/\/www.bravilor.com\/de\/#organization","name":"Bravilor Bonamat","url":"https:\/\/www.bravilor.com\/de\/","logo":{"@type":"ImageObject","inLanguage":"de-DE","@id":"https:\/\/www.bravilor.com\/de\/#\/schema\/logo\/image\/","url":"https:\/\/www.bravilor.com\/app\/uploads\/2024\/01\/logo.svg","contentUrl":"https:\/\/www.bravilor.com\/app\/uploads\/2024\/01\/logo.svg","width":1,"height":1,"caption":"Bravilor Bonamat"},"image":{"@id":"https:\/\/www.bravilor.com\/de\/#\/schema\/logo\/image\/"},"sameAs":["https:\/\/www.facebook.com\/bravilor.bonamat.bv"]}]}},"_links":{"self":[{"href":"https:\/\/www.bravilor.com\/de\/wp-json\/wp\/v2\/product\/853105","targetHints":{"allow":["GET"]}}],"collection":[{"href":"https:\/\/www.bravilor.com\/de\/wp-json\/wp\/v2\/product"}],"about":[{"href":"https:\/\/www.bravilor.com\/de\/wp-json\/wp\/v2\/types\/product"}],"wp:attachment":[{"href":"https:\/\/www.bravilor.com\/de\/wp-json\/wp\/v2\/media?parent=853105"}],"wp:term":[{"taxonomy":"product_category","embeddable":true,"href":"https:\/\/www.bravilor.com\/de\/wp-json\/wp\/v2\/product_category?post=853105"},{"taxonomy":"product_family","embeddable":true,"href":"https:\/\/www.bravilor.com\/de\/wp-json\/wp\/v2\/product_family?post=853105"},{"taxonomy":"recommended_usage","embeddable":true,"href":"https:\/\/www.bravilor.com\/de\/wp-json\/wp\/v2\/recommended_usage?post=853105"},{"taxonomy":"user_amount","embeddable":true,"href":"https:\/\/www.bravilor.com\/de\/wp-json\/wp\/v2\/user_amount?post=853105"},{"taxonomy":"ingredient","embeddable":true,"href":"https:\/\/www.bravilor.com\/de\/wp-json\/wp\/v2\/ingredient?post=853105"},{"taxonomy":"peak_consumption","embeddable":true,"href":"https:\/\/www.bravilor.com\/de\/wp-json\/wp\/v2\/peak_consumption?post=853105"},{"taxonomy":"water_connection","embeddable":true,"href":"https:\/\/www.bravilor.com\/de\/wp-json\/wp\/v2\/water_connection?post=853105"},{"taxonomy":"choice_of_beverages","embeddable":true,"href":"https:\/\/www.bravilor.com\/de\/wp-json\/wp\/v2\/choice_of_beverages?post=853105"},{"taxonomy":"milk_function","embeddable":true,"href":"https:\/\/www.bravilor.com\/de\/wp-json\/wp\/v2\/milk_function?post=853105"},{"taxonomy":"configuration_comparison","embeddable":true,"href":"https:\/\/www.bravilor.com\/de\/wp-json\/wp\/v2\/configuration_comparison?post=853105"}],"curies":[{"name":"wp","href":"https:\/\/api.w.org\/{rel}","templated":true}]}}