{"id":587258,"date":"2023-09-12T14:30:18","date_gmt":"2023-09-12T14:30:18","guid":{"rendered":"https:\/\/bravilor.com\/contact\/"},"modified":"2025-04-11T07:03:57","modified_gmt":"2025-04-11T07:03:57","slug":"contacto","status":"publish","type":"page","link":"https:\/\/www.bravilor.com\/es\/contacto\/","title":{"rendered":"P\u00f3ngase en contacto"},"content":{"rendered":"","protected":false},"excerpt":{"rendered":"","protected":false},"author":1,"featured_media":0,"parent":0,"menu_order":0,"comment_status":"closed","ping_status":"closed","template":"templates\/template-contact.php","meta":{"_acf_changed":false,"footnotes":""},"class_list":["post-587258","page","type-page","status-publish","hentry"],"acf":[],"yoast_head":"<!-- This site is optimized with the Yoast SEO plugin v26.3 - https:\/\/yoast.com\/wordpress\/plugins\/seo\/ -->\n<title>P\u00f3ngase en contacto - Bravilor Bonamat<\/title>\n<meta name=\"description\" content=\"P\u00f3ngase en contacto de es la cafetera ideal para empresas con grandes ambiciones. Un buen caf\u00e9 hace felices a los empleados. Descubre m\u00e1s!\" \/>\n<meta name=\"robots\" content=\"index, follow, max-snippet:-1, max-image-preview:large, max-video-preview:-1\" \/>\n<link rel=\"canonical\" href=\"https:\/\/www.bravilor.com\/es\/contacto\/\" \/>\n<meta property=\"og:locale\" content=\"es_ES\" \/>\n<meta property=\"og:type\" content=\"article\" \/>\n<meta property=\"og:title\" content=\"P\u00f3ngase en contacto - Bravilor Bonamat\" \/>\n<meta property=\"og:description\" content=\"P\u00f3ngase en contacto de es la cafetera ideal para empresas con grandes ambiciones. Un buen caf\u00e9 hace felices a los empleados. Descubre m\u00e1s!\" \/>\n<meta property=\"og:url\" content=\"https:\/\/www.bravilor.com\/es\/contacto\/\" \/>\n<meta property=\"og:site_name\" content=\"Bravilor Bonamat\" \/>\n<meta property=\"article:publisher\" content=\"https:\/\/www.facebook.com\/bravilor.bonamat.bv\" \/>\n<meta property=\"article:modified_time\" content=\"2025-04-11T07:03:57+00:00\" \/>\n<meta name=\"twitter:card\" content=\"summary_large_image\" \/>\n<script type=\"application\/ld+json\" class=\"yoast-schema-graph\">{\"@context\":\"https:\/\/schema.org\",\"@graph\":[{\"@type\":\"WebPage\",\"@id\":\"https:\/\/www.bravilor.com\/es\/contacto\/\",\"url\":\"https:\/\/www.bravilor.com\/es\/contacto\/\",\"name\":\"P\u00f3ngase en contacto - Bravilor Bonamat\",\"isPartOf\":{\"@id\":\"https:\/\/www.bravilor.com\/es\/#website\"},\"datePublished\":\"2023-09-12T14:30:18+00:00\",\"dateModified\":\"2025-04-11T07:03:57+00:00\",\"description\":\"P\u00f3ngase en contacto de es la cafetera ideal para empresas con grandes ambiciones. Un buen caf\u00e9 hace felices a los empleados. Descubre m\u00e1s!\",\"inLanguage\":\"es-ES\",\"potentialAction\":[{\"@type\":\"ReadAction\",\"target\":[\"https:\/\/www.bravilor.com\/es\/contacto\/\"]}]},{\"@type\":\"WebSite\",\"@id\":\"https:\/\/www.bravilor.com\/es\/#website\",\"url\":\"https:\/\/www.bravilor.com\/es\/\",\"name\":\"Bravilor Bonamat\",\"description\":\"Professional coffee machines and hot water dispensers\",\"publisher\":{\"@id\":\"https:\/\/www.bravilor.com\/es\/#organization\"},\"potentialAction\":[{\"@type\":\"SearchAction\",\"target\":{\"@type\":\"EntryPoint\",\"urlTemplate\":\"https:\/\/www.bravilor.com\/es\/?s={search_term_string}\"},\"query-input\":{\"@type\":\"PropertyValueSpecification\",\"valueRequired\":true,\"valueName\":\"search_term_string\"}}],\"inLanguage\":\"es-ES\"},{\"@type\":\"Organization\",\"@id\":\"https:\/\/www.bravilor.com\/es\/#organization\",\"name\":\"Bravilor Bonamat\",\"url\":\"https:\/\/www.bravilor.com\/es\/\",\"logo\":{\"@type\":\"ImageObject\",\"inLanguage\":\"es-ES\",\"@id\":\"https:\/\/www.bravilor.com\/es\/#\/schema\/logo\/image\/\",\"url\":\"https:\/\/www.bravilor.com\/app\/uploads\/2024\/01\/logo.svg\",\"contentUrl\":\"https:\/\/www.bravilor.com\/app\/uploads\/2024\/01\/logo.svg\",\"width\":1,\"height\":1,\"caption\":\"Bravilor Bonamat\"},\"image\":{\"@id\":\"https:\/\/www.bravilor.com\/es\/#\/schema\/logo\/image\/\"},\"sameAs\":[\"https:\/\/www.facebook.com\/bravilor.bonamat.bv\"]}]}<\/script>\n<!-- \/ Yoast SEO plugin. -->","yoast_head_json":{"title":"P\u00f3ngase en contacto - Bravilor Bonamat","description":"P\u00f3ngase en contacto de es la cafetera ideal para empresas con grandes ambiciones. Un buen caf\u00e9 hace felices a los empleados. Descubre m\u00e1s!","robots":{"index":"index","follow":"follow","max-snippet":"max-snippet:-1","max-image-preview":"max-image-preview:large","max-video-preview":"max-video-preview:-1"},"canonical":"https:\/\/www.bravilor.com\/es\/contacto\/","og_locale":"es_ES","og_type":"article","og_title":"P\u00f3ngase en contacto - Bravilor Bonamat","og_description":"P\u00f3ngase en contacto de es la cafetera ideal para empresas con grandes ambiciones. Un buen caf\u00e9 hace felices a los empleados. Descubre m\u00e1s!","og_url":"https:\/\/www.bravilor.com\/es\/contacto\/","og_site_name":"Bravilor Bonamat","article_publisher":"https:\/\/www.facebook.com\/bravilor.bonamat.bv","article_modified_time":"2025-04-11T07:03:57+00:00","twitter_card":"summary_large_image","schema":{"@context":"https:\/\/schema.org","@graph":[{"@type":"WebPage","@id":"https:\/\/www.bravilor.com\/es\/contacto\/","url":"https:\/\/www.bravilor.com\/es\/contacto\/","name":"P\u00f3ngase en contacto - Bravilor Bonamat","isPartOf":{"@id":"https:\/\/www.bravilor.com\/es\/#website"},"datePublished":"2023-09-12T14:30:18+00:00","dateModified":"2025-04-11T07:03:57+00:00","description":"P\u00f3ngase en contacto de es la cafetera ideal para empresas con grandes ambiciones. Un buen caf\u00e9 hace felices a los empleados. Descubre m\u00e1s!","inLanguage":"es-ES","potentialAction":[{"@type":"ReadAction","target":["https:\/\/www.bravilor.com\/es\/contacto\/"]}]},{"@type":"WebSite","@id":"https:\/\/www.bravilor.com\/es\/#website","url":"https:\/\/www.bravilor.com\/es\/","name":"Bravilor Bonamat","description":"Professional coffee machines and hot water dispensers","publisher":{"@id":"https:\/\/www.bravilor.com\/es\/#organization"},"potentialAction":[{"@type":"SearchAction","target":{"@type":"EntryPoint","urlTemplate":"https:\/\/www.bravilor.com\/es\/?s={search_term_string}"},"query-input":{"@type":"PropertyValueSpecification","valueRequired":true,"valueName":"search_term_string"}}],"inLanguage":"es-ES"},{"@type":"Organization","@id":"https:\/\/www.bravilor.com\/es\/#organization","name":"Bravilor Bonamat","url":"https:\/\/www.bravilor.com\/es\/","logo":{"@type":"ImageObject","inLanguage":"es-ES","@id":"https:\/\/www.bravilor.com\/es\/#\/schema\/logo\/image\/","url":"https:\/\/www.bravilor.com\/app\/uploads\/2024\/01\/logo.svg","contentUrl":"https:\/\/www.bravilor.com\/app\/uploads\/2024\/01\/logo.svg","width":1,"height":1,"caption":"Bravilor Bonamat"},"image":{"@id":"https:\/\/www.bravilor.com\/es\/#\/schema\/logo\/image\/"},"sameAs":["https:\/\/www.facebook.com\/bravilor.bonamat.bv"]}]}},"_links":{"self":[{"href":"https:\/\/www.bravilor.com\/es\/wp-json\/wp\/v2\/pages\/587258","targetHints":{"allow":["GET"]}}],"collection":[{"href":"https:\/\/www.bravilor.com\/es\/wp-json\/wp\/v2\/pages"}],"about":[{"href":"https:\/\/www.bravilor.com\/es\/wp-json\/wp\/v2\/types\/page"}],"author":[{"embeddable":true,"href":"https:\/\/www.bravilor.com\/es\/wp-json\/wp\/v2\/users\/1"}],"replies":[{"embeddable":true,"href":"https:\/\/www.bravilor.com\/es\/wp-json\/wp\/v2\/comments?post=587258"}],"version-history":[{"count":8,"href":"https:\/\/www.bravilor.com\/es\/wp-json\/wp\/v2\/pages\/587258\/revisions"}],"predecessor-version":[{"id":838564,"href":"https:\/\/www.bravilor.com\/es\/wp-json\/wp\/v2\/pages\/587258\/revisions\/838564"}],"wp:attachment":[{"href":"https:\/\/www.bravilor.com\/es\/wp-json\/wp\/v2\/media?parent=587258"}],"curies":[{"name":"wp","href":"https:\/\/api.w.org\/{rel}","templated":true}]}}