{"id":595004,"date":"2023-08-30T08:41:48","date_gmt":"2023-08-30T08:41:48","guid":{"rendered":"https:\/\/bravilor.com\/general-purchase-conditions\/"},"modified":"2024-04-11T10:06:36","modified_gmt":"2024-04-11T10:06:36","slug":"condiciones-generales-de-compra","status":"publish","type":"page","link":"https:\/\/www.bravilor.com\/es\/condiciones-generales-de-compra\/","title":{"rendered":"Condiciones generales de compra"},"content":{"rendered":"\n<p class=\"has-medium-font-size\">Bravilor Bonamat BV &#8211; Condiciones generales de compra<\/p>\n\n\n\n<p class=\"has-medium-font-size\"><strong>Aplicabilidad<\/strong><\/p>\n\n\n\n<p>Las presentes Condiciones Generales de Compra se aplican a todas las ofertas y suministros a Bravilor Bonamat BV (en adelante BRAVILOR) y s\u00f3lo estas Condiciones Generales de Compra se aplican a todos los acuerdos al respecto. Salvo acuerdo en contrario, se considerar\u00e1 que el Proveedor ha aceptado estas condiciones, incluso si las condiciones del Proveedor difieren.<\/p>\n\n\n\n<p class=\"has-medium-font-size\"><strong>Ofertas<\/strong><\/p>\n\n\n\n<p class=\"has-medium-font-size\">Ninguna oferta o confirmaci\u00f3n de pedido de suministro o de pedido en BRAVILOR ser\u00e1 vinculante para BRAVILOR si no ha sido aceptada por BRAVILOR por escrito.<\/p>\n\n\n\n<p class=\"has-medium-font-size\"><strong>Precios<\/strong><\/p>\n\n\n\n<p class=\"has-medium-font-size\">Salvo acuerdo en contrario, un precio confirmado como aceptado por BRAVILOR es un precio firme y el Proveedor no puede exigir ninguna compensaci\u00f3n por el aumento de los costes. BRAVILOR s\u00f3lo podr\u00e1 facturar aumentos de precio en relaci\u00f3n con entregas adicionales o por el motivo que fuere si \u00e9stos han sido aceptados previamente por escrito por BRAVILOR.<\/p>\n\n\n\n<p class=\"has-medium-font-size\"><strong>Pago<\/strong><\/p>\n\n\n\n<p class=\"has-medium-font-size\">El pago se realizar\u00e1 60 d\u00edas despu\u00e9s de la fecha de la factura, que no ser\u00e1 anterior a la fecha del albar\u00e1n o conocimiento de embarque. Si el pago se realiza en un plazo de 30 d\u00edas, se descontar\u00e1 un 2% de la factura.<\/p>\n\n\n\n<p class=\"has-medium-font-size\"><strong>Calidad<\/strong><\/p>\n\n\n\n<p class=\"has-medium-font-size\">Si los bienes suministrados no se ajustan a lo convenido en todos los aspectos, por ejemplo, en lo que respecta a la cantidad, las dimensiones, el peso, las propiedades, las normas y los accesorios, BRAVILOR tendr\u00e1 derecho, sin m\u00e1s aviso de incumplimiento ni intervenci\u00f3n judicial, a rescindir el contrato y a devolver los bienes, sin perjuicio de la obligaci\u00f3n del Proveedor de devolver el precio de compra, en cualquier momento posterior al descubrimiento -y sin que sea posible oponer a BRAVILOR ninguna objeci\u00f3n basada en que podr\u00eda o deber\u00eda haber descubierto antes lo que descubri\u00f3 o en que deber\u00eda haber protestado o ejercido antes sus derechos-, todo ello sin perjuicio de los dem\u00e1s derechos que asisten a BRAVILOR, incluidos los derechos de sustituci\u00f3n, reparaci\u00f3n e indemnizaci\u00f3n. Ni la recepci\u00f3n de la mercanc\u00eda ni el pago por parte de BRAVILOR implican aceptaci\u00f3n. Todos los embalajes y materiales de los bienes a suministrar deber\u00e1n cumplir en todos sus aspectos la normativa medioambiental vigente en el momento del suministro. Las mercanc\u00edas devueltas y\/o rechazadas se facturar\u00e1n al proveedor por el mismo valor por el que se compraron en primer lugar, incluidos los gastos de transporte. Si BRAVILOR lo solicita, el proveedor proporcionar\u00e1 un informe 8D relativo a las devoluciones y\/o a los fallos del producto.<\/p>\n\n\n\n<p class=\"has-medium-font-size\"><strong>Responsabilidad<\/strong><\/p>\n\n\n\n<p class=\"has-medium-font-size\">Sin perjuicio de lo dispuesto en el tema CALIDAD, en caso de que los bienes suministrados en cualquier aspecto resulten no ser sanos o no totalmente conformes con el contrato, el Proveedor estar\u00e1 obligado en todo momento -es decir, sin que el Proveedor pueda alegar que BRAVILOR deber\u00eda haberlo descubierto antes y haber podido reclamar antes- a indemnizar todos los da\u00f1os y perjuicios sufridos por BRAVILOR, sus empleados y\/o terceros que de alg\u00fan modo puedan relacionarse con ello.<\/p>\n\n\n\n<p class=\"has-medium-font-size\"><strong>Garant\u00eda<\/strong><\/p>\n\n\n\n<p class=\"has-medium-font-size\">El Proveedor garantiza la solidez y la conformidad con el acuerdo de todos los bienes suministrados. Las mercanc\u00edas que no cumplan este acuerdo seguir\u00e1n el procedimiento habitual de devoluci\u00f3n y\/o rechazo.<\/p>\n\n\n\n<p class=\"has-medium-font-size\"><strong>Especificaciones<\/strong><\/p>\n\n\n\n<p class=\"has-medium-font-size\">No est\u00e1 permitido cambiar las especificaciones de ning\u00fan producto\/componente suministrado a menos que exista un acuerdo mutuo por escrito.<\/p>\n\n\n\n<p class=\"has-medium-font-size\"><strong>Inspecciones<\/strong><\/p>\n\n\n\n<p class=\"has-medium-font-size\">BRAVILOR o uno de sus representantes est\u00e1 autorizado a realizar inspecciones y\/o auditor\u00edas previas al env\u00edo en las instalaciones del proveedor. Si se rechaza el env\u00edo, todos los costes derivados de este procedimiento de inspecci\u00f3n previa al env\u00edo correr\u00e1n a cargo del proveedor. BRAVILOR o uno de sus representantes tambi\u00e9n pueden realizar auditor\u00edas de procesos relacionados con la calidad del producto.<\/p>\n\n\n\n<p class=\"has-medium-font-size\"><strong>Plazo de entrega<\/strong><\/p>\n\n\n\n<p class=\"has-medium-font-size\">En caso de incumplimiento por parte del Proveedor del plazo de entrega acordado, BRAVILOR tendr\u00e1 derecho, sin m\u00e1s aviso de incumplimiento ni intervenci\u00f3n judicial y sin perjuicio de sus dem\u00e1s derechos, a disolver total o parcialmente la compra, sin que por ello est\u00e9 obligada a pagar indemnizaci\u00f3n alguna.<\/p>\n\n\n\n<p class=\"has-medium-font-size\"><strong>Lugares de entrega<\/strong><\/p>\n\n\n\n<p class=\"has-medium-font-size\">Salvo acuerdo en contrario, la entrega se efectuar\u00e1 en la sede de Bravilor Bonamat Ib\u00e9rica SL.<\/p>\n\n\n\n<p class=\"has-medium-font-size\"><strong>Embalaje<\/strong><\/p>\n\n\n\n<p class=\"has-medium-font-size\">Las mercanc\u00edas suministradas se embalar\u00e1n adecuadamente para que sea posible transportarlas y recibirlas en buen estado.<\/p>\n\n\n\n<p class=\"has-medium-font-size\"><strong>Transferencia de titularidad y riesgo<\/strong><\/p>\n\n\n\n<p class=\"has-medium-font-size\">La transmisi\u00f3n de la propiedad de los bienes suministrados y la transferencia del riesgo de los bienes adquiridos se produce en el momento en que BRAVILOR recibe los bienes. En caso de rechazo, el riesgo de la mercanc\u00eda en cuesti\u00f3n recae de nuevo en el Proveedor a partir de la fecha de env\u00edo de la notificaci\u00f3n de rechazo al Proveedor. En caso de que el pago se realice antes de recibir la mercanc\u00eda, la titularidad se transferir\u00e1 una vez que el proveedor haya recibido el pago.<\/p>\n\n\n\n<p class=\"has-medium-font-size\"><strong>Propiedad industrial e intelectual<\/strong><\/p>\n\n\n\n<p class=\"has-medium-font-size\">El Proveedor garantiza que los bienes suministrados no infringen derechos de propiedad industrial o intelectual de terceros e indemniza a BRAVILOR por todas las reclamaciones que se le formulen a este respecto. La propiedad industrial e intelectual surgida en el proveedor mientras trabajaba para BRAVILOR ser\u00e1 transferida en t\u00edtulo a BRAVILOR previa solicitud. Los gastos derivados de la transferencia de los derechos de ambas propiedades correr\u00e1n a cargo del proveedor.<\/p>\n\n\n\n<p class=\"has-medium-font-size\"><strong>Confidencialidad<\/strong><\/p>\n\n\n\n<p class=\"has-medium-font-size\">El Proveedor est\u00e1 obligado a tratar de forma confidencial toda la informaci\u00f3n obtenida en virtud de un acuerdo con BRAVILOR. El Proveedor no pondr\u00e1 esta informaci\u00f3n a disposici\u00f3n de terceros y\/o empleados, salvo en la medida en que sea necesario para la ejecuci\u00f3n de un contrato y previa aceptaci\u00f3n por parte de este tercero\/estos terceros y\/o empleados del correspondiente compromiso de confidencialidad.<\/p>\n\n\n\n<p class=\"has-medium-font-size\"><strong>Mercanc\u00edas disponibles<\/strong><\/p>\n\n\n\n<p class=\"has-medium-font-size\">Todos los bienes que BRAVILOR ponga a disposici\u00f3n del Proveedor, tales como modelos, estampas, matrices, plantillas, moldes, calibres, planos, incluidos todos los derechos de propiedad intelectual e industrial que les correspondan, seguir\u00e1n siendo propiedad de BRAVILOR. Todos estos elementos deber\u00e1n ser devueltos inmediatamente a BRAVILOR a primera demanda de \u00e9sta. El Proveedor no est\u00e1 autorizado a utilizar, hacer utilizar o permitir que se utilicen los bienes, salvo con el consentimiento por escrito de BRAVILOR. Los da\u00f1os causados a los bienes puestos a disposici\u00f3n por BRAVILOR correr\u00e1n a cargo del Proveedor.<\/p>\n\n\n\n<p class=\"has-medium-font-size\"><strong>Obligaciones adicionales<\/strong><\/p>\n\n\n\n<p class=\"has-medium-font-size\">Todos los modelos, estampas, matrices, plantillas, moldes, calibres, dibujos u otros medios auxiliares adquiridos o producidos por el Proveedor para la ejecuci\u00f3n de un contrato con BRAVILOR deber\u00e1n ser suministrados previamente a BRAVILOR por el Proveedor en el momento en que entren en vigor las presentes Condiciones Generales de Compra entre BRAVILOR y el Proveedor y, en el momento de su adquisici\u00f3n o producci\u00f3n, ser\u00e1n inmediatamente puestos a disposici\u00f3n de BRAVILOR por el Proveedor. Todos los derechos de propiedad intelectual e industrial correspondientes a dichos art\u00edculos pertenecer\u00e1n a BRAVILOR y, en la medida en que sea necesario, ser\u00e1n transferidos a BRAVILOR inmediatamente despu\u00e9s de su adquisici\u00f3n. BRAVILOR reembolsar\u00e1 al Proveedor el precio acordado entre BRAVILOR y el Proveedor por los bienes descritos anteriormente que el Proveedor haya obtenido de terceros, una vez que el Proveedor haya presentado a BRAVILOR la prueba de que ha pagado el importe adeudado al tercero y de que ha adquirido el derecho de posesi\u00f3n de dichos bienes. El Proveedor se\u00f1alar\u00e1 claramente estos bienes como propiedad de BRAVILOR y remitir\u00e1 a los terceros que deseen ejercer derechos sobre ellos a los derechos de propiedad de BRAVILOR. El Proveedor est\u00e1 obligado a informar de ello a BRAVILOR sin demora. El Proveedor no podr\u00e1 utilizar, ni hacer que se utilicen, ni permitir que sean utilizados por terceros, salvo con el consentimiento previo y por escrito de BRAVILOR. El proveedor se compromete a realizar un mantenimiento adecuado de todas las herramientas para optimizar la calidad de la producci\u00f3n y la vida \u00fatil de las herramientas.<\/p>\n\n\n\n<p class=\"has-medium-font-size\"><strong>Terceros<\/strong><\/p>\n\n\n\n<p class=\"has-medium-font-size\">Si el Proveedor realiza trabajos por encargo de BRAVILOR en edificios o solares de terceros, se considerar\u00e1 que el Proveedor conoce las obligaciones contractuales de BRAVILOR frente a dichos terceros. Salvo que se acuerde otra cosa, estas obligaciones se aplicar\u00e1n en consecuencia para el Proveedor. El personal empleado por el Proveedor trabaja por cuenta y riesgo del Proveedor y bajo su responsabilidad. Si el Proveedor o su personal dejan de ser admitidos en los edificios o en las instalaciones de terceros por incumplimiento de las condiciones contractuales entre BRAVILOR y terceros, ello no exime al Proveedor de estas obligaciones.<\/p>\n\n\n\n<p class=\"has-medium-font-size\"><strong>Sin subcontrataci\u00f3n<\/strong><\/p>\n\n\n\n<p class=\"has-medium-font-size\">El Proveedor est\u00e1 obligado a cumplir el contrato por s\u00ed mismo.<\/p>\n\n\n\n<p class=\"has-medium-font-size\"><strong>Plazo del contrato<\/strong><\/p>\n\n\n\n<p class=\"has-medium-font-size\">Todo contrato escrito entre BRAVILOR y el proveedor tendr\u00e1 vigencia hasta que una o ambas partes declaren por escrito que el contrato ha dejado de ser vinculante. A menos que ambas partes acuerden lo contrario, el contrato seguir\u00e1 siendo v\u00e1lido durante 3 meses tras la finalizaci\u00f3n de ese contrato espec\u00edfico.<\/p>\n\n\n\n<p class=\"has-medium-font-size\"><strong>Servicio<\/strong><\/p>\n\n\n\n<p class=\"has-medium-font-size\">El proveedor suministrar\u00e1 piezas de repuesto durante un periodo de 5 a\u00f1os tras la finalizaci\u00f3n del producto o la finalizaci\u00f3n de este contrato. Las piezas de recambio se definen como cualquier pieza que se compre al proveedor con una frecuencia superior a 50 unidades al a\u00f1o.<\/p>\n\n\n\n<p class=\"has-medium-font-size\"><strong>Disputas<\/strong><\/p>\n\n\n\n<p class=\"has-medium-font-size\">Todos los acuerdos entre BRAVILOR y el Proveedor se regir\u00e1n por la legislaci\u00f3n de los Pa\u00edses Bajos. Todos los litigios entre BRAVILOR y el Proveedor se someter\u00e1n exclusivamente al tribunal competente de \u00c1msterdam.<\/p>\n","protected":false},"excerpt":{"rendered":"<p>Bravilor Bonamat BV &#8211; Condiciones generales de compra Aplicabilidad Las presentes Condiciones Generales de Compra se aplican a todas las ofertas y suministros a Bravilor Bonamat BV (en adelante BRAVILOR) y s\u00f3lo estas Condiciones Generales de Compra se aplican a todos los acuerdos al respecto. Salvo acuerdo en contrario, se considerar\u00e1 que el Proveedor ha [&hellip;]<\/p>\n","protected":false},"author":1,"featured_media":0,"parent":0,"menu_order":0,"comment_status":"closed","ping_status":"closed","template":"","meta":{"_acf_changed":false,"footnotes":""},"class_list":["post-595004","page","type-page","status-publish","hentry"],"acf":[],"yoast_head":"<!-- This site is optimized with the Yoast SEO plugin v26.3 - https:\/\/yoast.com\/wordpress\/plugins\/seo\/ -->\n<title>Condiciones generales de compra - Bravilor Bonamat<\/title>\n<meta name=\"description\" content=\"Condiciones generales de compra de es la cafetera ideal para empresas con grandes ambiciones. Un buen caf\u00e9 hace felices a los empleados. Descubre m\u00e1s!\" \/>\n<meta name=\"robots\" content=\"index, follow, max-snippet:-1, max-image-preview:large, max-video-preview:-1\" \/>\n<link rel=\"canonical\" href=\"https:\/\/www.bravilor.com\/es\/condiciones-generales-de-compra\/\" \/>\n<meta property=\"og:locale\" content=\"es_ES\" \/>\n<meta property=\"og:type\" content=\"article\" \/>\n<meta property=\"og:title\" content=\"Condiciones generales de compra - Bravilor Bonamat\" \/>\n<meta property=\"og:description\" content=\"Condiciones generales de compra de es la cafetera ideal para empresas con grandes ambiciones. Un buen caf\u00e9 hace felices a los empleados. Descubre m\u00e1s!\" \/>\n<meta property=\"og:url\" content=\"https:\/\/www.bravilor.com\/es\/condiciones-generales-de-compra\/\" \/>\n<meta property=\"og:site_name\" content=\"Bravilor Bonamat\" \/>\n<meta property=\"article:publisher\" content=\"https:\/\/www.facebook.com\/bravilor.bonamat.bv\" \/>\n<meta property=\"article:modified_time\" content=\"2024-04-11T10:06:36+00:00\" \/>\n<meta name=\"twitter:card\" content=\"summary_large_image\" \/>\n<meta name=\"twitter:label1\" content=\"Est. reading time\" \/>\n\t<meta name=\"twitter:data1\" content=\"7 minutes\" \/>\n<script type=\"application\/ld+json\" class=\"yoast-schema-graph\">{\"@context\":\"https:\/\/schema.org\",\"@graph\":[{\"@type\":\"WebPage\",\"@id\":\"https:\/\/www.bravilor.com\/es\/condiciones-generales-de-compra\/\",\"url\":\"https:\/\/www.bravilor.com\/es\/condiciones-generales-de-compra\/\",\"name\":\"Condiciones generales de compra - Bravilor Bonamat\",\"isPartOf\":{\"@id\":\"https:\/\/www.bravilor.com\/es\/#website\"},\"datePublished\":\"2023-08-30T08:41:48+00:00\",\"dateModified\":\"2024-04-11T10:06:36+00:00\",\"description\":\"Condiciones generales de compra de es la cafetera ideal para empresas con grandes ambiciones. Un buen caf\u00e9 hace felices a los empleados. Descubre m\u00e1s!\",\"inLanguage\":\"es-ES\",\"potentialAction\":[{\"@type\":\"ReadAction\",\"target\":[\"https:\/\/www.bravilor.com\/es\/condiciones-generales-de-compra\/\"]}]},{\"@type\":\"WebSite\",\"@id\":\"https:\/\/www.bravilor.com\/es\/#website\",\"url\":\"https:\/\/www.bravilor.com\/es\/\",\"name\":\"Bravilor Bonamat\",\"description\":\"Professional coffee machines and hot water dispensers\",\"publisher\":{\"@id\":\"https:\/\/www.bravilor.com\/es\/#organization\"},\"potentialAction\":[{\"@type\":\"SearchAction\",\"target\":{\"@type\":\"EntryPoint\",\"urlTemplate\":\"https:\/\/www.bravilor.com\/es\/?s={search_term_string}\"},\"query-input\":{\"@type\":\"PropertyValueSpecification\",\"valueRequired\":true,\"valueName\":\"search_term_string\"}}],\"inLanguage\":\"es-ES\"},{\"@type\":\"Organization\",\"@id\":\"https:\/\/www.bravilor.com\/es\/#organization\",\"name\":\"Bravilor Bonamat\",\"url\":\"https:\/\/www.bravilor.com\/es\/\",\"logo\":{\"@type\":\"ImageObject\",\"inLanguage\":\"es-ES\",\"@id\":\"https:\/\/www.bravilor.com\/es\/#\/schema\/logo\/image\/\",\"url\":\"https:\/\/www.bravilor.com\/app\/uploads\/2024\/01\/logo.svg\",\"contentUrl\":\"https:\/\/www.bravilor.com\/app\/uploads\/2024\/01\/logo.svg\",\"width\":1,\"height\":1,\"caption\":\"Bravilor Bonamat\"},\"image\":{\"@id\":\"https:\/\/www.bravilor.com\/es\/#\/schema\/logo\/image\/\"},\"sameAs\":[\"https:\/\/www.facebook.com\/bravilor.bonamat.bv\"]}]}<\/script>\n<!-- \/ Yoast SEO plugin. -->","yoast_head_json":{"title":"Condiciones generales de compra - Bravilor Bonamat","description":"Condiciones generales de compra de es la cafetera ideal para empresas con grandes ambiciones. Un buen caf\u00e9 hace felices a los empleados. Descubre m\u00e1s!","robots":{"index":"index","follow":"follow","max-snippet":"max-snippet:-1","max-image-preview":"max-image-preview:large","max-video-preview":"max-video-preview:-1"},"canonical":"https:\/\/www.bravilor.com\/es\/condiciones-generales-de-compra\/","og_locale":"es_ES","og_type":"article","og_title":"Condiciones generales de compra - Bravilor Bonamat","og_description":"Condiciones generales de compra de es la cafetera ideal para empresas con grandes ambiciones. Un buen caf\u00e9 hace felices a los empleados. Descubre m\u00e1s!","og_url":"https:\/\/www.bravilor.com\/es\/condiciones-generales-de-compra\/","og_site_name":"Bravilor Bonamat","article_publisher":"https:\/\/www.facebook.com\/bravilor.bonamat.bv","article_modified_time":"2024-04-11T10:06:36+00:00","twitter_card":"summary_large_image","twitter_misc":{"Est. reading time":"7 minutes"},"schema":{"@context":"https:\/\/schema.org","@graph":[{"@type":"WebPage","@id":"https:\/\/www.bravilor.com\/es\/condiciones-generales-de-compra\/","url":"https:\/\/www.bravilor.com\/es\/condiciones-generales-de-compra\/","name":"Condiciones generales de compra - Bravilor Bonamat","isPartOf":{"@id":"https:\/\/www.bravilor.com\/es\/#website"},"datePublished":"2023-08-30T08:41:48+00:00","dateModified":"2024-04-11T10:06:36+00:00","description":"Condiciones generales de compra de es la cafetera ideal para empresas con grandes ambiciones. Un buen caf\u00e9 hace felices a los empleados. Descubre m\u00e1s!","inLanguage":"es-ES","potentialAction":[{"@type":"ReadAction","target":["https:\/\/www.bravilor.com\/es\/condiciones-generales-de-compra\/"]}]},{"@type":"WebSite","@id":"https:\/\/www.bravilor.com\/es\/#website","url":"https:\/\/www.bravilor.com\/es\/","name":"Bravilor Bonamat","description":"Professional coffee machines and hot water dispensers","publisher":{"@id":"https:\/\/www.bravilor.com\/es\/#organization"},"potentialAction":[{"@type":"SearchAction","target":{"@type":"EntryPoint","urlTemplate":"https:\/\/www.bravilor.com\/es\/?s={search_term_string}"},"query-input":{"@type":"PropertyValueSpecification","valueRequired":true,"valueName":"search_term_string"}}],"inLanguage":"es-ES"},{"@type":"Organization","@id":"https:\/\/www.bravilor.com\/es\/#organization","name":"Bravilor Bonamat","url":"https:\/\/www.bravilor.com\/es\/","logo":{"@type":"ImageObject","inLanguage":"es-ES","@id":"https:\/\/www.bravilor.com\/es\/#\/schema\/logo\/image\/","url":"https:\/\/www.bravilor.com\/app\/uploads\/2024\/01\/logo.svg","contentUrl":"https:\/\/www.bravilor.com\/app\/uploads\/2024\/01\/logo.svg","width":1,"height":1,"caption":"Bravilor Bonamat"},"image":{"@id":"https:\/\/www.bravilor.com\/es\/#\/schema\/logo\/image\/"},"sameAs":["https:\/\/www.facebook.com\/bravilor.bonamat.bv"]}]}},"_links":{"self":[{"href":"https:\/\/www.bravilor.com\/es\/wp-json\/wp\/v2\/pages\/595004","targetHints":{"allow":["GET"]}}],"collection":[{"href":"https:\/\/www.bravilor.com\/es\/wp-json\/wp\/v2\/pages"}],"about":[{"href":"https:\/\/www.bravilor.com\/es\/wp-json\/wp\/v2\/types\/page"}],"author":[{"embeddable":true,"href":"https:\/\/www.bravilor.com\/es\/wp-json\/wp\/v2\/users\/1"}],"replies":[{"embeddable":true,"href":"https:\/\/www.bravilor.com\/es\/wp-json\/wp\/v2\/comments?post=595004"}],"version-history":[{"count":3,"href":"https:\/\/www.bravilor.com\/es\/wp-json\/wp\/v2\/pages\/595004\/revisions"}],"predecessor-version":[{"id":671855,"href":"https:\/\/www.bravilor.com\/es\/wp-json\/wp\/v2\/pages\/595004\/revisions\/671855"}],"wp:attachment":[{"href":"https:\/\/www.bravilor.com\/es\/wp-json\/wp\/v2\/media?parent=595004"}],"curies":[{"name":"wp","href":"https:\/\/api.w.org\/{rel}","templated":true}]}}