{"id":506279,"date":"2023-10-12T17:22:50","date_gmt":"2023-10-12T17:22:50","guid":{"rendered":"https:\/\/bravilor.com\/products\/1-bote-de-100-pastillas-de-12-g\/"},"modified":"2026-04-28T15:53:41","modified_gmt":"2026-04-28T15:53:41","slug":"1-bote-de-100-pastillas-de-12-g","status":"publish","type":"product","link":"https:\/\/www.bravilor.com\/es\/products\/accessories-es\/1-bote-de-100-pastillas-de-12-g\/","title":{"rendered":"Pastillas de lavado para m\u00e1quinas espresso (1 bote de 100 pastillas de 1,2 g)"},"content":{"rendered":"","protected":false},"excerpt":{"rendered":"","protected":false},"featured_media":0,"template":"","product_category":[1982,2047],"product_family":[1128],"recommended_usage":[],"user_amount":[],"ingredient":[],"peak_consumption":[],"water_connection":[],"choice_of_beverages":[],"milk_function":[],"configuration_comparison":[],"class_list":["post-506279","product","type-product","status-publish","hentry","product_category-accessories-es","product_category-descale-and-cleaning-products-es","product_family-accessories-es"],"acf":[],"yoast_head":"<!-- This site is optimized with the Yoast SEO plugin v26.3 - https:\/\/yoast.com\/wordpress\/plugins\/seo\/ -->\n<title>Pastillas de lavado para m\u00e1quinas espresso (1 bote de 100 pastillas de 1,2 g) - Bravilor Bonamat<\/title>\n<meta name=\"description\" content=\"Descubre Pastillas de lavado para m\u00e1quinas espresso (1 bote de 100 pastillas de 1,2 g) en Bravilor Bonamat! Obt\u00e9n m\u00e1s informaci\u00f3n sobre Pastillas de lavado para m\u00e1quinas espresso (1 bote de 100 pastillas de 1,2 g) y cont\u00e1ctanos para asesoramiento profesional y opciones de compra.\" \/>\n<meta name=\"robots\" content=\"index, follow, max-snippet:-1, max-image-preview:large, max-video-preview:-1\" \/>\n<link rel=\"canonical\" href=\"https:\/\/www.bravilor.com\/es\/products\/accessories-es\/1-bote-de-100-pastillas-de-12-g\/\" \/>\n<meta property=\"og:locale\" content=\"es_ES\" \/>\n<meta property=\"og:type\" content=\"article\" \/>\n<meta property=\"og:title\" content=\"Pastillas de lavado para m\u00e1quinas espresso (1 bote de 100 pastillas de 1,2 g) - Bravilor Bonamat\" \/>\n<meta property=\"og:description\" content=\"Descubre Pastillas de lavado para m\u00e1quinas espresso (1 bote de 100 pastillas de 1,2 g) en Bravilor Bonamat! Obt\u00e9n m\u00e1s informaci\u00f3n sobre Pastillas de lavado para m\u00e1quinas espresso (1 bote de 100 pastillas de 1,2 g) y cont\u00e1ctanos para asesoramiento profesional y opciones de compra.\" \/>\n<meta property=\"og:url\" content=\"https:\/\/www.bravilor.com\/es\/products\/accessories-es\/1-bote-de-100-pastillas-de-12-g\/\" \/>\n<meta property=\"og:site_name\" content=\"Bravilor Bonamat\" \/>\n<meta property=\"article:publisher\" content=\"https:\/\/www.facebook.com\/bravilor.bonamat.bv\" \/>\n<meta property=\"article:modified_time\" content=\"2026-04-28T15:53:41+00:00\" \/>\n<meta name=\"twitter:card\" content=\"summary_large_image\" \/>\n<script type=\"application\/ld+json\" class=\"yoast-schema-graph\">{\"@context\":\"https:\/\/schema.org\",\"@graph\":[{\"@type\":\"WebPage\",\"@id\":\"https:\/\/www.bravilor.com\/es\/products\/accessories-es\/1-bote-de-100-pastillas-de-12-g\/\",\"url\":\"https:\/\/www.bravilor.com\/es\/products\/accessories-es\/1-bote-de-100-pastillas-de-12-g\/\",\"name\":\"Pastillas de lavado para m\u00e1quinas espresso (1 bote de 100 pastillas de 1,2 g) - Bravilor Bonamat\",\"isPartOf\":{\"@id\":\"https:\/\/www.bravilor.com\/es\/#website\"},\"datePublished\":\"2023-10-12T17:22:50+00:00\",\"dateModified\":\"2026-04-28T15:53:41+00:00\",\"description\":\"Descubre Pastillas de lavado para m\u00e1quinas espresso (1 bote de 100 pastillas de 1,2 g) en Bravilor Bonamat! Obt\u00e9n m\u00e1s informaci\u00f3n sobre Pastillas de lavado para m\u00e1quinas espresso (1 bote de 100 pastillas de 1,2 g) y cont\u00e1ctanos para asesoramiento profesional y opciones de compra.\",\"inLanguage\":\"es-ES\",\"potentialAction\":[{\"@type\":\"ReadAction\",\"target\":[\"https:\/\/www.bravilor.com\/es\/products\/accessories-es\/1-bote-de-100-pastillas-de-12-g\/\"]}]},{\"@type\":\"WebSite\",\"@id\":\"https:\/\/www.bravilor.com\/es\/#website\",\"url\":\"https:\/\/www.bravilor.com\/es\/\",\"name\":\"Bravilor Bonamat\",\"description\":\"Professional coffee machines and hot water dispensers\",\"publisher\":{\"@id\":\"https:\/\/www.bravilor.com\/es\/#organization\"},\"potentialAction\":[{\"@type\":\"SearchAction\",\"target\":{\"@type\":\"EntryPoint\",\"urlTemplate\":\"https:\/\/www.bravilor.com\/es\/?s={search_term_string}\"},\"query-input\":{\"@type\":\"PropertyValueSpecification\",\"valueRequired\":true,\"valueName\":\"search_term_string\"}}],\"inLanguage\":\"es-ES\"},{\"@type\":\"Organization\",\"@id\":\"https:\/\/www.bravilor.com\/es\/#organization\",\"name\":\"Bravilor Bonamat\",\"url\":\"https:\/\/www.bravilor.com\/es\/\",\"logo\":{\"@type\":\"ImageObject\",\"inLanguage\":\"es-ES\",\"@id\":\"https:\/\/www.bravilor.com\/es\/#\/schema\/logo\/image\/\",\"url\":\"https:\/\/www.bravilor.com\/app\/uploads\/2024\/01\/logo.svg\",\"contentUrl\":\"https:\/\/www.bravilor.com\/app\/uploads\/2024\/01\/logo.svg\",\"width\":1,\"height\":1,\"caption\":\"Bravilor Bonamat\"},\"image\":{\"@id\":\"https:\/\/www.bravilor.com\/es\/#\/schema\/logo\/image\/\"},\"sameAs\":[\"https:\/\/www.facebook.com\/bravilor.bonamat.bv\"]}]}<\/script>\n<!-- \/ Yoast SEO plugin. -->","yoast_head_json":{"title":"Pastillas de lavado para m\u00e1quinas espresso (1 bote de 100 pastillas de 1,2 g) - Bravilor Bonamat","description":"Descubre Pastillas de lavado para m\u00e1quinas espresso (1 bote de 100 pastillas de 1,2 g) en Bravilor Bonamat! Obt\u00e9n m\u00e1s informaci\u00f3n sobre Pastillas de lavado para m\u00e1quinas espresso (1 bote de 100 pastillas de 1,2 g) y cont\u00e1ctanos para asesoramiento profesional y opciones de compra.","robots":{"index":"index","follow":"follow","max-snippet":"max-snippet:-1","max-image-preview":"max-image-preview:large","max-video-preview":"max-video-preview:-1"},"canonical":"https:\/\/www.bravilor.com\/es\/products\/accessories-es\/1-bote-de-100-pastillas-de-12-g\/","og_locale":"es_ES","og_type":"article","og_title":"Pastillas de lavado para m\u00e1quinas espresso (1 bote de 100 pastillas de 1,2 g) - Bravilor Bonamat","og_description":"Descubre Pastillas de lavado para m\u00e1quinas espresso (1 bote de 100 pastillas de 1,2 g) en Bravilor Bonamat! Obt\u00e9n m\u00e1s informaci\u00f3n sobre Pastillas de lavado para m\u00e1quinas espresso (1 bote de 100 pastillas de 1,2 g) y cont\u00e1ctanos para asesoramiento profesional y opciones de compra.","og_url":"https:\/\/www.bravilor.com\/es\/products\/accessories-es\/1-bote-de-100-pastillas-de-12-g\/","og_site_name":"Bravilor Bonamat","article_publisher":"https:\/\/www.facebook.com\/bravilor.bonamat.bv","article_modified_time":"2026-04-28T15:53:41+00:00","twitter_card":"summary_large_image","schema":{"@context":"https:\/\/schema.org","@graph":[{"@type":"WebPage","@id":"https:\/\/www.bravilor.com\/es\/products\/accessories-es\/1-bote-de-100-pastillas-de-12-g\/","url":"https:\/\/www.bravilor.com\/es\/products\/accessories-es\/1-bote-de-100-pastillas-de-12-g\/","name":"Pastillas de lavado para m\u00e1quinas espresso (1 bote de 100 pastillas de 1,2 g) - Bravilor Bonamat","isPartOf":{"@id":"https:\/\/www.bravilor.com\/es\/#website"},"datePublished":"2023-10-12T17:22:50+00:00","dateModified":"2026-04-28T15:53:41+00:00","description":"Descubre Pastillas de lavado para m\u00e1quinas espresso (1 bote de 100 pastillas de 1,2 g) en Bravilor Bonamat! Obt\u00e9n m\u00e1s informaci\u00f3n sobre Pastillas de lavado para m\u00e1quinas espresso (1 bote de 100 pastillas de 1,2 g) y cont\u00e1ctanos para asesoramiento profesional y opciones de compra.","inLanguage":"es-ES","potentialAction":[{"@type":"ReadAction","target":["https:\/\/www.bravilor.com\/es\/products\/accessories-es\/1-bote-de-100-pastillas-de-12-g\/"]}]},{"@type":"WebSite","@id":"https:\/\/www.bravilor.com\/es\/#website","url":"https:\/\/www.bravilor.com\/es\/","name":"Bravilor Bonamat","description":"Professional coffee machines and hot water dispensers","publisher":{"@id":"https:\/\/www.bravilor.com\/es\/#organization"},"potentialAction":[{"@type":"SearchAction","target":{"@type":"EntryPoint","urlTemplate":"https:\/\/www.bravilor.com\/es\/?s={search_term_string}"},"query-input":{"@type":"PropertyValueSpecification","valueRequired":true,"valueName":"search_term_string"}}],"inLanguage":"es-ES"},{"@type":"Organization","@id":"https:\/\/www.bravilor.com\/es\/#organization","name":"Bravilor Bonamat","url":"https:\/\/www.bravilor.com\/es\/","logo":{"@type":"ImageObject","inLanguage":"es-ES","@id":"https:\/\/www.bravilor.com\/es\/#\/schema\/logo\/image\/","url":"https:\/\/www.bravilor.com\/app\/uploads\/2024\/01\/logo.svg","contentUrl":"https:\/\/www.bravilor.com\/app\/uploads\/2024\/01\/logo.svg","width":1,"height":1,"caption":"Bravilor Bonamat"},"image":{"@id":"https:\/\/www.bravilor.com\/es\/#\/schema\/logo\/image\/"},"sameAs":["https:\/\/www.facebook.com\/bravilor.bonamat.bv"]}]}},"_links":{"self":[{"href":"https:\/\/www.bravilor.com\/es\/wp-json\/wp\/v2\/product\/506279","targetHints":{"allow":["GET"]}}],"collection":[{"href":"https:\/\/www.bravilor.com\/es\/wp-json\/wp\/v2\/product"}],"about":[{"href":"https:\/\/www.bravilor.com\/es\/wp-json\/wp\/v2\/types\/product"}],"wp:attachment":[{"href":"https:\/\/www.bravilor.com\/es\/wp-json\/wp\/v2\/media?parent=506279"}],"wp:term":[{"taxonomy":"product_category","embeddable":true,"href":"https:\/\/www.bravilor.com\/es\/wp-json\/wp\/v2\/product_category?post=506279"},{"taxonomy":"product_family","embeddable":true,"href":"https:\/\/www.bravilor.com\/es\/wp-json\/wp\/v2\/product_family?post=506279"},{"taxonomy":"recommended_usage","embeddable":true,"href":"https:\/\/www.bravilor.com\/es\/wp-json\/wp\/v2\/recommended_usage?post=506279"},{"taxonomy":"user_amount","embeddable":true,"href":"https:\/\/www.bravilor.com\/es\/wp-json\/wp\/v2\/user_amount?post=506279"},{"taxonomy":"ingredient","embeddable":true,"href":"https:\/\/www.bravilor.com\/es\/wp-json\/wp\/v2\/ingredient?post=506279"},{"taxonomy":"peak_consumption","embeddable":true,"href":"https:\/\/www.bravilor.com\/es\/wp-json\/wp\/v2\/peak_consumption?post=506279"},{"taxonomy":"water_connection","embeddable":true,"href":"https:\/\/www.bravilor.com\/es\/wp-json\/wp\/v2\/water_connection?post=506279"},{"taxonomy":"choice_of_beverages","embeddable":true,"href":"https:\/\/www.bravilor.com\/es\/wp-json\/wp\/v2\/choice_of_beverages?post=506279"},{"taxonomy":"milk_function","embeddable":true,"href":"https:\/\/www.bravilor.com\/es\/wp-json\/wp\/v2\/milk_function?post=506279"},{"taxonomy":"configuration_comparison","embeddable":true,"href":"https:\/\/www.bravilor.com\/es\/wp-json\/wp\/v2\/configuration_comparison?post=506279"}],"curies":[{"name":"wp","href":"https:\/\/api.w.org\/{rel}","templated":true}]}}