{"id":507938,"date":"2026-01-15T21:02:40","date_gmt":"2026-01-15T21:02:40","guid":{"rendered":"https:\/\/bravilor.com\/products\/b10-1-sistema-de-elaboracion-y-2-contenedores-de-10-litros-cubetas-de-filtrado\/"},"modified":"2026-04-05T02:40:36","modified_gmt":"2026-04-05T02:40:36","slug":"b10-1-sistema-de-elaboracion-y-2-contenedores-de-10-litros-cubetas-de-filtrado","status":"publish","type":"product","link":"https:\/\/www.bravilor.com\/es\/products\/filter-coffee-machines-es\/b10-1-sistema-de-elaboracion-y-2-contenedores-de-10-litros-cubetas-de-filtrado\/","title":{"rendered":"B10 400V"},"content":{"rendered":"","protected":false},"excerpt":{"rendered":"","protected":false},"featured_media":0,"template":"","product_category":[1414,1693,1705],"product_family":[1154],"recommended_usage":[],"user_amount":[],"ingredient":[232],"peak_consumption":[575],"water_connection":[2963],"choice_of_beverages":[872],"milk_function":[],"configuration_comparison":[],"class_list":["post-507938","product","type-product","status-publish","hentry","product_category-filter-coffee-machines-es","product_category-round-filter-machines-es","product_category-b-series-es","product_family-b-serie-es","ingredient-filter-coffee-es","peak_consumption-yes-es","water_connection-yes-es","choice_of_beverages-coffee-es"],"acf":[],"yoast_head":"<!-- This site is optimized with the Yoast SEO plugin v26.3 - https:\/\/yoast.com\/wordpress\/plugins\/seo\/ -->\n<title>B10 400V - Bravilor Bonamat<\/title>\n<meta name=\"description\" content=\"Descubre B10 400V en Bravilor Bonamat! Obt\u00e9n m\u00e1s informaci\u00f3n sobre B10 400V y cont\u00e1ctanos para asesoramiento profesional y opciones de compra.\" \/>\n<meta name=\"robots\" content=\"index, follow, max-snippet:-1, max-image-preview:large, max-video-preview:-1\" \/>\n<link rel=\"canonical\" href=\"https:\/\/www.bravilor.com\/es\/products\/filter-coffee-machines-es\/b10-1-sistema-de-elaboracion-y-2-contenedores-de-10-litros-cubetas-de-filtrado\/\" \/>\n<meta property=\"og:locale\" content=\"es_ES\" \/>\n<meta property=\"og:type\" content=\"article\" \/>\n<meta property=\"og:title\" content=\"B10 400V - Bravilor Bonamat\" \/>\n<meta property=\"og:description\" content=\"Descubre B10 400V en Bravilor Bonamat! Obt\u00e9n m\u00e1s informaci\u00f3n sobre B10 400V y cont\u00e1ctanos para asesoramiento profesional y opciones de compra.\" \/>\n<meta property=\"og:url\" content=\"https:\/\/www.bravilor.com\/es\/products\/filter-coffee-machines-es\/b10-1-sistema-de-elaboracion-y-2-contenedores-de-10-litros-cubetas-de-filtrado\/\" \/>\n<meta property=\"og:site_name\" content=\"Bravilor Bonamat\" \/>\n<meta property=\"article:publisher\" content=\"https:\/\/www.facebook.com\/bravilor.bonamat.bv\" \/>\n<meta property=\"article:modified_time\" content=\"2026-04-05T02:40:36+00:00\" \/>\n<meta name=\"twitter:card\" content=\"summary_large_image\" \/>\n<script type=\"application\/ld+json\" class=\"yoast-schema-graph\">{\"@context\":\"https:\/\/schema.org\",\"@graph\":[{\"@type\":\"WebPage\",\"@id\":\"https:\/\/www.bravilor.com\/es\/products\/filter-coffee-machines-es\/b10-1-sistema-de-elaboracion-y-2-contenedores-de-10-litros-cubetas-de-filtrado\/\",\"url\":\"https:\/\/www.bravilor.com\/es\/products\/filter-coffee-machines-es\/b10-1-sistema-de-elaboracion-y-2-contenedores-de-10-litros-cubetas-de-filtrado\/\",\"name\":\"B10 400V - Bravilor Bonamat\",\"isPartOf\":{\"@id\":\"https:\/\/www.bravilor.com\/es\/#website\"},\"datePublished\":\"2026-01-15T21:02:40+00:00\",\"dateModified\":\"2026-04-05T02:40:36+00:00\",\"description\":\"Descubre B10 400V en Bravilor Bonamat! Obt\u00e9n m\u00e1s informaci\u00f3n sobre B10 400V y cont\u00e1ctanos para asesoramiento profesional y opciones de compra.\",\"inLanguage\":\"es-ES\",\"potentialAction\":[{\"@type\":\"ReadAction\",\"target\":[\"https:\/\/www.bravilor.com\/es\/products\/filter-coffee-machines-es\/b10-1-sistema-de-elaboracion-y-2-contenedores-de-10-litros-cubetas-de-filtrado\/\"]}]},{\"@type\":\"WebSite\",\"@id\":\"https:\/\/www.bravilor.com\/es\/#website\",\"url\":\"https:\/\/www.bravilor.com\/es\/\",\"name\":\"Bravilor Bonamat\",\"description\":\"Professional coffee machines and hot water dispensers\",\"publisher\":{\"@id\":\"https:\/\/www.bravilor.com\/es\/#organization\"},\"potentialAction\":[{\"@type\":\"SearchAction\",\"target\":{\"@type\":\"EntryPoint\",\"urlTemplate\":\"https:\/\/www.bravilor.com\/es\/?s={search_term_string}\"},\"query-input\":{\"@type\":\"PropertyValueSpecification\",\"valueRequired\":true,\"valueName\":\"search_term_string\"}}],\"inLanguage\":\"es-ES\"},{\"@type\":\"Organization\",\"@id\":\"https:\/\/www.bravilor.com\/es\/#organization\",\"name\":\"Bravilor Bonamat\",\"url\":\"https:\/\/www.bravilor.com\/es\/\",\"logo\":{\"@type\":\"ImageObject\",\"inLanguage\":\"es-ES\",\"@id\":\"https:\/\/www.bravilor.com\/es\/#\/schema\/logo\/image\/\",\"url\":\"https:\/\/www.bravilor.com\/app\/uploads\/2024\/01\/logo.svg\",\"contentUrl\":\"https:\/\/www.bravilor.com\/app\/uploads\/2024\/01\/logo.svg\",\"width\":1,\"height\":1,\"caption\":\"Bravilor Bonamat\"},\"image\":{\"@id\":\"https:\/\/www.bravilor.com\/es\/#\/schema\/logo\/image\/\"},\"sameAs\":[\"https:\/\/www.facebook.com\/bravilor.bonamat.bv\"]}]}<\/script>\n<!-- \/ Yoast SEO plugin. -->","yoast_head_json":{"title":"B10 400V - Bravilor Bonamat","description":"Descubre B10 400V en Bravilor Bonamat! Obt\u00e9n m\u00e1s informaci\u00f3n sobre B10 400V y cont\u00e1ctanos para asesoramiento profesional y opciones de compra.","robots":{"index":"index","follow":"follow","max-snippet":"max-snippet:-1","max-image-preview":"max-image-preview:large","max-video-preview":"max-video-preview:-1"},"canonical":"https:\/\/www.bravilor.com\/es\/products\/filter-coffee-machines-es\/b10-1-sistema-de-elaboracion-y-2-contenedores-de-10-litros-cubetas-de-filtrado\/","og_locale":"es_ES","og_type":"article","og_title":"B10 400V - Bravilor Bonamat","og_description":"Descubre B10 400V en Bravilor Bonamat! Obt\u00e9n m\u00e1s informaci\u00f3n sobre B10 400V y cont\u00e1ctanos para asesoramiento profesional y opciones de compra.","og_url":"https:\/\/www.bravilor.com\/es\/products\/filter-coffee-machines-es\/b10-1-sistema-de-elaboracion-y-2-contenedores-de-10-litros-cubetas-de-filtrado\/","og_site_name":"Bravilor Bonamat","article_publisher":"https:\/\/www.facebook.com\/bravilor.bonamat.bv","article_modified_time":"2026-04-05T02:40:36+00:00","twitter_card":"summary_large_image","schema":{"@context":"https:\/\/schema.org","@graph":[{"@type":"WebPage","@id":"https:\/\/www.bravilor.com\/es\/products\/filter-coffee-machines-es\/b10-1-sistema-de-elaboracion-y-2-contenedores-de-10-litros-cubetas-de-filtrado\/","url":"https:\/\/www.bravilor.com\/es\/products\/filter-coffee-machines-es\/b10-1-sistema-de-elaboracion-y-2-contenedores-de-10-litros-cubetas-de-filtrado\/","name":"B10 400V - Bravilor Bonamat","isPartOf":{"@id":"https:\/\/www.bravilor.com\/es\/#website"},"datePublished":"2026-01-15T21:02:40+00:00","dateModified":"2026-04-05T02:40:36+00:00","description":"Descubre B10 400V en Bravilor Bonamat! Obt\u00e9n m\u00e1s informaci\u00f3n sobre B10 400V y cont\u00e1ctanos para asesoramiento profesional y opciones de compra.","inLanguage":"es-ES","potentialAction":[{"@type":"ReadAction","target":["https:\/\/www.bravilor.com\/es\/products\/filter-coffee-machines-es\/b10-1-sistema-de-elaboracion-y-2-contenedores-de-10-litros-cubetas-de-filtrado\/"]}]},{"@type":"WebSite","@id":"https:\/\/www.bravilor.com\/es\/#website","url":"https:\/\/www.bravilor.com\/es\/","name":"Bravilor Bonamat","description":"Professional coffee machines and hot water dispensers","publisher":{"@id":"https:\/\/www.bravilor.com\/es\/#organization"},"potentialAction":[{"@type":"SearchAction","target":{"@type":"EntryPoint","urlTemplate":"https:\/\/www.bravilor.com\/es\/?s={search_term_string}"},"query-input":{"@type":"PropertyValueSpecification","valueRequired":true,"valueName":"search_term_string"}}],"inLanguage":"es-ES"},{"@type":"Organization","@id":"https:\/\/www.bravilor.com\/es\/#organization","name":"Bravilor Bonamat","url":"https:\/\/www.bravilor.com\/es\/","logo":{"@type":"ImageObject","inLanguage":"es-ES","@id":"https:\/\/www.bravilor.com\/es\/#\/schema\/logo\/image\/","url":"https:\/\/www.bravilor.com\/app\/uploads\/2024\/01\/logo.svg","contentUrl":"https:\/\/www.bravilor.com\/app\/uploads\/2024\/01\/logo.svg","width":1,"height":1,"caption":"Bravilor Bonamat"},"image":{"@id":"https:\/\/www.bravilor.com\/es\/#\/schema\/logo\/image\/"},"sameAs":["https:\/\/www.facebook.com\/bravilor.bonamat.bv"]}]}},"_links":{"self":[{"href":"https:\/\/www.bravilor.com\/es\/wp-json\/wp\/v2\/product\/507938","targetHints":{"allow":["GET"]}}],"collection":[{"href":"https:\/\/www.bravilor.com\/es\/wp-json\/wp\/v2\/product"}],"about":[{"href":"https:\/\/www.bravilor.com\/es\/wp-json\/wp\/v2\/types\/product"}],"wp:attachment":[{"href":"https:\/\/www.bravilor.com\/es\/wp-json\/wp\/v2\/media?parent=507938"}],"wp:term":[{"taxonomy":"product_category","embeddable":true,"href":"https:\/\/www.bravilor.com\/es\/wp-json\/wp\/v2\/product_category?post=507938"},{"taxonomy":"product_family","embeddable":true,"href":"https:\/\/www.bravilor.com\/es\/wp-json\/wp\/v2\/product_family?post=507938"},{"taxonomy":"recommended_usage","embeddable":true,"href":"https:\/\/www.bravilor.com\/es\/wp-json\/wp\/v2\/recommended_usage?post=507938"},{"taxonomy":"user_amount","embeddable":true,"href":"https:\/\/www.bravilor.com\/es\/wp-json\/wp\/v2\/user_amount?post=507938"},{"taxonomy":"ingredient","embeddable":true,"href":"https:\/\/www.bravilor.com\/es\/wp-json\/wp\/v2\/ingredient?post=507938"},{"taxonomy":"peak_consumption","embeddable":true,"href":"https:\/\/www.bravilor.com\/es\/wp-json\/wp\/v2\/peak_consumption?post=507938"},{"taxonomy":"water_connection","embeddable":true,"href":"https:\/\/www.bravilor.com\/es\/wp-json\/wp\/v2\/water_connection?post=507938"},{"taxonomy":"choice_of_beverages","embeddable":true,"href":"https:\/\/www.bravilor.com\/es\/wp-json\/wp\/v2\/choice_of_beverages?post=507938"},{"taxonomy":"milk_function","embeddable":true,"href":"https:\/\/www.bravilor.com\/es\/wp-json\/wp\/v2\/milk_function?post=507938"},{"taxonomy":"configuration_comparison","embeddable":true,"href":"https:\/\/www.bravilor.com\/es\/wp-json\/wp\/v2\/configuration_comparison?post=507938"}],"curies":[{"name":"wp","href":"https:\/\/api.w.org\/{rel}","templated":true}]}}