{"id":830266,"date":"2025-01-09T20:08:27","date_gmt":"2025-01-09T20:08:27","guid":{"rendered":"https:\/\/www.bravilor.com\/products\/bolero-turbo-xl-53\/"},"modified":"2026-04-03T13:25:00","modified_gmt":"2026-04-03T13:25:00","slug":"bolero-turbo-xl-53","status":"publish","type":"product","link":"https:\/\/www.bravilor.com\/es\/products\/instant-and-liquid-machines-es\/bolero-turbo-xl-53\/","title":{"rendered":"Bolero Turbo XL 53"},"content":{"rendered":"","protected":false},"excerpt":{"rendered":"","protected":false},"featured_media":0,"template":"","product_category":[1787,1800,1839],"product_family":[1297],"recommended_usage":[3427,3544],"user_amount":[3739,3817],"ingredient":[2996],"peak_consumption":[575],"water_connection":[2963],"choice_of_beverages":[833,846,859,872,918,931,1024,1037,1050,1063,1089],"milk_function":[],"configuration_comparison":[],"class_list":["post-830266","product","type-product","status-publish","hentry","product_category-instant-and-liquid-machines-es","product_category-machines-for-instant-ingredients-es","product_category-bolero-turbo-xl-es","product_family-instant-machines-es","recommended_usage-up-to-160-es","recommended_usage-up-to-650-es","user_amount-35-60-users-es","user_amount-60-200-users-es","ingredient-instant-ingredients-es","peak_consumption-yes-es","water_connection-yes-es","choice_of_beverages-cafe-au-lait-es","choice_of_beverages-cappuccino-es","choice_of_beverages-cappuccino-dark-es","choice_of_beverages-coffee-es","choice_of_beverages-crema-coffee-es","choice_of_beverages-double-espresso-es","choice_of_beverages-hot-chocolate-es","choice_of_beverages-hot-chocolate-deluxe-es","choice_of_beverages-hot-water-es","choice_of_beverages-latte-macchiato-es","choice_of_beverages-moccachino-es"],"acf":[],"yoast_head":"<!-- This site is optimized with the Yoast SEO plugin v26.3 - https:\/\/yoast.com\/wordpress\/plugins\/seo\/ -->\n<title>Bolero Turbo XL 53 - Bravilor Bonamat<\/title>\n<meta name=\"description\" content=\"Descubre Bolero Turbo XL 53 en Bravilor Bonamat! Obt\u00e9n m\u00e1s informaci\u00f3n sobre Bolero Turbo XL 53 y cont\u00e1ctanos para asesoramiento profesional y opciones de compra.\" \/>\n<meta name=\"robots\" content=\"index, follow, max-snippet:-1, max-image-preview:large, max-video-preview:-1\" \/>\n<link rel=\"canonical\" href=\"https:\/\/www.bravilor.com\/es\/products\/instant-and-liquid-machines-es\/bolero-turbo-xl-53\/\" \/>\n<meta property=\"og:locale\" content=\"es_ES\" \/>\n<meta property=\"og:type\" content=\"article\" \/>\n<meta property=\"og:title\" content=\"Bolero Turbo XL 53 - Bravilor Bonamat\" \/>\n<meta property=\"og:description\" content=\"Descubre Bolero Turbo XL 53 en Bravilor Bonamat! Obt\u00e9n m\u00e1s informaci\u00f3n sobre Bolero Turbo XL 53 y cont\u00e1ctanos para asesoramiento profesional y opciones de compra.\" \/>\n<meta property=\"og:url\" content=\"https:\/\/www.bravilor.com\/es\/products\/instant-and-liquid-machines-es\/bolero-turbo-xl-53\/\" \/>\n<meta property=\"og:site_name\" content=\"Bravilor Bonamat\" \/>\n<meta property=\"article:publisher\" content=\"https:\/\/www.facebook.com\/bravilor.bonamat.bv\" \/>\n<meta property=\"article:modified_time\" content=\"2026-04-03T13:25:00+00:00\" \/>\n<meta name=\"twitter:card\" content=\"summary_large_image\" \/>\n<script type=\"application\/ld+json\" class=\"yoast-schema-graph\">{\"@context\":\"https:\/\/schema.org\",\"@graph\":[{\"@type\":\"WebPage\",\"@id\":\"https:\/\/www.bravilor.com\/es\/products\/instant-and-liquid-machines-es\/bolero-turbo-xl-53\/\",\"url\":\"https:\/\/www.bravilor.com\/es\/products\/instant-and-liquid-machines-es\/bolero-turbo-xl-53\/\",\"name\":\"Bolero Turbo XL 53 - Bravilor Bonamat\",\"isPartOf\":{\"@id\":\"https:\/\/www.bravilor.com\/es\/#website\"},\"datePublished\":\"2025-01-09T20:08:27+00:00\",\"dateModified\":\"2026-04-03T13:25:00+00:00\",\"description\":\"Descubre Bolero Turbo XL 53 en Bravilor Bonamat! Obt\u00e9n m\u00e1s informaci\u00f3n sobre Bolero Turbo XL 53 y cont\u00e1ctanos para asesoramiento profesional y opciones de compra.\",\"inLanguage\":\"es-ES\",\"potentialAction\":[{\"@type\":\"ReadAction\",\"target\":[\"https:\/\/www.bravilor.com\/es\/products\/instant-and-liquid-machines-es\/bolero-turbo-xl-53\/\"]}]},{\"@type\":\"WebSite\",\"@id\":\"https:\/\/www.bravilor.com\/es\/#website\",\"url\":\"https:\/\/www.bravilor.com\/es\/\",\"name\":\"Bravilor Bonamat\",\"description\":\"Professional coffee machines and hot water dispensers\",\"publisher\":{\"@id\":\"https:\/\/www.bravilor.com\/es\/#organization\"},\"potentialAction\":[{\"@type\":\"SearchAction\",\"target\":{\"@type\":\"EntryPoint\",\"urlTemplate\":\"https:\/\/www.bravilor.com\/es\/?s={search_term_string}\"},\"query-input\":{\"@type\":\"PropertyValueSpecification\",\"valueRequired\":true,\"valueName\":\"search_term_string\"}}],\"inLanguage\":\"es-ES\"},{\"@type\":\"Organization\",\"@id\":\"https:\/\/www.bravilor.com\/es\/#organization\",\"name\":\"Bravilor Bonamat\",\"url\":\"https:\/\/www.bravilor.com\/es\/\",\"logo\":{\"@type\":\"ImageObject\",\"inLanguage\":\"es-ES\",\"@id\":\"https:\/\/www.bravilor.com\/es\/#\/schema\/logo\/image\/\",\"url\":\"https:\/\/www.bravilor.com\/app\/uploads\/2024\/01\/logo.svg\",\"contentUrl\":\"https:\/\/www.bravilor.com\/app\/uploads\/2024\/01\/logo.svg\",\"width\":1,\"height\":1,\"caption\":\"Bravilor Bonamat\"},\"image\":{\"@id\":\"https:\/\/www.bravilor.com\/es\/#\/schema\/logo\/image\/\"},\"sameAs\":[\"https:\/\/www.facebook.com\/bravilor.bonamat.bv\"]}]}<\/script>\n<!-- \/ Yoast SEO plugin. -->","yoast_head_json":{"title":"Bolero Turbo XL 53 - Bravilor Bonamat","description":"Descubre Bolero Turbo XL 53 en Bravilor Bonamat! Obt\u00e9n m\u00e1s informaci\u00f3n sobre Bolero Turbo XL 53 y cont\u00e1ctanos para asesoramiento profesional y opciones de compra.","robots":{"index":"index","follow":"follow","max-snippet":"max-snippet:-1","max-image-preview":"max-image-preview:large","max-video-preview":"max-video-preview:-1"},"canonical":"https:\/\/www.bravilor.com\/es\/products\/instant-and-liquid-machines-es\/bolero-turbo-xl-53\/","og_locale":"es_ES","og_type":"article","og_title":"Bolero Turbo XL 53 - Bravilor Bonamat","og_description":"Descubre Bolero Turbo XL 53 en Bravilor Bonamat! Obt\u00e9n m\u00e1s informaci\u00f3n sobre Bolero Turbo XL 53 y cont\u00e1ctanos para asesoramiento profesional y opciones de compra.","og_url":"https:\/\/www.bravilor.com\/es\/products\/instant-and-liquid-machines-es\/bolero-turbo-xl-53\/","og_site_name":"Bravilor Bonamat","article_publisher":"https:\/\/www.facebook.com\/bravilor.bonamat.bv","article_modified_time":"2026-04-03T13:25:00+00:00","twitter_card":"summary_large_image","schema":{"@context":"https:\/\/schema.org","@graph":[{"@type":"WebPage","@id":"https:\/\/www.bravilor.com\/es\/products\/instant-and-liquid-machines-es\/bolero-turbo-xl-53\/","url":"https:\/\/www.bravilor.com\/es\/products\/instant-and-liquid-machines-es\/bolero-turbo-xl-53\/","name":"Bolero Turbo XL 53 - Bravilor Bonamat","isPartOf":{"@id":"https:\/\/www.bravilor.com\/es\/#website"},"datePublished":"2025-01-09T20:08:27+00:00","dateModified":"2026-04-03T13:25:00+00:00","description":"Descubre Bolero Turbo XL 53 en Bravilor Bonamat! Obt\u00e9n m\u00e1s informaci\u00f3n sobre Bolero Turbo XL 53 y cont\u00e1ctanos para asesoramiento profesional y opciones de compra.","inLanguage":"es-ES","potentialAction":[{"@type":"ReadAction","target":["https:\/\/www.bravilor.com\/es\/products\/instant-and-liquid-machines-es\/bolero-turbo-xl-53\/"]}]},{"@type":"WebSite","@id":"https:\/\/www.bravilor.com\/es\/#website","url":"https:\/\/www.bravilor.com\/es\/","name":"Bravilor Bonamat","description":"Professional coffee machines and hot water dispensers","publisher":{"@id":"https:\/\/www.bravilor.com\/es\/#organization"},"potentialAction":[{"@type":"SearchAction","target":{"@type":"EntryPoint","urlTemplate":"https:\/\/www.bravilor.com\/es\/?s={search_term_string}"},"query-input":{"@type":"PropertyValueSpecification","valueRequired":true,"valueName":"search_term_string"}}],"inLanguage":"es-ES"},{"@type":"Organization","@id":"https:\/\/www.bravilor.com\/es\/#organization","name":"Bravilor Bonamat","url":"https:\/\/www.bravilor.com\/es\/","logo":{"@type":"ImageObject","inLanguage":"es-ES","@id":"https:\/\/www.bravilor.com\/es\/#\/schema\/logo\/image\/","url":"https:\/\/www.bravilor.com\/app\/uploads\/2024\/01\/logo.svg","contentUrl":"https:\/\/www.bravilor.com\/app\/uploads\/2024\/01\/logo.svg","width":1,"height":1,"caption":"Bravilor Bonamat"},"image":{"@id":"https:\/\/www.bravilor.com\/es\/#\/schema\/logo\/image\/"},"sameAs":["https:\/\/www.facebook.com\/bravilor.bonamat.bv"]}]}},"_links":{"self":[{"href":"https:\/\/www.bravilor.com\/es\/wp-json\/wp\/v2\/product\/830266","targetHints":{"allow":["GET"]}}],"collection":[{"href":"https:\/\/www.bravilor.com\/es\/wp-json\/wp\/v2\/product"}],"about":[{"href":"https:\/\/www.bravilor.com\/es\/wp-json\/wp\/v2\/types\/product"}],"wp:attachment":[{"href":"https:\/\/www.bravilor.com\/es\/wp-json\/wp\/v2\/media?parent=830266"}],"wp:term":[{"taxonomy":"product_category","embeddable":true,"href":"https:\/\/www.bravilor.com\/es\/wp-json\/wp\/v2\/product_category?post=830266"},{"taxonomy":"product_family","embeddable":true,"href":"https:\/\/www.bravilor.com\/es\/wp-json\/wp\/v2\/product_family?post=830266"},{"taxonomy":"recommended_usage","embeddable":true,"href":"https:\/\/www.bravilor.com\/es\/wp-json\/wp\/v2\/recommended_usage?post=830266"},{"taxonomy":"user_amount","embeddable":true,"href":"https:\/\/www.bravilor.com\/es\/wp-json\/wp\/v2\/user_amount?post=830266"},{"taxonomy":"ingredient","embeddable":true,"href":"https:\/\/www.bravilor.com\/es\/wp-json\/wp\/v2\/ingredient?post=830266"},{"taxonomy":"peak_consumption","embeddable":true,"href":"https:\/\/www.bravilor.com\/es\/wp-json\/wp\/v2\/peak_consumption?post=830266"},{"taxonomy":"water_connection","embeddable":true,"href":"https:\/\/www.bravilor.com\/es\/wp-json\/wp\/v2\/water_connection?post=830266"},{"taxonomy":"choice_of_beverages","embeddable":true,"href":"https:\/\/www.bravilor.com\/es\/wp-json\/wp\/v2\/choice_of_beverages?post=830266"},{"taxonomy":"milk_function","embeddable":true,"href":"https:\/\/www.bravilor.com\/es\/wp-json\/wp\/v2\/milk_function?post=830266"},{"taxonomy":"configuration_comparison","embeddable":true,"href":"https:\/\/www.bravilor.com\/es\/wp-json\/wp\/v2\/configuration_comparison?post=830266"}],"curies":[{"name":"wp","href":"https:\/\/api.w.org\/{rel}","templated":true}]}}