{"id":854665,"date":"2025-11-28T21:01:58","date_gmt":"2025-11-28T21:01:58","guid":{"rendered":"https:\/\/www.bravilor.com\/products\/freshground-121\/"},"modified":"2026-04-12T01:54:54","modified_gmt":"2026-04-12T01:54:54","slug":"freshground-121","status":"publish","type":"product","link":"https:\/\/www.bravilor.com\/es\/products\/filter-coffee-machines-es\/freshground-121\/","title":{"rendered":"FreshGround 121"},"content":{"rendered":"","protected":false},"excerpt":{"rendered":"","protected":false},"featured_media":0,"template":"","product_category":[1414,1427,1478],"product_family":[1258],"recommended_usage":[3952,3466,3505,3310,3349,3388,3427],"user_amount":[3778,3583,3622,3661,3700,3739],"ingredient":[2996,219],"peak_consumption":[562],"water_connection":[2963],"choice_of_beverages":[4441,4108,4069,4030,1102,1089,1050,1037,1024,983,957,918,872,820,833,846,859,1063],"milk_function":[],"configuration_comparison":[],"class_list":["post-854665","product","type-product","status-publish","hentry","product_category-filter-coffee-machines-es","product_category-freshbrew-machines-es","product_category-freshground-es","product_family-freshbrew-machines-es","recommended_usage-up-to-180-es","recommended_usage-up-to-30-es","recommended_usage-up-to-60-es","recommended_usage-up-to-100-es","recommended_usage-up-to-120-es","recommended_usage-up-to-140-es","recommended_usage-up-to-160-es","user_amount-5-10-users-es","user_amount-10-20-users-es","user_amount-10-35-users-es","user_amount-20-40-users-es","user_amount-20-50-users-es","user_amount-35-60-users-es","ingredient-instant-ingredients-es","ingredient-coffeebeans-es","peak_consumption-no-es","water_connection-yes-es","choice_of_beverages-hot-milk-es","choice_of_beverages-coffee-with-sugar-es","choice_of_beverages-coffee-with-milk-and-sugar-es","choice_of_beverages-coffee-with-milk-es","choice_of_beverages-ristretto-es","choice_of_beverages-moccachino-es","choice_of_beverages-hot-water-es","choice_of_beverages-hot-chocolate-deluxe-es","choice_of_beverages-hot-chocolate-es","choice_of_beverages-espresso-macchiato-es","choice_of_beverages-espresso-es","choice_of_beverages-crema-coffee-es","choice_of_beverages-coffee-es","choice_of_beverages-americano-es","choice_of_beverages-cafe-au-lait-es","choice_of_beverages-cappuccino-es","choice_of_beverages-cappuccino-dark-es","choice_of_beverages-latte-macchiato-es"],"acf":[],"yoast_head":"<!-- This site is optimized with the Yoast SEO plugin v26.3 - https:\/\/yoast.com\/wordpress\/plugins\/seo\/ -->\n<title>FreshGround 121 - Bravilor Bonamat<\/title>\n<meta name=\"description\" content=\"Descubre FreshGround 121 en Bravilor Bonamat! Obt\u00e9n m\u00e1s informaci\u00f3n sobre FreshGround 121 y cont\u00e1ctanos para asesoramiento profesional y opciones de compra.\" \/>\n<meta name=\"robots\" content=\"index, follow, max-snippet:-1, max-image-preview:large, max-video-preview:-1\" \/>\n<link rel=\"canonical\" href=\"https:\/\/www.bravilor.com\/es\/products\/filter-coffee-machines-es\/freshground-121\/\" \/>\n<meta property=\"og:locale\" content=\"es_ES\" \/>\n<meta property=\"og:type\" content=\"article\" \/>\n<meta property=\"og:title\" content=\"FreshGround 121 - Bravilor Bonamat\" \/>\n<meta property=\"og:description\" content=\"Descubre FreshGround 121 en Bravilor Bonamat! Obt\u00e9n m\u00e1s informaci\u00f3n sobre FreshGround 121 y cont\u00e1ctanos para asesoramiento profesional y opciones de compra.\" \/>\n<meta property=\"og:url\" content=\"https:\/\/www.bravilor.com\/es\/products\/filter-coffee-machines-es\/freshground-121\/\" \/>\n<meta property=\"og:site_name\" content=\"Bravilor Bonamat\" \/>\n<meta property=\"article:publisher\" content=\"https:\/\/www.facebook.com\/bravilor.bonamat.bv\" \/>\n<meta property=\"article:modified_time\" content=\"2026-04-12T01:54:54+00:00\" \/>\n<meta name=\"twitter:card\" content=\"summary_large_image\" \/>\n<script type=\"application\/ld+json\" class=\"yoast-schema-graph\">{\"@context\":\"https:\/\/schema.org\",\"@graph\":[{\"@type\":\"WebPage\",\"@id\":\"https:\/\/www.bravilor.com\/es\/products\/filter-coffee-machines-es\/freshground-121\/\",\"url\":\"https:\/\/www.bravilor.com\/es\/products\/filter-coffee-machines-es\/freshground-121\/\",\"name\":\"FreshGround 121 - Bravilor Bonamat\",\"isPartOf\":{\"@id\":\"https:\/\/www.bravilor.com\/es\/#website\"},\"datePublished\":\"2025-11-28T21:01:58+00:00\",\"dateModified\":\"2026-04-12T01:54:54+00:00\",\"description\":\"Descubre FreshGround 121 en Bravilor Bonamat! Obt\u00e9n m\u00e1s informaci\u00f3n sobre FreshGround 121 y cont\u00e1ctanos para asesoramiento profesional y opciones de compra.\",\"inLanguage\":\"es-ES\",\"potentialAction\":[{\"@type\":\"ReadAction\",\"target\":[\"https:\/\/www.bravilor.com\/es\/products\/filter-coffee-machines-es\/freshground-121\/\"]}]},{\"@type\":\"WebSite\",\"@id\":\"https:\/\/www.bravilor.com\/es\/#website\",\"url\":\"https:\/\/www.bravilor.com\/es\/\",\"name\":\"Bravilor Bonamat\",\"description\":\"Professional coffee machines and hot water dispensers\",\"publisher\":{\"@id\":\"https:\/\/www.bravilor.com\/es\/#organization\"},\"potentialAction\":[{\"@type\":\"SearchAction\",\"target\":{\"@type\":\"EntryPoint\",\"urlTemplate\":\"https:\/\/www.bravilor.com\/es\/?s={search_term_string}\"},\"query-input\":{\"@type\":\"PropertyValueSpecification\",\"valueRequired\":true,\"valueName\":\"search_term_string\"}}],\"inLanguage\":\"es-ES\"},{\"@type\":\"Organization\",\"@id\":\"https:\/\/www.bravilor.com\/es\/#organization\",\"name\":\"Bravilor Bonamat\",\"url\":\"https:\/\/www.bravilor.com\/es\/\",\"logo\":{\"@type\":\"ImageObject\",\"inLanguage\":\"es-ES\",\"@id\":\"https:\/\/www.bravilor.com\/es\/#\/schema\/logo\/image\/\",\"url\":\"https:\/\/www.bravilor.com\/app\/uploads\/2024\/01\/logo.svg\",\"contentUrl\":\"https:\/\/www.bravilor.com\/app\/uploads\/2024\/01\/logo.svg\",\"width\":1,\"height\":1,\"caption\":\"Bravilor Bonamat\"},\"image\":{\"@id\":\"https:\/\/www.bravilor.com\/es\/#\/schema\/logo\/image\/\"},\"sameAs\":[\"https:\/\/www.facebook.com\/bravilor.bonamat.bv\"]}]}<\/script>\n<!-- \/ Yoast SEO plugin. -->","yoast_head_json":{"title":"FreshGround 121 - Bravilor Bonamat","description":"Descubre FreshGround 121 en Bravilor Bonamat! Obt\u00e9n m\u00e1s informaci\u00f3n sobre FreshGround 121 y cont\u00e1ctanos para asesoramiento profesional y opciones de compra.","robots":{"index":"index","follow":"follow","max-snippet":"max-snippet:-1","max-image-preview":"max-image-preview:large","max-video-preview":"max-video-preview:-1"},"canonical":"https:\/\/www.bravilor.com\/es\/products\/filter-coffee-machines-es\/freshground-121\/","og_locale":"es_ES","og_type":"article","og_title":"FreshGround 121 - Bravilor Bonamat","og_description":"Descubre FreshGround 121 en Bravilor Bonamat! Obt\u00e9n m\u00e1s informaci\u00f3n sobre FreshGround 121 y cont\u00e1ctanos para asesoramiento profesional y opciones de compra.","og_url":"https:\/\/www.bravilor.com\/es\/products\/filter-coffee-machines-es\/freshground-121\/","og_site_name":"Bravilor Bonamat","article_publisher":"https:\/\/www.facebook.com\/bravilor.bonamat.bv","article_modified_time":"2026-04-12T01:54:54+00:00","twitter_card":"summary_large_image","schema":{"@context":"https:\/\/schema.org","@graph":[{"@type":"WebPage","@id":"https:\/\/www.bravilor.com\/es\/products\/filter-coffee-machines-es\/freshground-121\/","url":"https:\/\/www.bravilor.com\/es\/products\/filter-coffee-machines-es\/freshground-121\/","name":"FreshGround 121 - Bravilor Bonamat","isPartOf":{"@id":"https:\/\/www.bravilor.com\/es\/#website"},"datePublished":"2025-11-28T21:01:58+00:00","dateModified":"2026-04-12T01:54:54+00:00","description":"Descubre FreshGround 121 en Bravilor Bonamat! Obt\u00e9n m\u00e1s informaci\u00f3n sobre FreshGround 121 y cont\u00e1ctanos para asesoramiento profesional y opciones de compra.","inLanguage":"es-ES","potentialAction":[{"@type":"ReadAction","target":["https:\/\/www.bravilor.com\/es\/products\/filter-coffee-machines-es\/freshground-121\/"]}]},{"@type":"WebSite","@id":"https:\/\/www.bravilor.com\/es\/#website","url":"https:\/\/www.bravilor.com\/es\/","name":"Bravilor Bonamat","description":"Professional coffee machines and hot water dispensers","publisher":{"@id":"https:\/\/www.bravilor.com\/es\/#organization"},"potentialAction":[{"@type":"SearchAction","target":{"@type":"EntryPoint","urlTemplate":"https:\/\/www.bravilor.com\/es\/?s={search_term_string}"},"query-input":{"@type":"PropertyValueSpecification","valueRequired":true,"valueName":"search_term_string"}}],"inLanguage":"es-ES"},{"@type":"Organization","@id":"https:\/\/www.bravilor.com\/es\/#organization","name":"Bravilor Bonamat","url":"https:\/\/www.bravilor.com\/es\/","logo":{"@type":"ImageObject","inLanguage":"es-ES","@id":"https:\/\/www.bravilor.com\/es\/#\/schema\/logo\/image\/","url":"https:\/\/www.bravilor.com\/app\/uploads\/2024\/01\/logo.svg","contentUrl":"https:\/\/www.bravilor.com\/app\/uploads\/2024\/01\/logo.svg","width":1,"height":1,"caption":"Bravilor Bonamat"},"image":{"@id":"https:\/\/www.bravilor.com\/es\/#\/schema\/logo\/image\/"},"sameAs":["https:\/\/www.facebook.com\/bravilor.bonamat.bv"]}]}},"_links":{"self":[{"href":"https:\/\/www.bravilor.com\/es\/wp-json\/wp\/v2\/product\/854665","targetHints":{"allow":["GET"]}}],"collection":[{"href":"https:\/\/www.bravilor.com\/es\/wp-json\/wp\/v2\/product"}],"about":[{"href":"https:\/\/www.bravilor.com\/es\/wp-json\/wp\/v2\/types\/product"}],"wp:attachment":[{"href":"https:\/\/www.bravilor.com\/es\/wp-json\/wp\/v2\/media?parent=854665"}],"wp:term":[{"taxonomy":"product_category","embeddable":true,"href":"https:\/\/www.bravilor.com\/es\/wp-json\/wp\/v2\/product_category?post=854665"},{"taxonomy":"product_family","embeddable":true,"href":"https:\/\/www.bravilor.com\/es\/wp-json\/wp\/v2\/product_family?post=854665"},{"taxonomy":"recommended_usage","embeddable":true,"href":"https:\/\/www.bravilor.com\/es\/wp-json\/wp\/v2\/recommended_usage?post=854665"},{"taxonomy":"user_amount","embeddable":true,"href":"https:\/\/www.bravilor.com\/es\/wp-json\/wp\/v2\/user_amount?post=854665"},{"taxonomy":"ingredient","embeddable":true,"href":"https:\/\/www.bravilor.com\/es\/wp-json\/wp\/v2\/ingredient?post=854665"},{"taxonomy":"peak_consumption","embeddable":true,"href":"https:\/\/www.bravilor.com\/es\/wp-json\/wp\/v2\/peak_consumption?post=854665"},{"taxonomy":"water_connection","embeddable":true,"href":"https:\/\/www.bravilor.com\/es\/wp-json\/wp\/v2\/water_connection?post=854665"},{"taxonomy":"choice_of_beverages","embeddable":true,"href":"https:\/\/www.bravilor.com\/es\/wp-json\/wp\/v2\/choice_of_beverages?post=854665"},{"taxonomy":"milk_function","embeddable":true,"href":"https:\/\/www.bravilor.com\/es\/wp-json\/wp\/v2\/milk_function?post=854665"},{"taxonomy":"configuration_comparison","embeddable":true,"href":"https:\/\/www.bravilor.com\/es\/wp-json\/wp\/v2\/configuration_comparison?post=854665"}],"curies":[{"name":"wp","href":"https:\/\/api.w.org\/{rel}","templated":true}]}}