{"id":585395,"date":"2023-09-05T14:19:05","date_gmt":"2023-09-05T14:19:05","guid":{"rendered":"https:\/\/bravilor.com\/products\/"},"modified":"2025-04-28T12:28:17","modified_gmt":"2025-04-28T12:28:17","slug":"produits","status":"publish","type":"page","link":"https:\/\/www.bravilor.com\/fr-be\/produits\/","title":{"rendered":"Produits"},"content":{"rendered":"","protected":false},"excerpt":{"rendered":"","protected":false},"author":1,"featured_media":0,"parent":0,"menu_order":0,"comment_status":"closed","ping_status":"closed","template":"taxonomy-product_category.php","meta":{"_acf_changed":false,"footnotes":""},"class_list":["post-585395","page","type-page","status-publish","hentry"],"acf":[],"yoast_head":"<!-- This site is optimized with the Yoast SEO plugin v26.3 - https:\/\/yoast.com\/wordpress\/plugins\/seo\/ -->\n<title>Machines \u00e0 caf\u00e9 professionnelles - Bravilor Bonamat<\/title>\n<meta name=\"description\" content=\"Vous recherchez une machine \u00e0 caf\u00e9 professionnelle fiable et facile \u00e0 utiliser, adapt\u00e9e \u00e0 votre entreprise ? Demandez conseil d\u00e8s maintenant.\" \/>\n<meta name=\"robots\" content=\"index, follow, max-snippet:-1, max-image-preview:large, max-video-preview:-1\" \/>\n<link rel=\"canonical\" href=\"https:\/\/www.bravilor.com\/fr-be\/produits\/\" \/>\n<meta property=\"og:locale\" content=\"fr_FR\" \/>\n<meta property=\"og:type\" content=\"article\" \/>\n<meta property=\"og:title\" content=\"Machines \u00e0 caf\u00e9 professionnelles - Bravilor Bonamat\" \/>\n<meta property=\"og:description\" content=\"Vous recherchez une machine \u00e0 caf\u00e9 professionnelle fiable et facile \u00e0 utiliser, adapt\u00e9e \u00e0 votre entreprise ? Demandez conseil d\u00e8s maintenant.\" \/>\n<meta property=\"og:url\" content=\"https:\/\/www.bravilor.com\/fr-be\/produits\/\" \/>\n<meta property=\"og:site_name\" content=\"Bravilor Bonamat\" \/>\n<meta property=\"article:publisher\" content=\"https:\/\/www.facebook.com\/bravilor.bonamat.bv\" \/>\n<meta property=\"article:modified_time\" content=\"2025-04-28T12:28:17+00:00\" \/>\n<meta name=\"twitter:card\" content=\"summary_large_image\" \/>\n<script type=\"application\/ld+json\" class=\"yoast-schema-graph\">{\"@context\":\"https:\/\/schema.org\",\"@graph\":[{\"@type\":\"WebPage\",\"@id\":\"https:\/\/www.bravilor.com\/fr-be\/produits\/\",\"url\":\"https:\/\/www.bravilor.com\/fr-be\/produits\/\",\"name\":\"Machines \u00e0 caf\u00e9 professionnelles - Bravilor Bonamat\",\"isPartOf\":{\"@id\":\"https:\/\/www.bravilor.com\/fr-be\/#website\"},\"datePublished\":\"2023-09-05T14:19:05+00:00\",\"dateModified\":\"2025-04-28T12:28:17+00:00\",\"description\":\"Vous recherchez une machine \u00e0 caf\u00e9 professionnelle fiable et facile \u00e0 utiliser, adapt\u00e9e \u00e0 votre entreprise ? Demandez conseil d\u00e8s maintenant.\",\"inLanguage\":\"fr-BE\",\"potentialAction\":[{\"@type\":\"ReadAction\",\"target\":[\"https:\/\/www.bravilor.com\/fr-be\/produits\/\"]}]},{\"@type\":\"WebSite\",\"@id\":\"https:\/\/www.bravilor.com\/fr-be\/#website\",\"url\":\"https:\/\/www.bravilor.com\/fr-be\/\",\"name\":\"Bravilor Bonamat\",\"description\":\"Professional coffee machines and hot water dispensers\",\"publisher\":{\"@id\":\"https:\/\/www.bravilor.com\/fr-be\/#organization\"},\"potentialAction\":[{\"@type\":\"SearchAction\",\"target\":{\"@type\":\"EntryPoint\",\"urlTemplate\":\"https:\/\/www.bravilor.com\/fr-be\/?s={search_term_string}\"},\"query-input\":{\"@type\":\"PropertyValueSpecification\",\"valueRequired\":true,\"valueName\":\"search_term_string\"}}],\"inLanguage\":\"fr-BE\"},{\"@type\":\"Organization\",\"@id\":\"https:\/\/www.bravilor.com\/fr-be\/#organization\",\"name\":\"Bravilor Bonamat\",\"url\":\"https:\/\/www.bravilor.com\/fr-be\/\",\"logo\":{\"@type\":\"ImageObject\",\"inLanguage\":\"fr-BE\",\"@id\":\"https:\/\/www.bravilor.com\/fr-be\/#\/schema\/logo\/image\/\",\"url\":\"https:\/\/www.bravilor.com\/app\/uploads\/2024\/01\/logo.svg\",\"contentUrl\":\"https:\/\/www.bravilor.com\/app\/uploads\/2024\/01\/logo.svg\",\"width\":1,\"height\":1,\"caption\":\"Bravilor Bonamat\"},\"image\":{\"@id\":\"https:\/\/www.bravilor.com\/fr-be\/#\/schema\/logo\/image\/\"},\"sameAs\":[\"https:\/\/www.facebook.com\/bravilor.bonamat.bv\"]}]}<\/script>\n<!-- \/ Yoast SEO plugin. -->","yoast_head_json":{"title":"Machines \u00e0 caf\u00e9 professionnelles - Bravilor Bonamat","description":"Vous recherchez une machine \u00e0 caf\u00e9 professionnelle fiable et facile \u00e0 utiliser, adapt\u00e9e \u00e0 votre entreprise ? Demandez conseil d\u00e8s maintenant.","robots":{"index":"index","follow":"follow","max-snippet":"max-snippet:-1","max-image-preview":"max-image-preview:large","max-video-preview":"max-video-preview:-1"},"canonical":"https:\/\/www.bravilor.com\/fr-be\/produits\/","og_locale":"fr_FR","og_type":"article","og_title":"Machines \u00e0 caf\u00e9 professionnelles - Bravilor Bonamat","og_description":"Vous recherchez une machine \u00e0 caf\u00e9 professionnelle fiable et facile \u00e0 utiliser, adapt\u00e9e \u00e0 votre entreprise ? Demandez conseil d\u00e8s maintenant.","og_url":"https:\/\/www.bravilor.com\/fr-be\/produits\/","og_site_name":"Bravilor Bonamat","article_publisher":"https:\/\/www.facebook.com\/bravilor.bonamat.bv","article_modified_time":"2025-04-28T12:28:17+00:00","twitter_card":"summary_large_image","schema":{"@context":"https:\/\/schema.org","@graph":[{"@type":"WebPage","@id":"https:\/\/www.bravilor.com\/fr-be\/produits\/","url":"https:\/\/www.bravilor.com\/fr-be\/produits\/","name":"Machines \u00e0 caf\u00e9 professionnelles - Bravilor Bonamat","isPartOf":{"@id":"https:\/\/www.bravilor.com\/fr-be\/#website"},"datePublished":"2023-09-05T14:19:05+00:00","dateModified":"2025-04-28T12:28:17+00:00","description":"Vous recherchez une machine \u00e0 caf\u00e9 professionnelle fiable et facile \u00e0 utiliser, adapt\u00e9e \u00e0 votre entreprise ? Demandez conseil d\u00e8s maintenant.","inLanguage":"fr-BE","potentialAction":[{"@type":"ReadAction","target":["https:\/\/www.bravilor.com\/fr-be\/produits\/"]}]},{"@type":"WebSite","@id":"https:\/\/www.bravilor.com\/fr-be\/#website","url":"https:\/\/www.bravilor.com\/fr-be\/","name":"Bravilor Bonamat","description":"Professional coffee machines and hot water dispensers","publisher":{"@id":"https:\/\/www.bravilor.com\/fr-be\/#organization"},"potentialAction":[{"@type":"SearchAction","target":{"@type":"EntryPoint","urlTemplate":"https:\/\/www.bravilor.com\/fr-be\/?s={search_term_string}"},"query-input":{"@type":"PropertyValueSpecification","valueRequired":true,"valueName":"search_term_string"}}],"inLanguage":"fr-BE"},{"@type":"Organization","@id":"https:\/\/www.bravilor.com\/fr-be\/#organization","name":"Bravilor Bonamat","url":"https:\/\/www.bravilor.com\/fr-be\/","logo":{"@type":"ImageObject","inLanguage":"fr-BE","@id":"https:\/\/www.bravilor.com\/fr-be\/#\/schema\/logo\/image\/","url":"https:\/\/www.bravilor.com\/app\/uploads\/2024\/01\/logo.svg","contentUrl":"https:\/\/www.bravilor.com\/app\/uploads\/2024\/01\/logo.svg","width":1,"height":1,"caption":"Bravilor Bonamat"},"image":{"@id":"https:\/\/www.bravilor.com\/fr-be\/#\/schema\/logo\/image\/"},"sameAs":["https:\/\/www.facebook.com\/bravilor.bonamat.bv"]}]}},"_links":{"self":[{"href":"https:\/\/www.bravilor.com\/fr-be\/wp-json\/wp\/v2\/pages\/585395","targetHints":{"allow":["GET"]}}],"collection":[{"href":"https:\/\/www.bravilor.com\/fr-be\/wp-json\/wp\/v2\/pages"}],"about":[{"href":"https:\/\/www.bravilor.com\/fr-be\/wp-json\/wp\/v2\/types\/page"}],"author":[{"embeddable":true,"href":"https:\/\/www.bravilor.com\/fr-be\/wp-json\/wp\/v2\/users\/1"}],"replies":[{"embeddable":true,"href":"https:\/\/www.bravilor.com\/fr-be\/wp-json\/wp\/v2\/comments?post=585395"}],"version-history":[{"count":3,"href":"https:\/\/www.bravilor.com\/fr-be\/wp-json\/wp\/v2\/pages\/585395\/revisions"}],"predecessor-version":[{"id":839083,"href":"https:\/\/www.bravilor.com\/fr-be\/wp-json\/wp\/v2\/pages\/585395\/revisions\/839083"}],"wp:attachment":[{"href":"https:\/\/www.bravilor.com\/fr-be\/wp-json\/wp\/v2\/media?parent=585395"}],"curies":[{"name":"wp","href":"https:\/\/api.w.org\/{rel}","templated":true}]}}