{"id":586550,"date":"2023-09-29T08:25:19","date_gmt":"2023-09-29T08:25:19","guid":{"rendered":"https:\/\/bravilor.com\/sprso\/"},"modified":"2025-12-05T09:09:00","modified_gmt":"2025-12-05T09:09:00","slug":"sprso","status":"publish","type":"page","link":"https:\/\/www.bravilor.com\/fr-be\/sprso\/","title":{"rendered":"SPRSO"},"content":{"rendered":"","protected":false},"excerpt":{"rendered":"","protected":false},"author":1,"featured_media":0,"parent":0,"menu_order":0,"comment_status":"closed","ping_status":"closed","template":"templates\/template-enriched-series.php","meta":{"_acf_changed":false,"footnotes":""},"class_list":["post-586550","page","type-page","status-publish","hentry"],"acf":[],"yoast_head":"<!-- This site is optimized with the Yoast SEO plugin v26.3 - https:\/\/yoast.com\/wordpress\/plugins\/seo\/ -->\n<title>SPRSO - Bravilor Bonamat<\/title>\n<meta name=\"description\" content=\"SPRSO de est la machine \u00e0 caf\u00e9 id\u00e9ale pour les entreprises ambitieuses. Un bon caf\u00e9 rend les employ\u00e9s heureux. D\u00e9couvrez-en plus !\" \/>\n<meta name=\"robots\" content=\"index, follow, max-snippet:-1, max-image-preview:large, max-video-preview:-1\" \/>\n<link rel=\"canonical\" href=\"https:\/\/www.bravilor.com\/fr-be\/sprso\/\" \/>\n<meta property=\"og:locale\" content=\"fr_FR\" \/>\n<meta property=\"og:type\" content=\"article\" \/>\n<meta property=\"og:title\" content=\"SPRSO - Bravilor Bonamat\" \/>\n<meta property=\"og:description\" content=\"SPRSO de est la machine \u00e0 caf\u00e9 id\u00e9ale pour les entreprises ambitieuses. Un bon caf\u00e9 rend les employ\u00e9s heureux. D\u00e9couvrez-en plus !\" \/>\n<meta property=\"og:url\" content=\"https:\/\/www.bravilor.com\/fr-be\/sprso\/\" \/>\n<meta property=\"og:site_name\" content=\"Bravilor Bonamat\" \/>\n<meta property=\"article:publisher\" content=\"https:\/\/www.facebook.com\/bravilor.bonamat.bv\" \/>\n<meta property=\"article:modified_time\" content=\"2025-12-05T09:09:00+00:00\" \/>\n<meta name=\"twitter:card\" content=\"summary_large_image\" \/>\n<script type=\"application\/ld+json\" class=\"yoast-schema-graph\">{\"@context\":\"https:\/\/schema.org\",\"@graph\":[{\"@type\":\"WebPage\",\"@id\":\"https:\/\/www.bravilor.com\/fr-be\/sprso\/\",\"url\":\"https:\/\/www.bravilor.com\/fr-be\/sprso\/\",\"name\":\"SPRSO - Bravilor Bonamat\",\"isPartOf\":{\"@id\":\"https:\/\/www.bravilor.com\/fr-be\/#website\"},\"datePublished\":\"2023-09-29T08:25:19+00:00\",\"dateModified\":\"2025-12-05T09:09:00+00:00\",\"description\":\"SPRSO de est la machine \u00e0 caf\u00e9 id\u00e9ale pour les entreprises ambitieuses. Un bon caf\u00e9 rend les employ\u00e9s heureux. D\u00e9couvrez-en plus !\",\"inLanguage\":\"fr-BE\",\"potentialAction\":[{\"@type\":\"ReadAction\",\"target\":[\"https:\/\/www.bravilor.com\/fr-be\/sprso\/\"]}]},{\"@type\":\"WebSite\",\"@id\":\"https:\/\/www.bravilor.com\/fr-be\/#website\",\"url\":\"https:\/\/www.bravilor.com\/fr-be\/\",\"name\":\"Bravilor Bonamat\",\"description\":\"Professional coffee machines and hot water dispensers\",\"publisher\":{\"@id\":\"https:\/\/www.bravilor.com\/fr-be\/#organization\"},\"potentialAction\":[{\"@type\":\"SearchAction\",\"target\":{\"@type\":\"EntryPoint\",\"urlTemplate\":\"https:\/\/www.bravilor.com\/fr-be\/?s={search_term_string}\"},\"query-input\":{\"@type\":\"PropertyValueSpecification\",\"valueRequired\":true,\"valueName\":\"search_term_string\"}}],\"inLanguage\":\"fr-BE\"},{\"@type\":\"Organization\",\"@id\":\"https:\/\/www.bravilor.com\/fr-be\/#organization\",\"name\":\"Bravilor Bonamat\",\"url\":\"https:\/\/www.bravilor.com\/fr-be\/\",\"logo\":{\"@type\":\"ImageObject\",\"inLanguage\":\"fr-BE\",\"@id\":\"https:\/\/www.bravilor.com\/fr-be\/#\/schema\/logo\/image\/\",\"url\":\"https:\/\/www.bravilor.com\/app\/uploads\/2024\/01\/logo.svg\",\"contentUrl\":\"https:\/\/www.bravilor.com\/app\/uploads\/2024\/01\/logo.svg\",\"width\":1,\"height\":1,\"caption\":\"Bravilor Bonamat\"},\"image\":{\"@id\":\"https:\/\/www.bravilor.com\/fr-be\/#\/schema\/logo\/image\/\"},\"sameAs\":[\"https:\/\/www.facebook.com\/bravilor.bonamat.bv\"]}]}<\/script>\n<!-- \/ Yoast SEO plugin. -->","yoast_head_json":{"title":"SPRSO - Bravilor Bonamat","description":"SPRSO de est la machine \u00e0 caf\u00e9 id\u00e9ale pour les entreprises ambitieuses. Un bon caf\u00e9 rend les employ\u00e9s heureux. D\u00e9couvrez-en plus !","robots":{"index":"index","follow":"follow","max-snippet":"max-snippet:-1","max-image-preview":"max-image-preview:large","max-video-preview":"max-video-preview:-1"},"canonical":"https:\/\/www.bravilor.com\/fr-be\/sprso\/","og_locale":"fr_FR","og_type":"article","og_title":"SPRSO - Bravilor Bonamat","og_description":"SPRSO de est la machine \u00e0 caf\u00e9 id\u00e9ale pour les entreprises ambitieuses. Un bon caf\u00e9 rend les employ\u00e9s heureux. D\u00e9couvrez-en plus !","og_url":"https:\/\/www.bravilor.com\/fr-be\/sprso\/","og_site_name":"Bravilor Bonamat","article_publisher":"https:\/\/www.facebook.com\/bravilor.bonamat.bv","article_modified_time":"2025-12-05T09:09:00+00:00","twitter_card":"summary_large_image","schema":{"@context":"https:\/\/schema.org","@graph":[{"@type":"WebPage","@id":"https:\/\/www.bravilor.com\/fr-be\/sprso\/","url":"https:\/\/www.bravilor.com\/fr-be\/sprso\/","name":"SPRSO - Bravilor Bonamat","isPartOf":{"@id":"https:\/\/www.bravilor.com\/fr-be\/#website"},"datePublished":"2023-09-29T08:25:19+00:00","dateModified":"2025-12-05T09:09:00+00:00","description":"SPRSO de est la machine \u00e0 caf\u00e9 id\u00e9ale pour les entreprises ambitieuses. Un bon caf\u00e9 rend les employ\u00e9s heureux. D\u00e9couvrez-en plus !","inLanguage":"fr-BE","potentialAction":[{"@type":"ReadAction","target":["https:\/\/www.bravilor.com\/fr-be\/sprso\/"]}]},{"@type":"WebSite","@id":"https:\/\/www.bravilor.com\/fr-be\/#website","url":"https:\/\/www.bravilor.com\/fr-be\/","name":"Bravilor Bonamat","description":"Professional coffee machines and hot water dispensers","publisher":{"@id":"https:\/\/www.bravilor.com\/fr-be\/#organization"},"potentialAction":[{"@type":"SearchAction","target":{"@type":"EntryPoint","urlTemplate":"https:\/\/www.bravilor.com\/fr-be\/?s={search_term_string}"},"query-input":{"@type":"PropertyValueSpecification","valueRequired":true,"valueName":"search_term_string"}}],"inLanguage":"fr-BE"},{"@type":"Organization","@id":"https:\/\/www.bravilor.com\/fr-be\/#organization","name":"Bravilor Bonamat","url":"https:\/\/www.bravilor.com\/fr-be\/","logo":{"@type":"ImageObject","inLanguage":"fr-BE","@id":"https:\/\/www.bravilor.com\/fr-be\/#\/schema\/logo\/image\/","url":"https:\/\/www.bravilor.com\/app\/uploads\/2024\/01\/logo.svg","contentUrl":"https:\/\/www.bravilor.com\/app\/uploads\/2024\/01\/logo.svg","width":1,"height":1,"caption":"Bravilor Bonamat"},"image":{"@id":"https:\/\/www.bravilor.com\/fr-be\/#\/schema\/logo\/image\/"},"sameAs":["https:\/\/www.facebook.com\/bravilor.bonamat.bv"]}]}},"_links":{"self":[{"href":"https:\/\/www.bravilor.com\/fr-be\/wp-json\/wp\/v2\/pages\/586550","targetHints":{"allow":["GET"]}}],"collection":[{"href":"https:\/\/www.bravilor.com\/fr-be\/wp-json\/wp\/v2\/pages"}],"about":[{"href":"https:\/\/www.bravilor.com\/fr-be\/wp-json\/wp\/v2\/types\/page"}],"author":[{"embeddable":true,"href":"https:\/\/www.bravilor.com\/fr-be\/wp-json\/wp\/v2\/users\/1"}],"replies":[{"embeddable":true,"href":"https:\/\/www.bravilor.com\/fr-be\/wp-json\/wp\/v2\/comments?post=586550"}],"version-history":[{"count":6,"href":"https:\/\/www.bravilor.com\/fr-be\/wp-json\/wp\/v2\/pages\/586550\/revisions"}],"predecessor-version":[{"id":855265,"href":"https:\/\/www.bravilor.com\/fr-be\/wp-json\/wp\/v2\/pages\/586550\/revisions\/855265"}],"wp:attachment":[{"href":"https:\/\/www.bravilor.com\/fr-be\/wp-json\/wp\/v2\/media?parent=586550"}],"curies":[{"name":"wp","href":"https:\/\/api.w.org\/{rel}","templated":true}]}}