{"id":847084,"date":"2025-10-13T08:42:24","date_gmt":"2025-10-13T08:42:24","guid":{"rendered":"https:\/\/www.bravilor.com\/?page_id=847084"},"modified":"2026-02-12T15:36:01","modified_gmt":"2026-02-12T15:36:01","slug":"bolero","status":"publish","type":"page","link":"https:\/\/www.bravilor.com\/fr-be\/bolero\/","title":{"rendered":"Bolero"},"content":{"rendered":"","protected":false},"excerpt":{"rendered":"","protected":false},"author":1,"featured_media":29585,"parent":0,"menu_order":0,"comment_status":"open","ping_status":"closed","template":"templates\/template-enriched-series-new.php","meta":{"_acf_changed":false,"footnotes":""},"class_list":["post-847084","page","type-page","status-publish","has-post-thumbnail","hentry"],"acf":[],"yoast_head":"<!-- This site is optimized with the Yoast SEO plugin v26.3 - https:\/\/yoast.com\/wordpress\/plugins\/seo\/ -->\n<title>Bolero - Bravilor Bonamat<\/title>\n<meta name=\"description\" content=\"Bolero de est la machine \u00e0 caf\u00e9 id\u00e9ale pour les entreprises ambitieuses. Un bon caf\u00e9 rend les employ\u00e9s heureux. D\u00e9couvrez-en plus !\" \/>\n<meta name=\"robots\" content=\"index, follow, max-snippet:-1, max-image-preview:large, max-video-preview:-1\" \/>\n<link rel=\"canonical\" href=\"https:\/\/www.bravilor.com\/fr-be\/bolero\/\" \/>\n<meta property=\"og:locale\" content=\"fr_FR\" \/>\n<meta property=\"og:type\" content=\"article\" \/>\n<meta property=\"og:title\" content=\"Bolero - Bravilor Bonamat\" \/>\n<meta property=\"og:description\" content=\"Bolero de est la machine \u00e0 caf\u00e9 id\u00e9ale pour les entreprises ambitieuses. Un bon caf\u00e9 rend les employ\u00e9s heureux. D\u00e9couvrez-en plus !\" \/>\n<meta property=\"og:url\" content=\"https:\/\/www.bravilor.com\/fr-be\/bolero\/\" \/>\n<meta property=\"og:site_name\" content=\"Bravilor Bonamat\" \/>\n<meta property=\"article:publisher\" content=\"https:\/\/www.facebook.com\/bravilor.bonamat.bv\" \/>\n<meta property=\"article:modified_time\" content=\"2026-02-12T15:36:01+00:00\" \/>\n<meta property=\"og:image\" content=\"https:\/\/www.bravilor.com\/app\/uploads\/2023\/09\/pho-app-bolero-32-43-buffet-environment-0003-jpg.jpeg\" \/>\n\t<meta property=\"og:image:width\" content=\"1000\" \/>\n\t<meta property=\"og:image:height\" content=\"563\" \/>\n\t<meta property=\"og:image:type\" content=\"image\/jpeg\" \/>\n<meta name=\"twitter:card\" content=\"summary_large_image\" \/>\n<meta name=\"twitter:label1\" content=\"Est. reading time\" \/>\n\t<meta name=\"twitter:data1\" content=\"1 minute\" \/>\n<script type=\"application\/ld+json\" class=\"yoast-schema-graph\">{\"@context\":\"https:\/\/schema.org\",\"@graph\":[{\"@type\":\"WebPage\",\"@id\":\"https:\/\/www.bravilor.com\/fr-be\/bolero\/\",\"url\":\"https:\/\/www.bravilor.com\/fr-be\/bolero\/\",\"name\":\"Bolero - Bravilor Bonamat\",\"isPartOf\":{\"@id\":\"https:\/\/www.bravilor.com\/fr-be\/#website\"},\"primaryImageOfPage\":{\"@id\":\"https:\/\/www.bravilor.com\/fr-be\/bolero\/#primaryimage\"},\"image\":{\"@id\":\"https:\/\/www.bravilor.com\/fr-be\/bolero\/#primaryimage\"},\"thumbnailUrl\":\"https:\/\/www.bravilor.com\/app\/uploads\/2023\/09\/pho-app-bolero-32-43-buffet-environment-0003-jpg.jpeg\",\"datePublished\":\"2025-10-13T08:42:24+00:00\",\"dateModified\":\"2026-02-12T15:36:01+00:00\",\"description\":\"Bolero de est la machine \u00e0 caf\u00e9 id\u00e9ale pour les entreprises ambitieuses. Un bon caf\u00e9 rend les employ\u00e9s heureux. D\u00e9couvrez-en plus !\",\"inLanguage\":\"fr-BE\",\"potentialAction\":[{\"@type\":\"ReadAction\",\"target\":[\"https:\/\/www.bravilor.com\/fr-be\/bolero\/\"]}]},{\"@type\":\"ImageObject\",\"inLanguage\":\"fr-BE\",\"@id\":\"https:\/\/www.bravilor.com\/fr-be\/bolero\/#primaryimage\",\"url\":\"https:\/\/www.bravilor.com\/app\/uploads\/2023\/09\/pho-app-bolero-32-43-buffet-environment-0003-jpg.jpeg\",\"contentUrl\":\"https:\/\/www.bravilor.com\/app\/uploads\/2023\/09\/pho-app-bolero-32-43-buffet-environment-0003-jpg.jpeg\",\"width\":1000,\"height\":563},{\"@type\":\"WebSite\",\"@id\":\"https:\/\/www.bravilor.com\/fr-be\/#website\",\"url\":\"https:\/\/www.bravilor.com\/fr-be\/\",\"name\":\"Bravilor Bonamat\",\"description\":\"Professional coffee machines and hot water dispensers\",\"publisher\":{\"@id\":\"https:\/\/www.bravilor.com\/fr-be\/#organization\"},\"potentialAction\":[{\"@type\":\"SearchAction\",\"target\":{\"@type\":\"EntryPoint\",\"urlTemplate\":\"https:\/\/www.bravilor.com\/fr-be\/?s={search_term_string}\"},\"query-input\":{\"@type\":\"PropertyValueSpecification\",\"valueRequired\":true,\"valueName\":\"search_term_string\"}}],\"inLanguage\":\"fr-BE\"},{\"@type\":\"Organization\",\"@id\":\"https:\/\/www.bravilor.com\/fr-be\/#organization\",\"name\":\"Bravilor Bonamat\",\"url\":\"https:\/\/www.bravilor.com\/fr-be\/\",\"logo\":{\"@type\":\"ImageObject\",\"inLanguage\":\"fr-BE\",\"@id\":\"https:\/\/www.bravilor.com\/fr-be\/#\/schema\/logo\/image\/\",\"url\":\"https:\/\/www.bravilor.com\/app\/uploads\/2024\/01\/logo.svg\",\"contentUrl\":\"https:\/\/www.bravilor.com\/app\/uploads\/2024\/01\/logo.svg\",\"width\":1,\"height\":1,\"caption\":\"Bravilor Bonamat\"},\"image\":{\"@id\":\"https:\/\/www.bravilor.com\/fr-be\/#\/schema\/logo\/image\/\"},\"sameAs\":[\"https:\/\/www.facebook.com\/bravilor.bonamat.bv\"]}]}<\/script>\n<!-- \/ Yoast SEO plugin. -->","yoast_head_json":{"title":"Bolero - Bravilor Bonamat","description":"Bolero de est la machine \u00e0 caf\u00e9 id\u00e9ale pour les entreprises ambitieuses. Un bon caf\u00e9 rend les employ\u00e9s heureux. D\u00e9couvrez-en plus !","robots":{"index":"index","follow":"follow","max-snippet":"max-snippet:-1","max-image-preview":"max-image-preview:large","max-video-preview":"max-video-preview:-1"},"canonical":"https:\/\/www.bravilor.com\/fr-be\/bolero\/","og_locale":"fr_FR","og_type":"article","og_title":"Bolero - Bravilor Bonamat","og_description":"Bolero de est la machine \u00e0 caf\u00e9 id\u00e9ale pour les entreprises ambitieuses. Un bon caf\u00e9 rend les employ\u00e9s heureux. D\u00e9couvrez-en plus !","og_url":"https:\/\/www.bravilor.com\/fr-be\/bolero\/","og_site_name":"Bravilor Bonamat","article_publisher":"https:\/\/www.facebook.com\/bravilor.bonamat.bv","article_modified_time":"2026-02-12T15:36:01+00:00","og_image":[{"width":1000,"height":563,"url":"https:\/\/www.bravilor.com\/app\/uploads\/2023\/09\/pho-app-bolero-32-43-buffet-environment-0003-jpg.jpeg","type":"image\/jpeg"}],"twitter_card":"summary_large_image","twitter_misc":{"Est. reading time":"1 minute"},"schema":{"@context":"https:\/\/schema.org","@graph":[{"@type":"WebPage","@id":"https:\/\/www.bravilor.com\/fr-be\/bolero\/","url":"https:\/\/www.bravilor.com\/fr-be\/bolero\/","name":"Bolero - Bravilor Bonamat","isPartOf":{"@id":"https:\/\/www.bravilor.com\/fr-be\/#website"},"primaryImageOfPage":{"@id":"https:\/\/www.bravilor.com\/fr-be\/bolero\/#primaryimage"},"image":{"@id":"https:\/\/www.bravilor.com\/fr-be\/bolero\/#primaryimage"},"thumbnailUrl":"https:\/\/www.bravilor.com\/app\/uploads\/2023\/09\/pho-app-bolero-32-43-buffet-environment-0003-jpg.jpeg","datePublished":"2025-10-13T08:42:24+00:00","dateModified":"2026-02-12T15:36:01+00:00","description":"Bolero de est la machine \u00e0 caf\u00e9 id\u00e9ale pour les entreprises ambitieuses. Un bon caf\u00e9 rend les employ\u00e9s heureux. D\u00e9couvrez-en plus !","inLanguage":"fr-BE","potentialAction":[{"@type":"ReadAction","target":["https:\/\/www.bravilor.com\/fr-be\/bolero\/"]}]},{"@type":"ImageObject","inLanguage":"fr-BE","@id":"https:\/\/www.bravilor.com\/fr-be\/bolero\/#primaryimage","url":"https:\/\/www.bravilor.com\/app\/uploads\/2023\/09\/pho-app-bolero-32-43-buffet-environment-0003-jpg.jpeg","contentUrl":"https:\/\/www.bravilor.com\/app\/uploads\/2023\/09\/pho-app-bolero-32-43-buffet-environment-0003-jpg.jpeg","width":1000,"height":563},{"@type":"WebSite","@id":"https:\/\/www.bravilor.com\/fr-be\/#website","url":"https:\/\/www.bravilor.com\/fr-be\/","name":"Bravilor Bonamat","description":"Professional coffee machines and hot water dispensers","publisher":{"@id":"https:\/\/www.bravilor.com\/fr-be\/#organization"},"potentialAction":[{"@type":"SearchAction","target":{"@type":"EntryPoint","urlTemplate":"https:\/\/www.bravilor.com\/fr-be\/?s={search_term_string}"},"query-input":{"@type":"PropertyValueSpecification","valueRequired":true,"valueName":"search_term_string"}}],"inLanguage":"fr-BE"},{"@type":"Organization","@id":"https:\/\/www.bravilor.com\/fr-be\/#organization","name":"Bravilor Bonamat","url":"https:\/\/www.bravilor.com\/fr-be\/","logo":{"@type":"ImageObject","inLanguage":"fr-BE","@id":"https:\/\/www.bravilor.com\/fr-be\/#\/schema\/logo\/image\/","url":"https:\/\/www.bravilor.com\/app\/uploads\/2024\/01\/logo.svg","contentUrl":"https:\/\/www.bravilor.com\/app\/uploads\/2024\/01\/logo.svg","width":1,"height":1,"caption":"Bravilor Bonamat"},"image":{"@id":"https:\/\/www.bravilor.com\/fr-be\/#\/schema\/logo\/image\/"},"sameAs":["https:\/\/www.facebook.com\/bravilor.bonamat.bv"]}]}},"_links":{"self":[{"href":"https:\/\/www.bravilor.com\/fr-be\/wp-json\/wp\/v2\/pages\/847084","targetHints":{"allow":["GET"]}}],"collection":[{"href":"https:\/\/www.bravilor.com\/fr-be\/wp-json\/wp\/v2\/pages"}],"about":[{"href":"https:\/\/www.bravilor.com\/fr-be\/wp-json\/wp\/v2\/types\/page"}],"author":[{"embeddable":true,"href":"https:\/\/www.bravilor.com\/fr-be\/wp-json\/wp\/v2\/users\/1"}],"replies":[{"embeddable":true,"href":"https:\/\/www.bravilor.com\/fr-be\/wp-json\/wp\/v2\/comments?post=847084"}],"version-history":[{"count":12,"href":"https:\/\/www.bravilor.com\/fr-be\/wp-json\/wp\/v2\/pages\/847084\/revisions"}],"predecessor-version":[{"id":861226,"href":"https:\/\/www.bravilor.com\/fr-be\/wp-json\/wp\/v2\/pages\/847084\/revisions\/861226"}],"wp:featuredmedia":[{"embeddable":true,"href":"https:\/\/www.bravilor.com\/fr-be\/wp-json\/wp\/v2\/media\/29585"}],"wp:attachment":[{"href":"https:\/\/www.bravilor.com\/fr-be\/wp-json\/wp\/v2\/media?parent=847084"}],"curies":[{"name":"wp","href":"https:\/\/api.w.org\/{rel}","templated":true}]}}