{"id":834248,"date":"2025-03-03T16:19:41","date_gmt":"2025-03-03T16:19:41","guid":{"rendered":"https:\/\/www.bravilor.com\/products\/egouttoir-b5-hw\/"},"modified":"2026-04-03T13:10:11","modified_gmt":"2026-04-03T13:10:11","slug":"egouttoir-b5-hw","status":"publish","type":"product","link":"https:\/\/www.bravilor.com\/fr\/products\/accessories-fr\/egouttoir-b5-hw\/","title":{"rendered":"\u00c9gouttoir de B5 HW"},"content":{"rendered":"","protected":false},"excerpt":{"rendered":"","protected":false},"featured_media":0,"template":"","product_category":[1984,2075],"product_family":[1130],"recommended_usage":[],"user_amount":[],"ingredient":[],"peak_consumption":[],"water_connection":[],"choice_of_beverages":[],"milk_function":[],"configuration_comparison":[],"class_list":["post-834248","product","type-product","status-publish","hentry","product_category-accessories-fr","product_category-drip-trays-and-pedestals-fr","product_family-accessories-fr"],"acf":[],"yoast_head":"<!-- This site is optimized with the Yoast SEO plugin v26.3 - https:\/\/yoast.com\/wordpress\/plugins\/seo\/ -->\n<title>\u00c9gouttoir de B5 HW - Bravilor Bonamat<\/title>\n<meta name=\"description\" content=\"D\u00e9couvrez \u00c9gouttoir de B5 HW sur Bravilor Bonamat ! En savoir plus sur \u00c9gouttoir de B5 HW et contactez-nous pour des conseils professionnels et des options d&#039;achat.\" \/>\n<meta name=\"robots\" content=\"index, follow, max-snippet:-1, max-image-preview:large, max-video-preview:-1\" \/>\n<link rel=\"canonical\" href=\"https:\/\/www.bravilor.com\/fr\/products\/accessories-fr\/egouttoir-b5-hw\/\" \/>\n<meta property=\"og:locale\" content=\"fr_FR\" \/>\n<meta property=\"og:type\" content=\"article\" \/>\n<meta property=\"og:title\" content=\"\u00c9gouttoir de B5 HW - Bravilor Bonamat\" \/>\n<meta property=\"og:description\" content=\"D\u00e9couvrez \u00c9gouttoir de B5 HW sur Bravilor Bonamat ! En savoir plus sur \u00c9gouttoir de B5 HW et contactez-nous pour des conseils professionnels et des options d&#039;achat.\" \/>\n<meta property=\"og:url\" content=\"https:\/\/www.bravilor.com\/fr\/products\/accessories-fr\/egouttoir-b5-hw\/\" \/>\n<meta property=\"og:site_name\" content=\"Bravilor Bonamat\" \/>\n<meta property=\"article:publisher\" content=\"https:\/\/www.facebook.com\/bravilor.bonamat.bv\" \/>\n<meta property=\"article:modified_time\" content=\"2026-04-03T13:10:11+00:00\" \/>\n<meta name=\"twitter:card\" content=\"summary_large_image\" \/>\n<script type=\"application\/ld+json\" class=\"yoast-schema-graph\">{\"@context\":\"https:\/\/schema.org\",\"@graph\":[{\"@type\":\"WebPage\",\"@id\":\"https:\/\/www.bravilor.com\/fr\/products\/accessories-fr\/egouttoir-b5-hw\/\",\"url\":\"https:\/\/www.bravilor.com\/fr\/products\/accessories-fr\/egouttoir-b5-hw\/\",\"name\":\"\u00c9gouttoir de B5 HW - Bravilor Bonamat\",\"isPartOf\":{\"@id\":\"https:\/\/www.bravilor.com\/fr\/#website\"},\"datePublished\":\"2025-03-03T16:19:41+00:00\",\"dateModified\":\"2026-04-03T13:10:11+00:00\",\"description\":\"D\u00e9couvrez \u00c9gouttoir de B5 HW sur Bravilor Bonamat ! En savoir plus sur \u00c9gouttoir de B5 HW et contactez-nous pour des conseils professionnels et des options d'achat.\",\"inLanguage\":\"fr-FR\",\"potentialAction\":[{\"@type\":\"ReadAction\",\"target\":[\"https:\/\/www.bravilor.com\/fr\/products\/accessories-fr\/egouttoir-b5-hw\/\"]}]},{\"@type\":\"WebSite\",\"@id\":\"https:\/\/www.bravilor.com\/fr\/#website\",\"url\":\"https:\/\/www.bravilor.com\/fr\/\",\"name\":\"Bravilor Bonamat\",\"description\":\"Professional coffee machines and hot water dispensers\",\"publisher\":{\"@id\":\"https:\/\/www.bravilor.com\/fr\/#organization\"},\"potentialAction\":[{\"@type\":\"SearchAction\",\"target\":{\"@type\":\"EntryPoint\",\"urlTemplate\":\"https:\/\/www.bravilor.com\/fr\/?s={search_term_string}\"},\"query-input\":{\"@type\":\"PropertyValueSpecification\",\"valueRequired\":true,\"valueName\":\"search_term_string\"}}],\"inLanguage\":\"fr-FR\"},{\"@type\":\"Organization\",\"@id\":\"https:\/\/www.bravilor.com\/fr\/#organization\",\"name\":\"Bravilor Bonamat\",\"url\":\"https:\/\/www.bravilor.com\/fr\/\",\"logo\":{\"@type\":\"ImageObject\",\"inLanguage\":\"fr-FR\",\"@id\":\"https:\/\/www.bravilor.com\/fr\/#\/schema\/logo\/image\/\",\"url\":\"https:\/\/www.bravilor.com\/app\/uploads\/2024\/01\/logo.svg\",\"contentUrl\":\"https:\/\/www.bravilor.com\/app\/uploads\/2024\/01\/logo.svg\",\"width\":1,\"height\":1,\"caption\":\"Bravilor Bonamat\"},\"image\":{\"@id\":\"https:\/\/www.bravilor.com\/fr\/#\/schema\/logo\/image\/\"},\"sameAs\":[\"https:\/\/www.facebook.com\/bravilor.bonamat.bv\"]}]}<\/script>\n<!-- \/ Yoast SEO plugin. -->","yoast_head_json":{"title":"\u00c9gouttoir de B5 HW - Bravilor Bonamat","description":"D\u00e9couvrez \u00c9gouttoir de B5 HW sur Bravilor Bonamat ! En savoir plus sur \u00c9gouttoir de B5 HW et contactez-nous pour des conseils professionnels et des options d'achat.","robots":{"index":"index","follow":"follow","max-snippet":"max-snippet:-1","max-image-preview":"max-image-preview:large","max-video-preview":"max-video-preview:-1"},"canonical":"https:\/\/www.bravilor.com\/fr\/products\/accessories-fr\/egouttoir-b5-hw\/","og_locale":"fr_FR","og_type":"article","og_title":"\u00c9gouttoir de B5 HW - Bravilor Bonamat","og_description":"D\u00e9couvrez \u00c9gouttoir de B5 HW sur Bravilor Bonamat ! En savoir plus sur \u00c9gouttoir de B5 HW et contactez-nous pour des conseils professionnels et des options d'achat.","og_url":"https:\/\/www.bravilor.com\/fr\/products\/accessories-fr\/egouttoir-b5-hw\/","og_site_name":"Bravilor Bonamat","article_publisher":"https:\/\/www.facebook.com\/bravilor.bonamat.bv","article_modified_time":"2026-04-03T13:10:11+00:00","twitter_card":"summary_large_image","schema":{"@context":"https:\/\/schema.org","@graph":[{"@type":"WebPage","@id":"https:\/\/www.bravilor.com\/fr\/products\/accessories-fr\/egouttoir-b5-hw\/","url":"https:\/\/www.bravilor.com\/fr\/products\/accessories-fr\/egouttoir-b5-hw\/","name":"\u00c9gouttoir de B5 HW - Bravilor Bonamat","isPartOf":{"@id":"https:\/\/www.bravilor.com\/fr\/#website"},"datePublished":"2025-03-03T16:19:41+00:00","dateModified":"2026-04-03T13:10:11+00:00","description":"D\u00e9couvrez \u00c9gouttoir de B5 HW sur Bravilor Bonamat ! En savoir plus sur \u00c9gouttoir de B5 HW et contactez-nous pour des conseils professionnels et des options d'achat.","inLanguage":"fr-FR","potentialAction":[{"@type":"ReadAction","target":["https:\/\/www.bravilor.com\/fr\/products\/accessories-fr\/egouttoir-b5-hw\/"]}]},{"@type":"WebSite","@id":"https:\/\/www.bravilor.com\/fr\/#website","url":"https:\/\/www.bravilor.com\/fr\/","name":"Bravilor Bonamat","description":"Professional coffee machines and hot water dispensers","publisher":{"@id":"https:\/\/www.bravilor.com\/fr\/#organization"},"potentialAction":[{"@type":"SearchAction","target":{"@type":"EntryPoint","urlTemplate":"https:\/\/www.bravilor.com\/fr\/?s={search_term_string}"},"query-input":{"@type":"PropertyValueSpecification","valueRequired":true,"valueName":"search_term_string"}}],"inLanguage":"fr-FR"},{"@type":"Organization","@id":"https:\/\/www.bravilor.com\/fr\/#organization","name":"Bravilor Bonamat","url":"https:\/\/www.bravilor.com\/fr\/","logo":{"@type":"ImageObject","inLanguage":"fr-FR","@id":"https:\/\/www.bravilor.com\/fr\/#\/schema\/logo\/image\/","url":"https:\/\/www.bravilor.com\/app\/uploads\/2024\/01\/logo.svg","contentUrl":"https:\/\/www.bravilor.com\/app\/uploads\/2024\/01\/logo.svg","width":1,"height":1,"caption":"Bravilor Bonamat"},"image":{"@id":"https:\/\/www.bravilor.com\/fr\/#\/schema\/logo\/image\/"},"sameAs":["https:\/\/www.facebook.com\/bravilor.bonamat.bv"]}]}},"_links":{"self":[{"href":"https:\/\/www.bravilor.com\/fr\/wp-json\/wp\/v2\/product\/834248","targetHints":{"allow":["GET"]}}],"collection":[{"href":"https:\/\/www.bravilor.com\/fr\/wp-json\/wp\/v2\/product"}],"about":[{"href":"https:\/\/www.bravilor.com\/fr\/wp-json\/wp\/v2\/types\/product"}],"wp:attachment":[{"href":"https:\/\/www.bravilor.com\/fr\/wp-json\/wp\/v2\/media?parent=834248"}],"wp:term":[{"taxonomy":"product_category","embeddable":true,"href":"https:\/\/www.bravilor.com\/fr\/wp-json\/wp\/v2\/product_category?post=834248"},{"taxonomy":"product_family","embeddable":true,"href":"https:\/\/www.bravilor.com\/fr\/wp-json\/wp\/v2\/product_family?post=834248"},{"taxonomy":"recommended_usage","embeddable":true,"href":"https:\/\/www.bravilor.com\/fr\/wp-json\/wp\/v2\/recommended_usage?post=834248"},{"taxonomy":"user_amount","embeddable":true,"href":"https:\/\/www.bravilor.com\/fr\/wp-json\/wp\/v2\/user_amount?post=834248"},{"taxonomy":"ingredient","embeddable":true,"href":"https:\/\/www.bravilor.com\/fr\/wp-json\/wp\/v2\/ingredient?post=834248"},{"taxonomy":"peak_consumption","embeddable":true,"href":"https:\/\/www.bravilor.com\/fr\/wp-json\/wp\/v2\/peak_consumption?post=834248"},{"taxonomy":"water_connection","embeddable":true,"href":"https:\/\/www.bravilor.com\/fr\/wp-json\/wp\/v2\/water_connection?post=834248"},{"taxonomy":"choice_of_beverages","embeddable":true,"href":"https:\/\/www.bravilor.com\/fr\/wp-json\/wp\/v2\/choice_of_beverages?post=834248"},{"taxonomy":"milk_function","embeddable":true,"href":"https:\/\/www.bravilor.com\/fr\/wp-json\/wp\/v2\/milk_function?post=834248"},{"taxonomy":"configuration_comparison","embeddable":true,"href":"https:\/\/www.bravilor.com\/fr\/wp-json\/wp\/v2\/configuration_comparison?post=834248"}],"curies":[{"name":"wp","href":"https:\/\/api.w.org\/{rel}","templated":true}]}}