{"id":505631,"date":"2023-10-12T17:21:03","date_gmt":"2023-10-12T17:21:03","guid":{"rendered":"https:\/\/bravilor.com\/products\/spillbrett-for-esprecious-12-og-22-avlopssett-inkludert\/"},"modified":"2026-04-12T02:26:39","modified_gmt":"2026-04-12T02:26:39","slug":"spillbrett-for-esprecious-12-og-22-avlopssett-inkludert","status":"publish","type":"product","link":"https:\/\/www.bravilor.com\/no\/products\/accessories-no\/spillbrett-for-esprecious-12-og-22-avlopssett-inkludert\/","title":{"rendered":"Spillbrett for Esprecious 12 og 22 (avl\u00f8pssett inkludert)"},"content":{"rendered":"","protected":false},"excerpt":{"rendered":"","protected":false},"featured_media":0,"template":"","product_category":[1988,2079],"product_family":[1134],"recommended_usage":[],"user_amount":[],"ingredient":[],"peak_consumption":[],"water_connection":[],"choice_of_beverages":[],"milk_function":[],"configuration_comparison":[],"class_list":["post-505631","product","type-product","status-publish","hentry","product_category-accessories-no","product_category-drip-trays-and-pedestals-no","product_family-accessories-no"],"acf":[],"yoast_head":"<!-- This site is optimized with the Yoast SEO plugin v26.3 - https:\/\/yoast.com\/wordpress\/plugins\/seo\/ -->\n<title>Spillbrett for Esprecious 12 og 22 (avl\u00f8pssett inkludert) - Bravilor Bonamat<\/title>\n<meta name=\"description\" content=\"Oppdag Spillbrett for Esprecious 12 og 22 (avl\u00f8pssett inkludert) p\u00e5 Bravilor Bonamat! L\u00e6r mer om Spillbrett for Esprecious 12 og 22 (avl\u00f8pssett inkludert) og ta kontakt for profesjonell r\u00e5dgivning og kj\u00f8psmuligheter.\" \/>\n<meta name=\"robots\" content=\"index, follow, max-snippet:-1, max-image-preview:large, max-video-preview:-1\" \/>\n<link rel=\"canonical\" href=\"https:\/\/www.bravilor.com\/no\/products\/accessories-no\/spillbrett-for-esprecious-12-og-22-avlopssett-inkludert\/\" \/>\n<meta property=\"og:locale\" content=\"nb_NO\" \/>\n<meta property=\"og:type\" content=\"article\" \/>\n<meta property=\"og:title\" content=\"Spillbrett for Esprecious 12 og 22 (avl\u00f8pssett inkludert) - Bravilor Bonamat\" \/>\n<meta property=\"og:description\" content=\"Oppdag Spillbrett for Esprecious 12 og 22 (avl\u00f8pssett inkludert) p\u00e5 Bravilor Bonamat! L\u00e6r mer om Spillbrett for Esprecious 12 og 22 (avl\u00f8pssett inkludert) og ta kontakt for profesjonell r\u00e5dgivning og kj\u00f8psmuligheter.\" \/>\n<meta property=\"og:url\" content=\"https:\/\/www.bravilor.com\/no\/products\/accessories-no\/spillbrett-for-esprecious-12-og-22-avlopssett-inkludert\/\" \/>\n<meta property=\"og:site_name\" content=\"Bravilor Bonamat\" \/>\n<meta property=\"article:publisher\" content=\"https:\/\/www.facebook.com\/bravilor.bonamat.bv\" \/>\n<meta property=\"article:modified_time\" content=\"2026-04-12T02:26:39+00:00\" \/>\n<meta name=\"twitter:card\" content=\"summary_large_image\" \/>\n<script type=\"application\/ld+json\" class=\"yoast-schema-graph\">{\"@context\":\"https:\/\/schema.org\",\"@graph\":[{\"@type\":\"WebPage\",\"@id\":\"https:\/\/www.bravilor.com\/no\/products\/accessories-no\/spillbrett-for-esprecious-12-og-22-avlopssett-inkludert\/\",\"url\":\"https:\/\/www.bravilor.com\/no\/products\/accessories-no\/spillbrett-for-esprecious-12-og-22-avlopssett-inkludert\/\",\"name\":\"Spillbrett for Esprecious 12 og 22 (avl\u00f8pssett inkludert) - Bravilor Bonamat\",\"isPartOf\":{\"@id\":\"https:\/\/www.bravilor.com\/no\/#website\"},\"datePublished\":\"2023-10-12T17:21:03+00:00\",\"dateModified\":\"2026-04-12T02:26:39+00:00\",\"description\":\"Oppdag Spillbrett for Esprecious 12 og 22 (avl\u00f8pssett inkludert) p\u00e5 Bravilor Bonamat! L\u00e6r mer om Spillbrett for Esprecious 12 og 22 (avl\u00f8pssett inkludert) og ta kontakt for profesjonell r\u00e5dgivning og kj\u00f8psmuligheter.\",\"inLanguage\":\"nb-NO\",\"potentialAction\":[{\"@type\":\"ReadAction\",\"target\":[\"https:\/\/www.bravilor.com\/no\/products\/accessories-no\/spillbrett-for-esprecious-12-og-22-avlopssett-inkludert\/\"]}]},{\"@type\":\"WebSite\",\"@id\":\"https:\/\/www.bravilor.com\/no\/#website\",\"url\":\"https:\/\/www.bravilor.com\/no\/\",\"name\":\"Bravilor Bonamat\",\"description\":\"Professional coffee machines and hot water dispensers\",\"publisher\":{\"@id\":\"https:\/\/www.bravilor.com\/no\/#organization\"},\"potentialAction\":[{\"@type\":\"SearchAction\",\"target\":{\"@type\":\"EntryPoint\",\"urlTemplate\":\"https:\/\/www.bravilor.com\/no\/?s={search_term_string}\"},\"query-input\":{\"@type\":\"PropertyValueSpecification\",\"valueRequired\":true,\"valueName\":\"search_term_string\"}}],\"inLanguage\":\"nb-NO\"},{\"@type\":\"Organization\",\"@id\":\"https:\/\/www.bravilor.com\/no\/#organization\",\"name\":\"Bravilor Bonamat\",\"url\":\"https:\/\/www.bravilor.com\/no\/\",\"logo\":{\"@type\":\"ImageObject\",\"inLanguage\":\"nb-NO\",\"@id\":\"https:\/\/www.bravilor.com\/no\/#\/schema\/logo\/image\/\",\"url\":\"https:\/\/www.bravilor.com\/app\/uploads\/2024\/01\/logo.svg\",\"contentUrl\":\"https:\/\/www.bravilor.com\/app\/uploads\/2024\/01\/logo.svg\",\"width\":1,\"height\":1,\"caption\":\"Bravilor Bonamat\"},\"image\":{\"@id\":\"https:\/\/www.bravilor.com\/no\/#\/schema\/logo\/image\/\"},\"sameAs\":[\"https:\/\/www.facebook.com\/bravilor.bonamat.bv\"]}]}<\/script>\n<!-- \/ Yoast SEO plugin. -->","yoast_head_json":{"title":"Spillbrett for Esprecious 12 og 22 (avl\u00f8pssett inkludert) - Bravilor Bonamat","description":"Oppdag Spillbrett for Esprecious 12 og 22 (avl\u00f8pssett inkludert) p\u00e5 Bravilor Bonamat! L\u00e6r mer om Spillbrett for Esprecious 12 og 22 (avl\u00f8pssett inkludert) og ta kontakt for profesjonell r\u00e5dgivning og kj\u00f8psmuligheter.","robots":{"index":"index","follow":"follow","max-snippet":"max-snippet:-1","max-image-preview":"max-image-preview:large","max-video-preview":"max-video-preview:-1"},"canonical":"https:\/\/www.bravilor.com\/no\/products\/accessories-no\/spillbrett-for-esprecious-12-og-22-avlopssett-inkludert\/","og_locale":"nb_NO","og_type":"article","og_title":"Spillbrett for Esprecious 12 og 22 (avl\u00f8pssett inkludert) - Bravilor Bonamat","og_description":"Oppdag Spillbrett for Esprecious 12 og 22 (avl\u00f8pssett inkludert) p\u00e5 Bravilor Bonamat! L\u00e6r mer om Spillbrett for Esprecious 12 og 22 (avl\u00f8pssett inkludert) og ta kontakt for profesjonell r\u00e5dgivning og kj\u00f8psmuligheter.","og_url":"https:\/\/www.bravilor.com\/no\/products\/accessories-no\/spillbrett-for-esprecious-12-og-22-avlopssett-inkludert\/","og_site_name":"Bravilor Bonamat","article_publisher":"https:\/\/www.facebook.com\/bravilor.bonamat.bv","article_modified_time":"2026-04-12T02:26:39+00:00","twitter_card":"summary_large_image","schema":{"@context":"https:\/\/schema.org","@graph":[{"@type":"WebPage","@id":"https:\/\/www.bravilor.com\/no\/products\/accessories-no\/spillbrett-for-esprecious-12-og-22-avlopssett-inkludert\/","url":"https:\/\/www.bravilor.com\/no\/products\/accessories-no\/spillbrett-for-esprecious-12-og-22-avlopssett-inkludert\/","name":"Spillbrett for Esprecious 12 og 22 (avl\u00f8pssett inkludert) - Bravilor Bonamat","isPartOf":{"@id":"https:\/\/www.bravilor.com\/no\/#website"},"datePublished":"2023-10-12T17:21:03+00:00","dateModified":"2026-04-12T02:26:39+00:00","description":"Oppdag Spillbrett for Esprecious 12 og 22 (avl\u00f8pssett inkludert) p\u00e5 Bravilor Bonamat! L\u00e6r mer om Spillbrett for Esprecious 12 og 22 (avl\u00f8pssett inkludert) og ta kontakt for profesjonell r\u00e5dgivning og kj\u00f8psmuligheter.","inLanguage":"nb-NO","potentialAction":[{"@type":"ReadAction","target":["https:\/\/www.bravilor.com\/no\/products\/accessories-no\/spillbrett-for-esprecious-12-og-22-avlopssett-inkludert\/"]}]},{"@type":"WebSite","@id":"https:\/\/www.bravilor.com\/no\/#website","url":"https:\/\/www.bravilor.com\/no\/","name":"Bravilor Bonamat","description":"Professional coffee machines and hot water dispensers","publisher":{"@id":"https:\/\/www.bravilor.com\/no\/#organization"},"potentialAction":[{"@type":"SearchAction","target":{"@type":"EntryPoint","urlTemplate":"https:\/\/www.bravilor.com\/no\/?s={search_term_string}"},"query-input":{"@type":"PropertyValueSpecification","valueRequired":true,"valueName":"search_term_string"}}],"inLanguage":"nb-NO"},{"@type":"Organization","@id":"https:\/\/www.bravilor.com\/no\/#organization","name":"Bravilor Bonamat","url":"https:\/\/www.bravilor.com\/no\/","logo":{"@type":"ImageObject","inLanguage":"nb-NO","@id":"https:\/\/www.bravilor.com\/no\/#\/schema\/logo\/image\/","url":"https:\/\/www.bravilor.com\/app\/uploads\/2024\/01\/logo.svg","contentUrl":"https:\/\/www.bravilor.com\/app\/uploads\/2024\/01\/logo.svg","width":1,"height":1,"caption":"Bravilor Bonamat"},"image":{"@id":"https:\/\/www.bravilor.com\/no\/#\/schema\/logo\/image\/"},"sameAs":["https:\/\/www.facebook.com\/bravilor.bonamat.bv"]}]}},"_links":{"self":[{"href":"https:\/\/www.bravilor.com\/no\/wp-json\/wp\/v2\/product\/505631","targetHints":{"allow":["GET"]}}],"collection":[{"href":"https:\/\/www.bravilor.com\/no\/wp-json\/wp\/v2\/product"}],"about":[{"href":"https:\/\/www.bravilor.com\/no\/wp-json\/wp\/v2\/types\/product"}],"wp:attachment":[{"href":"https:\/\/www.bravilor.com\/no\/wp-json\/wp\/v2\/media?parent=505631"}],"wp:term":[{"taxonomy":"product_category","embeddable":true,"href":"https:\/\/www.bravilor.com\/no\/wp-json\/wp\/v2\/product_category?post=505631"},{"taxonomy":"product_family","embeddable":true,"href":"https:\/\/www.bravilor.com\/no\/wp-json\/wp\/v2\/product_family?post=505631"},{"taxonomy":"recommended_usage","embeddable":true,"href":"https:\/\/www.bravilor.com\/no\/wp-json\/wp\/v2\/recommended_usage?post=505631"},{"taxonomy":"user_amount","embeddable":true,"href":"https:\/\/www.bravilor.com\/no\/wp-json\/wp\/v2\/user_amount?post=505631"},{"taxonomy":"ingredient","embeddable":true,"href":"https:\/\/www.bravilor.com\/no\/wp-json\/wp\/v2\/ingredient?post=505631"},{"taxonomy":"peak_consumption","embeddable":true,"href":"https:\/\/www.bravilor.com\/no\/wp-json\/wp\/v2\/peak_consumption?post=505631"},{"taxonomy":"water_connection","embeddable":true,"href":"https:\/\/www.bravilor.com\/no\/wp-json\/wp\/v2\/water_connection?post=505631"},{"taxonomy":"choice_of_beverages","embeddable":true,"href":"https:\/\/www.bravilor.com\/no\/wp-json\/wp\/v2\/choice_of_beverages?post=505631"},{"taxonomy":"milk_function","embeddable":true,"href":"https:\/\/www.bravilor.com\/no\/wp-json\/wp\/v2\/milk_function?post=505631"},{"taxonomy":"configuration_comparison","embeddable":true,"href":"https:\/\/www.bravilor.com\/no\/wp-json\/wp\/v2\/configuration_comparison?post=505631"}],"curies":[{"name":"wp","href":"https:\/\/api.w.org\/{rel}","templated":true}]}}