{"id":506267,"date":"2023-10-12T17:22:58","date_gmt":"2023-10-12T17:22:58","guid":{"rendered":"https:\/\/bravilor.com\/products\/kartong-med-12-esker-med-120-rensetabletter-for-freshmilk\/"},"modified":"2026-04-12T02:27:37","modified_gmt":"2026-04-12T02:27:37","slug":"kartong-med-12-esker-med-120-rensetabletter-for-freshmilk","status":"publish","type":"product","link":"https:\/\/www.bravilor.com\/no\/products\/accessories-no\/kartong-med-12-esker-med-120-rensetabletter-for-freshmilk\/","title":{"rendered":"Kartong med 12 esker med 120 rensetabletter for FreshMilk"},"content":{"rendered":"","protected":false},"excerpt":{"rendered":"","protected":false},"featured_media":0,"template":"","product_category":[1988,2053],"product_family":[1134],"recommended_usage":[],"user_amount":[],"ingredient":[],"peak_consumption":[],"water_connection":[],"choice_of_beverages":[],"milk_function":[],"configuration_comparison":[],"class_list":["post-506267","product","type-product","status-publish","hentry","product_category-accessories-no","product_category-descale-and-cleaning-products-no","product_family-accessories-no"],"acf":[],"yoast_head":"<!-- This site is optimized with the Yoast SEO plugin v26.3 - https:\/\/yoast.com\/wordpress\/plugins\/seo\/ -->\n<title>Kartong med 12 esker med 120 rensetabletter for FreshMilk - Bravilor Bonamat<\/title>\n<meta name=\"description\" content=\"Oppdag Kartong med 12 esker med 120 rensetabletter for FreshMilk p\u00e5 Bravilor Bonamat! L\u00e6r mer om Kartong med 12 esker med 120 rensetabletter for FreshMilk og ta kontakt for profesjonell r\u00e5dgivning og kj\u00f8psmuligheter.\" \/>\n<meta name=\"robots\" content=\"index, follow, max-snippet:-1, max-image-preview:large, max-video-preview:-1\" \/>\n<link rel=\"canonical\" href=\"https:\/\/www.bravilor.com\/no\/products\/accessories-no\/kartong-med-12-esker-med-120-rensetabletter-for-freshmilk\/\" \/>\n<meta property=\"og:locale\" content=\"nb_NO\" \/>\n<meta property=\"og:type\" content=\"article\" \/>\n<meta property=\"og:title\" content=\"Kartong med 12 esker med 120 rensetabletter for FreshMilk - Bravilor Bonamat\" \/>\n<meta property=\"og:description\" content=\"Oppdag Kartong med 12 esker med 120 rensetabletter for FreshMilk p\u00e5 Bravilor Bonamat! L\u00e6r mer om Kartong med 12 esker med 120 rensetabletter for FreshMilk og ta kontakt for profesjonell r\u00e5dgivning og kj\u00f8psmuligheter.\" \/>\n<meta property=\"og:url\" content=\"https:\/\/www.bravilor.com\/no\/products\/accessories-no\/kartong-med-12-esker-med-120-rensetabletter-for-freshmilk\/\" \/>\n<meta property=\"og:site_name\" content=\"Bravilor Bonamat\" \/>\n<meta property=\"article:publisher\" content=\"https:\/\/www.facebook.com\/bravilor.bonamat.bv\" \/>\n<meta property=\"article:modified_time\" content=\"2026-04-12T02:27:37+00:00\" \/>\n<meta name=\"twitter:card\" content=\"summary_large_image\" \/>\n<script type=\"application\/ld+json\" class=\"yoast-schema-graph\">{\"@context\":\"https:\/\/schema.org\",\"@graph\":[{\"@type\":\"WebPage\",\"@id\":\"https:\/\/www.bravilor.com\/no\/products\/accessories-no\/kartong-med-12-esker-med-120-rensetabletter-for-freshmilk\/\",\"url\":\"https:\/\/www.bravilor.com\/no\/products\/accessories-no\/kartong-med-12-esker-med-120-rensetabletter-for-freshmilk\/\",\"name\":\"Kartong med 12 esker med 120 rensetabletter for FreshMilk - Bravilor Bonamat\",\"isPartOf\":{\"@id\":\"https:\/\/www.bravilor.com\/no\/#website\"},\"datePublished\":\"2023-10-12T17:22:58+00:00\",\"dateModified\":\"2026-04-12T02:27:37+00:00\",\"description\":\"Oppdag Kartong med 12 esker med 120 rensetabletter for FreshMilk p\u00e5 Bravilor Bonamat! L\u00e6r mer om Kartong med 12 esker med 120 rensetabletter for FreshMilk og ta kontakt for profesjonell r\u00e5dgivning og kj\u00f8psmuligheter.\",\"inLanguage\":\"nb-NO\",\"potentialAction\":[{\"@type\":\"ReadAction\",\"target\":[\"https:\/\/www.bravilor.com\/no\/products\/accessories-no\/kartong-med-12-esker-med-120-rensetabletter-for-freshmilk\/\"]}]},{\"@type\":\"WebSite\",\"@id\":\"https:\/\/www.bravilor.com\/no\/#website\",\"url\":\"https:\/\/www.bravilor.com\/no\/\",\"name\":\"Bravilor Bonamat\",\"description\":\"Professional coffee machines and hot water dispensers\",\"publisher\":{\"@id\":\"https:\/\/www.bravilor.com\/no\/#organization\"},\"potentialAction\":[{\"@type\":\"SearchAction\",\"target\":{\"@type\":\"EntryPoint\",\"urlTemplate\":\"https:\/\/www.bravilor.com\/no\/?s={search_term_string}\"},\"query-input\":{\"@type\":\"PropertyValueSpecification\",\"valueRequired\":true,\"valueName\":\"search_term_string\"}}],\"inLanguage\":\"nb-NO\"},{\"@type\":\"Organization\",\"@id\":\"https:\/\/www.bravilor.com\/no\/#organization\",\"name\":\"Bravilor Bonamat\",\"url\":\"https:\/\/www.bravilor.com\/no\/\",\"logo\":{\"@type\":\"ImageObject\",\"inLanguage\":\"nb-NO\",\"@id\":\"https:\/\/www.bravilor.com\/no\/#\/schema\/logo\/image\/\",\"url\":\"https:\/\/www.bravilor.com\/app\/uploads\/2024\/01\/logo.svg\",\"contentUrl\":\"https:\/\/www.bravilor.com\/app\/uploads\/2024\/01\/logo.svg\",\"width\":1,\"height\":1,\"caption\":\"Bravilor Bonamat\"},\"image\":{\"@id\":\"https:\/\/www.bravilor.com\/no\/#\/schema\/logo\/image\/\"},\"sameAs\":[\"https:\/\/www.facebook.com\/bravilor.bonamat.bv\"]}]}<\/script>\n<!-- \/ Yoast SEO plugin. -->","yoast_head_json":{"title":"Kartong med 12 esker med 120 rensetabletter for FreshMilk - Bravilor Bonamat","description":"Oppdag Kartong med 12 esker med 120 rensetabletter for FreshMilk p\u00e5 Bravilor Bonamat! L\u00e6r mer om Kartong med 12 esker med 120 rensetabletter for FreshMilk og ta kontakt for profesjonell r\u00e5dgivning og kj\u00f8psmuligheter.","robots":{"index":"index","follow":"follow","max-snippet":"max-snippet:-1","max-image-preview":"max-image-preview:large","max-video-preview":"max-video-preview:-1"},"canonical":"https:\/\/www.bravilor.com\/no\/products\/accessories-no\/kartong-med-12-esker-med-120-rensetabletter-for-freshmilk\/","og_locale":"nb_NO","og_type":"article","og_title":"Kartong med 12 esker med 120 rensetabletter for FreshMilk - Bravilor Bonamat","og_description":"Oppdag Kartong med 12 esker med 120 rensetabletter for FreshMilk p\u00e5 Bravilor Bonamat! L\u00e6r mer om Kartong med 12 esker med 120 rensetabletter for FreshMilk og ta kontakt for profesjonell r\u00e5dgivning og kj\u00f8psmuligheter.","og_url":"https:\/\/www.bravilor.com\/no\/products\/accessories-no\/kartong-med-12-esker-med-120-rensetabletter-for-freshmilk\/","og_site_name":"Bravilor Bonamat","article_publisher":"https:\/\/www.facebook.com\/bravilor.bonamat.bv","article_modified_time":"2026-04-12T02:27:37+00:00","twitter_card":"summary_large_image","schema":{"@context":"https:\/\/schema.org","@graph":[{"@type":"WebPage","@id":"https:\/\/www.bravilor.com\/no\/products\/accessories-no\/kartong-med-12-esker-med-120-rensetabletter-for-freshmilk\/","url":"https:\/\/www.bravilor.com\/no\/products\/accessories-no\/kartong-med-12-esker-med-120-rensetabletter-for-freshmilk\/","name":"Kartong med 12 esker med 120 rensetabletter for FreshMilk - Bravilor Bonamat","isPartOf":{"@id":"https:\/\/www.bravilor.com\/no\/#website"},"datePublished":"2023-10-12T17:22:58+00:00","dateModified":"2026-04-12T02:27:37+00:00","description":"Oppdag Kartong med 12 esker med 120 rensetabletter for FreshMilk p\u00e5 Bravilor Bonamat! L\u00e6r mer om Kartong med 12 esker med 120 rensetabletter for FreshMilk og ta kontakt for profesjonell r\u00e5dgivning og kj\u00f8psmuligheter.","inLanguage":"nb-NO","potentialAction":[{"@type":"ReadAction","target":["https:\/\/www.bravilor.com\/no\/products\/accessories-no\/kartong-med-12-esker-med-120-rensetabletter-for-freshmilk\/"]}]},{"@type":"WebSite","@id":"https:\/\/www.bravilor.com\/no\/#website","url":"https:\/\/www.bravilor.com\/no\/","name":"Bravilor Bonamat","description":"Professional coffee machines and hot water dispensers","publisher":{"@id":"https:\/\/www.bravilor.com\/no\/#organization"},"potentialAction":[{"@type":"SearchAction","target":{"@type":"EntryPoint","urlTemplate":"https:\/\/www.bravilor.com\/no\/?s={search_term_string}"},"query-input":{"@type":"PropertyValueSpecification","valueRequired":true,"valueName":"search_term_string"}}],"inLanguage":"nb-NO"},{"@type":"Organization","@id":"https:\/\/www.bravilor.com\/no\/#organization","name":"Bravilor Bonamat","url":"https:\/\/www.bravilor.com\/no\/","logo":{"@type":"ImageObject","inLanguage":"nb-NO","@id":"https:\/\/www.bravilor.com\/no\/#\/schema\/logo\/image\/","url":"https:\/\/www.bravilor.com\/app\/uploads\/2024\/01\/logo.svg","contentUrl":"https:\/\/www.bravilor.com\/app\/uploads\/2024\/01\/logo.svg","width":1,"height":1,"caption":"Bravilor Bonamat"},"image":{"@id":"https:\/\/www.bravilor.com\/no\/#\/schema\/logo\/image\/"},"sameAs":["https:\/\/www.facebook.com\/bravilor.bonamat.bv"]}]}},"_links":{"self":[{"href":"https:\/\/www.bravilor.com\/no\/wp-json\/wp\/v2\/product\/506267","targetHints":{"allow":["GET"]}}],"collection":[{"href":"https:\/\/www.bravilor.com\/no\/wp-json\/wp\/v2\/product"}],"about":[{"href":"https:\/\/www.bravilor.com\/no\/wp-json\/wp\/v2\/types\/product"}],"wp:attachment":[{"href":"https:\/\/www.bravilor.com\/no\/wp-json\/wp\/v2\/media?parent=506267"}],"wp:term":[{"taxonomy":"product_category","embeddable":true,"href":"https:\/\/www.bravilor.com\/no\/wp-json\/wp\/v2\/product_category?post=506267"},{"taxonomy":"product_family","embeddable":true,"href":"https:\/\/www.bravilor.com\/no\/wp-json\/wp\/v2\/product_family?post=506267"},{"taxonomy":"recommended_usage","embeddable":true,"href":"https:\/\/www.bravilor.com\/no\/wp-json\/wp\/v2\/recommended_usage?post=506267"},{"taxonomy":"user_amount","embeddable":true,"href":"https:\/\/www.bravilor.com\/no\/wp-json\/wp\/v2\/user_amount?post=506267"},{"taxonomy":"ingredient","embeddable":true,"href":"https:\/\/www.bravilor.com\/no\/wp-json\/wp\/v2\/ingredient?post=506267"},{"taxonomy":"peak_consumption","embeddable":true,"href":"https:\/\/www.bravilor.com\/no\/wp-json\/wp\/v2\/peak_consumption?post=506267"},{"taxonomy":"water_connection","embeddable":true,"href":"https:\/\/www.bravilor.com\/no\/wp-json\/wp\/v2\/water_connection?post=506267"},{"taxonomy":"choice_of_beverages","embeddable":true,"href":"https:\/\/www.bravilor.com\/no\/wp-json\/wp\/v2\/choice_of_beverages?post=506267"},{"taxonomy":"milk_function","embeddable":true,"href":"https:\/\/www.bravilor.com\/no\/wp-json\/wp\/v2\/milk_function?post=506267"},{"taxonomy":"configuration_comparison","embeddable":true,"href":"https:\/\/www.bravilor.com\/no\/wp-json\/wp\/v2\/configuration_comparison?post=506267"}],"curies":[{"name":"wp","href":"https:\/\/api.w.org\/{rel}","templated":true}]}}