{"id":517946,"date":"2023-10-12T17:10:14","date_gmt":"2023-10-12T17:10:14","guid":{"rendered":"https:\/\/bravilor.com\/products\/sprso\/"},"modified":"2026-04-12T01:19:07","modified_gmt":"2026-04-12T01:19:07","slug":"sprso","status":"publish","type":"product","link":"https:\/\/www.bravilor.com\/no\/products\/espresso-machines-no\/sprso\/","title":{"rendered":"Sprso"},"content":{"rendered":"","protected":false},"excerpt":{"rendered":"","protected":false},"featured_media":0,"template":"","product_category":[1780,5065],"product_family":[1238],"recommended_usage":[3484],"user_amount":[3796],"ingredient":[225],"peak_consumption":[568],"water_connection":[],"choice_of_beverages":[826,839,852,865,924,937,963,989,1056,1069,1108,4339,4378,4459],"milk_function":[],"configuration_comparison":[],"class_list":["post-517946","product","type-product","status-publish","hentry","product_category-espresso-machines-no","product_category-sprso-no","product_family-espresso-machines-no","recommended_usage-up-to-30-no","user_amount-5-10-users-no","ingredient-coffeebeans-no","peak_consumption-no-no","choice_of_beverages-americano-no","choice_of_beverages-cafe-au-lait-no","choice_of_beverages-cappuccino-no","choice_of_beverages-cappuccino-dark-no","choice_of_beverages-crema-coffee-no","choice_of_beverages-double-espresso-no","choice_of_beverages-espresso-no","choice_of_beverages-espresso-macchiato-no","choice_of_beverages-hot-water-no","choice_of_beverages-latte-macchiato-no","choice_of_beverages-ristretto-no","choice_of_beverages-double-caffe-crema-no","choice_of_beverages-double-ristretto-no","choice_of_beverages-hot-milk-no"],"acf":[],"yoast_head":"<!-- This site is optimized with the Yoast SEO plugin v26.3 - https:\/\/yoast.com\/wordpress\/plugins\/seo\/ -->\n<title>Sprso - Bravilor Bonamat<\/title>\n<meta name=\"description\" content=\"Oppdag Sprso p\u00e5 Bravilor Bonamat! L\u00e6r mer om Sprso og ta kontakt for profesjonell r\u00e5dgivning og kj\u00f8psmuligheter.\" \/>\n<meta name=\"robots\" content=\"index, follow, max-snippet:-1, max-image-preview:large, max-video-preview:-1\" \/>\n<link rel=\"canonical\" href=\"https:\/\/www.bravilor.com\/no\/products\/espresso-machines-no\/sprso\/\" \/>\n<meta property=\"og:locale\" content=\"nb_NO\" \/>\n<meta property=\"og:type\" content=\"article\" \/>\n<meta property=\"og:title\" content=\"Sprso - Bravilor Bonamat\" \/>\n<meta property=\"og:description\" content=\"Oppdag Sprso p\u00e5 Bravilor Bonamat! L\u00e6r mer om Sprso og ta kontakt for profesjonell r\u00e5dgivning og kj\u00f8psmuligheter.\" \/>\n<meta property=\"og:url\" content=\"https:\/\/www.bravilor.com\/no\/products\/espresso-machines-no\/sprso\/\" \/>\n<meta property=\"og:site_name\" content=\"Bravilor Bonamat\" \/>\n<meta property=\"article:publisher\" content=\"https:\/\/www.facebook.com\/bravilor.bonamat.bv\" \/>\n<meta property=\"article:modified_time\" content=\"2026-04-12T01:19:07+00:00\" \/>\n<meta name=\"twitter:card\" content=\"summary_large_image\" \/>\n<script type=\"application\/ld+json\" class=\"yoast-schema-graph\">{\"@context\":\"https:\/\/schema.org\",\"@graph\":[{\"@type\":\"WebPage\",\"@id\":\"https:\/\/www.bravilor.com\/no\/products\/espresso-machines-no\/sprso\/\",\"url\":\"https:\/\/www.bravilor.com\/no\/products\/espresso-machines-no\/sprso\/\",\"name\":\"Sprso - Bravilor Bonamat\",\"isPartOf\":{\"@id\":\"https:\/\/www.bravilor.com\/no\/#website\"},\"datePublished\":\"2023-10-12T17:10:14+00:00\",\"dateModified\":\"2026-04-12T01:19:07+00:00\",\"description\":\"Oppdag Sprso p\u00e5 Bravilor Bonamat! L\u00e6r mer om Sprso og ta kontakt for profesjonell r\u00e5dgivning og kj\u00f8psmuligheter.\",\"inLanguage\":\"nb-NO\",\"potentialAction\":[{\"@type\":\"ReadAction\",\"target\":[\"https:\/\/www.bravilor.com\/no\/products\/espresso-machines-no\/sprso\/\"]}]},{\"@type\":\"WebSite\",\"@id\":\"https:\/\/www.bravilor.com\/no\/#website\",\"url\":\"https:\/\/www.bravilor.com\/no\/\",\"name\":\"Bravilor Bonamat\",\"description\":\"Professional coffee machines and hot water dispensers\",\"publisher\":{\"@id\":\"https:\/\/www.bravilor.com\/no\/#organization\"},\"potentialAction\":[{\"@type\":\"SearchAction\",\"target\":{\"@type\":\"EntryPoint\",\"urlTemplate\":\"https:\/\/www.bravilor.com\/no\/?s={search_term_string}\"},\"query-input\":{\"@type\":\"PropertyValueSpecification\",\"valueRequired\":true,\"valueName\":\"search_term_string\"}}],\"inLanguage\":\"nb-NO\"},{\"@type\":\"Organization\",\"@id\":\"https:\/\/www.bravilor.com\/no\/#organization\",\"name\":\"Bravilor Bonamat\",\"url\":\"https:\/\/www.bravilor.com\/no\/\",\"logo\":{\"@type\":\"ImageObject\",\"inLanguage\":\"nb-NO\",\"@id\":\"https:\/\/www.bravilor.com\/no\/#\/schema\/logo\/image\/\",\"url\":\"https:\/\/www.bravilor.com\/app\/uploads\/2024\/01\/logo.svg\",\"contentUrl\":\"https:\/\/www.bravilor.com\/app\/uploads\/2024\/01\/logo.svg\",\"width\":1,\"height\":1,\"caption\":\"Bravilor Bonamat\"},\"image\":{\"@id\":\"https:\/\/www.bravilor.com\/no\/#\/schema\/logo\/image\/\"},\"sameAs\":[\"https:\/\/www.facebook.com\/bravilor.bonamat.bv\"]}]}<\/script>\n<!-- \/ Yoast SEO plugin. -->","yoast_head_json":{"title":"Sprso - Bravilor Bonamat","description":"Oppdag Sprso p\u00e5 Bravilor Bonamat! L\u00e6r mer om Sprso og ta kontakt for profesjonell r\u00e5dgivning og kj\u00f8psmuligheter.","robots":{"index":"index","follow":"follow","max-snippet":"max-snippet:-1","max-image-preview":"max-image-preview:large","max-video-preview":"max-video-preview:-1"},"canonical":"https:\/\/www.bravilor.com\/no\/products\/espresso-machines-no\/sprso\/","og_locale":"nb_NO","og_type":"article","og_title":"Sprso - Bravilor Bonamat","og_description":"Oppdag Sprso p\u00e5 Bravilor Bonamat! L\u00e6r mer om Sprso og ta kontakt for profesjonell r\u00e5dgivning og kj\u00f8psmuligheter.","og_url":"https:\/\/www.bravilor.com\/no\/products\/espresso-machines-no\/sprso\/","og_site_name":"Bravilor Bonamat","article_publisher":"https:\/\/www.facebook.com\/bravilor.bonamat.bv","article_modified_time":"2026-04-12T01:19:07+00:00","twitter_card":"summary_large_image","schema":{"@context":"https:\/\/schema.org","@graph":[{"@type":"WebPage","@id":"https:\/\/www.bravilor.com\/no\/products\/espresso-machines-no\/sprso\/","url":"https:\/\/www.bravilor.com\/no\/products\/espresso-machines-no\/sprso\/","name":"Sprso - Bravilor Bonamat","isPartOf":{"@id":"https:\/\/www.bravilor.com\/no\/#website"},"datePublished":"2023-10-12T17:10:14+00:00","dateModified":"2026-04-12T01:19:07+00:00","description":"Oppdag Sprso p\u00e5 Bravilor Bonamat! L\u00e6r mer om Sprso og ta kontakt for profesjonell r\u00e5dgivning og kj\u00f8psmuligheter.","inLanguage":"nb-NO","potentialAction":[{"@type":"ReadAction","target":["https:\/\/www.bravilor.com\/no\/products\/espresso-machines-no\/sprso\/"]}]},{"@type":"WebSite","@id":"https:\/\/www.bravilor.com\/no\/#website","url":"https:\/\/www.bravilor.com\/no\/","name":"Bravilor Bonamat","description":"Professional coffee machines and hot water dispensers","publisher":{"@id":"https:\/\/www.bravilor.com\/no\/#organization"},"potentialAction":[{"@type":"SearchAction","target":{"@type":"EntryPoint","urlTemplate":"https:\/\/www.bravilor.com\/no\/?s={search_term_string}"},"query-input":{"@type":"PropertyValueSpecification","valueRequired":true,"valueName":"search_term_string"}}],"inLanguage":"nb-NO"},{"@type":"Organization","@id":"https:\/\/www.bravilor.com\/no\/#organization","name":"Bravilor Bonamat","url":"https:\/\/www.bravilor.com\/no\/","logo":{"@type":"ImageObject","inLanguage":"nb-NO","@id":"https:\/\/www.bravilor.com\/no\/#\/schema\/logo\/image\/","url":"https:\/\/www.bravilor.com\/app\/uploads\/2024\/01\/logo.svg","contentUrl":"https:\/\/www.bravilor.com\/app\/uploads\/2024\/01\/logo.svg","width":1,"height":1,"caption":"Bravilor Bonamat"},"image":{"@id":"https:\/\/www.bravilor.com\/no\/#\/schema\/logo\/image\/"},"sameAs":["https:\/\/www.facebook.com\/bravilor.bonamat.bv"]}]}},"_links":{"self":[{"href":"https:\/\/www.bravilor.com\/no\/wp-json\/wp\/v2\/product\/517946","targetHints":{"allow":["GET"]}}],"collection":[{"href":"https:\/\/www.bravilor.com\/no\/wp-json\/wp\/v2\/product"}],"about":[{"href":"https:\/\/www.bravilor.com\/no\/wp-json\/wp\/v2\/types\/product"}],"wp:attachment":[{"href":"https:\/\/www.bravilor.com\/no\/wp-json\/wp\/v2\/media?parent=517946"}],"wp:term":[{"taxonomy":"product_category","embeddable":true,"href":"https:\/\/www.bravilor.com\/no\/wp-json\/wp\/v2\/product_category?post=517946"},{"taxonomy":"product_family","embeddable":true,"href":"https:\/\/www.bravilor.com\/no\/wp-json\/wp\/v2\/product_family?post=517946"},{"taxonomy":"recommended_usage","embeddable":true,"href":"https:\/\/www.bravilor.com\/no\/wp-json\/wp\/v2\/recommended_usage?post=517946"},{"taxonomy":"user_amount","embeddable":true,"href":"https:\/\/www.bravilor.com\/no\/wp-json\/wp\/v2\/user_amount?post=517946"},{"taxonomy":"ingredient","embeddable":true,"href":"https:\/\/www.bravilor.com\/no\/wp-json\/wp\/v2\/ingredient?post=517946"},{"taxonomy":"peak_consumption","embeddable":true,"href":"https:\/\/www.bravilor.com\/no\/wp-json\/wp\/v2\/peak_consumption?post=517946"},{"taxonomy":"water_connection","embeddable":true,"href":"https:\/\/www.bravilor.com\/no\/wp-json\/wp\/v2\/water_connection?post=517946"},{"taxonomy":"choice_of_beverages","embeddable":true,"href":"https:\/\/www.bravilor.com\/no\/wp-json\/wp\/v2\/choice_of_beverages?post=517946"},{"taxonomy":"milk_function","embeddable":true,"href":"https:\/\/www.bravilor.com\/no\/wp-json\/wp\/v2\/milk_function?post=517946"},{"taxonomy":"configuration_comparison","embeddable":true,"href":"https:\/\/www.bravilor.com\/no\/wp-json\/wp\/v2\/configuration_comparison?post=517946"}],"curies":[{"name":"wp","href":"https:\/\/api.w.org\/{rel}","templated":true}]}}