{"id":853120,"date":"2025-11-17T15:06:24","date_gmt":"2025-11-17T15:06:24","guid":{"rendered":"https:\/\/www.bravilor.com\/products\/bolero-32-cs\/"},"modified":"2026-04-03T13:29:27","modified_gmt":"2026-04-03T13:29:27","slug":"bolero-32-cs","status":"publish","type":"product","link":"https:\/\/www.bravilor.com\/no\/products\/instant-and-liquid-machines-no\/bolero-32-cs\/","title":{"rendered":"Bolero 32 CS"},"content":{"rendered":"","protected":false},"excerpt":{"rendered":"","protected":false},"featured_media":0,"template":"","product_category":[1793,1806,1819],"product_family":[1303],"recommended_usage":[3367,3406,3445],"user_amount":[3679,3718,3757],"ingredient":[264],"peak_consumption":[581],"water_connection":[2948],"choice_of_beverages":[1069,4048,1095,1056,1043,1002,839,852,865,878,924,937,950,963,1030],"milk_function":[],"configuration_comparison":[],"class_list":["post-853120","product","type-product","status-publish","hentry","product_category-instant-and-liquid-machines-no","product_category-machines-for-instant-ingredients-no","product_category-bolero-no","product_family-instant-machines-no","recommended_usage-up-to-120-no","recommended_usage-up-to-140-no","recommended_usage-up-to-160-no","user_amount-20-40-users-no","user_amount-20-50-users-no","user_amount-35-60-users-no","ingredient-instant-ingredients-no","peak_consumption-yes-no","water_connection-yes-no","choice_of_beverages-latte-macchiato-no","choice_of_beverages-coffee-with-milk-no","choice_of_beverages-moccachino-no","choice_of_beverages-hot-water-no","choice_of_beverages-hot-chocolate-deluxe-no","choice_of_beverages-espressochoc-no","choice_of_beverages-cafe-au-lait-no","choice_of_beverages-cappuccino-no","choice_of_beverages-cappuccino-dark-no","choice_of_beverages-coffee-no","choice_of_beverages-crema-coffee-no","choice_of_beverages-double-espresso-no","choice_of_beverages-espreschoc-no","choice_of_beverages-espresso-no","choice_of_beverages-hot-chocolate-no"],"acf":[],"yoast_head":"<!-- This site is optimized with the Yoast SEO plugin v26.3 - https:\/\/yoast.com\/wordpress\/plugins\/seo\/ -->\n<title>Bolero 32 CS - Bravilor Bonamat<\/title>\n<meta name=\"description\" content=\"Oppdag Bolero 32 CS p\u00e5 Bravilor Bonamat! L\u00e6r mer om Bolero 32 CS og ta kontakt for profesjonell r\u00e5dgivning og kj\u00f8psmuligheter.\" \/>\n<meta name=\"robots\" content=\"index, follow, max-snippet:-1, max-image-preview:large, max-video-preview:-1\" \/>\n<link rel=\"canonical\" href=\"https:\/\/www.bravilor.com\/no\/products\/instant-and-liquid-machines-no\/bolero-32-cs\/\" \/>\n<meta property=\"og:locale\" content=\"nb_NO\" \/>\n<meta property=\"og:type\" content=\"article\" \/>\n<meta property=\"og:title\" content=\"Bolero 32 CS - Bravilor Bonamat\" \/>\n<meta property=\"og:description\" content=\"Oppdag Bolero 32 CS p\u00e5 Bravilor Bonamat! L\u00e6r mer om Bolero 32 CS og ta kontakt for profesjonell r\u00e5dgivning og kj\u00f8psmuligheter.\" \/>\n<meta property=\"og:url\" content=\"https:\/\/www.bravilor.com\/no\/products\/instant-and-liquid-machines-no\/bolero-32-cs\/\" \/>\n<meta property=\"og:site_name\" content=\"Bravilor Bonamat\" \/>\n<meta property=\"article:publisher\" content=\"https:\/\/www.facebook.com\/bravilor.bonamat.bv\" \/>\n<meta property=\"article:modified_time\" content=\"2026-04-03T13:29:27+00:00\" \/>\n<meta name=\"twitter:card\" content=\"summary_large_image\" \/>\n<script type=\"application\/ld+json\" class=\"yoast-schema-graph\">{\"@context\":\"https:\/\/schema.org\",\"@graph\":[{\"@type\":\"WebPage\",\"@id\":\"https:\/\/www.bravilor.com\/no\/products\/instant-and-liquid-machines-no\/bolero-32-cs\/\",\"url\":\"https:\/\/www.bravilor.com\/no\/products\/instant-and-liquid-machines-no\/bolero-32-cs\/\",\"name\":\"Bolero 32 CS - Bravilor Bonamat\",\"isPartOf\":{\"@id\":\"https:\/\/www.bravilor.com\/no\/#website\"},\"datePublished\":\"2025-11-17T15:06:24+00:00\",\"dateModified\":\"2026-04-03T13:29:27+00:00\",\"description\":\"Oppdag Bolero 32 CS p\u00e5 Bravilor Bonamat! L\u00e6r mer om Bolero 32 CS og ta kontakt for profesjonell r\u00e5dgivning og kj\u00f8psmuligheter.\",\"inLanguage\":\"nb-NO\",\"potentialAction\":[{\"@type\":\"ReadAction\",\"target\":[\"https:\/\/www.bravilor.com\/no\/products\/instant-and-liquid-machines-no\/bolero-32-cs\/\"]}]},{\"@type\":\"WebSite\",\"@id\":\"https:\/\/www.bravilor.com\/no\/#website\",\"url\":\"https:\/\/www.bravilor.com\/no\/\",\"name\":\"Bravilor Bonamat\",\"description\":\"Professional coffee machines and hot water dispensers\",\"publisher\":{\"@id\":\"https:\/\/www.bravilor.com\/no\/#organization\"},\"potentialAction\":[{\"@type\":\"SearchAction\",\"target\":{\"@type\":\"EntryPoint\",\"urlTemplate\":\"https:\/\/www.bravilor.com\/no\/?s={search_term_string}\"},\"query-input\":{\"@type\":\"PropertyValueSpecification\",\"valueRequired\":true,\"valueName\":\"search_term_string\"}}],\"inLanguage\":\"nb-NO\"},{\"@type\":\"Organization\",\"@id\":\"https:\/\/www.bravilor.com\/no\/#organization\",\"name\":\"Bravilor Bonamat\",\"url\":\"https:\/\/www.bravilor.com\/no\/\",\"logo\":{\"@type\":\"ImageObject\",\"inLanguage\":\"nb-NO\",\"@id\":\"https:\/\/www.bravilor.com\/no\/#\/schema\/logo\/image\/\",\"url\":\"https:\/\/www.bravilor.com\/app\/uploads\/2024\/01\/logo.svg\",\"contentUrl\":\"https:\/\/www.bravilor.com\/app\/uploads\/2024\/01\/logo.svg\",\"width\":1,\"height\":1,\"caption\":\"Bravilor Bonamat\"},\"image\":{\"@id\":\"https:\/\/www.bravilor.com\/no\/#\/schema\/logo\/image\/\"},\"sameAs\":[\"https:\/\/www.facebook.com\/bravilor.bonamat.bv\"]}]}<\/script>\n<!-- \/ Yoast SEO plugin. -->","yoast_head_json":{"title":"Bolero 32 CS - Bravilor Bonamat","description":"Oppdag Bolero 32 CS p\u00e5 Bravilor Bonamat! L\u00e6r mer om Bolero 32 CS og ta kontakt for profesjonell r\u00e5dgivning og kj\u00f8psmuligheter.","robots":{"index":"index","follow":"follow","max-snippet":"max-snippet:-1","max-image-preview":"max-image-preview:large","max-video-preview":"max-video-preview:-1"},"canonical":"https:\/\/www.bravilor.com\/no\/products\/instant-and-liquid-machines-no\/bolero-32-cs\/","og_locale":"nb_NO","og_type":"article","og_title":"Bolero 32 CS - Bravilor Bonamat","og_description":"Oppdag Bolero 32 CS p\u00e5 Bravilor Bonamat! L\u00e6r mer om Bolero 32 CS og ta kontakt for profesjonell r\u00e5dgivning og kj\u00f8psmuligheter.","og_url":"https:\/\/www.bravilor.com\/no\/products\/instant-and-liquid-machines-no\/bolero-32-cs\/","og_site_name":"Bravilor Bonamat","article_publisher":"https:\/\/www.facebook.com\/bravilor.bonamat.bv","article_modified_time":"2026-04-03T13:29:27+00:00","twitter_card":"summary_large_image","schema":{"@context":"https:\/\/schema.org","@graph":[{"@type":"WebPage","@id":"https:\/\/www.bravilor.com\/no\/products\/instant-and-liquid-machines-no\/bolero-32-cs\/","url":"https:\/\/www.bravilor.com\/no\/products\/instant-and-liquid-machines-no\/bolero-32-cs\/","name":"Bolero 32 CS - Bravilor Bonamat","isPartOf":{"@id":"https:\/\/www.bravilor.com\/no\/#website"},"datePublished":"2025-11-17T15:06:24+00:00","dateModified":"2026-04-03T13:29:27+00:00","description":"Oppdag Bolero 32 CS p\u00e5 Bravilor Bonamat! L\u00e6r mer om Bolero 32 CS og ta kontakt for profesjonell r\u00e5dgivning og kj\u00f8psmuligheter.","inLanguage":"nb-NO","potentialAction":[{"@type":"ReadAction","target":["https:\/\/www.bravilor.com\/no\/products\/instant-and-liquid-machines-no\/bolero-32-cs\/"]}]},{"@type":"WebSite","@id":"https:\/\/www.bravilor.com\/no\/#website","url":"https:\/\/www.bravilor.com\/no\/","name":"Bravilor Bonamat","description":"Professional coffee machines and hot water dispensers","publisher":{"@id":"https:\/\/www.bravilor.com\/no\/#organization"},"potentialAction":[{"@type":"SearchAction","target":{"@type":"EntryPoint","urlTemplate":"https:\/\/www.bravilor.com\/no\/?s={search_term_string}"},"query-input":{"@type":"PropertyValueSpecification","valueRequired":true,"valueName":"search_term_string"}}],"inLanguage":"nb-NO"},{"@type":"Organization","@id":"https:\/\/www.bravilor.com\/no\/#organization","name":"Bravilor Bonamat","url":"https:\/\/www.bravilor.com\/no\/","logo":{"@type":"ImageObject","inLanguage":"nb-NO","@id":"https:\/\/www.bravilor.com\/no\/#\/schema\/logo\/image\/","url":"https:\/\/www.bravilor.com\/app\/uploads\/2024\/01\/logo.svg","contentUrl":"https:\/\/www.bravilor.com\/app\/uploads\/2024\/01\/logo.svg","width":1,"height":1,"caption":"Bravilor Bonamat"},"image":{"@id":"https:\/\/www.bravilor.com\/no\/#\/schema\/logo\/image\/"},"sameAs":["https:\/\/www.facebook.com\/bravilor.bonamat.bv"]}]}},"_links":{"self":[{"href":"https:\/\/www.bravilor.com\/no\/wp-json\/wp\/v2\/product\/853120","targetHints":{"allow":["GET"]}}],"collection":[{"href":"https:\/\/www.bravilor.com\/no\/wp-json\/wp\/v2\/product"}],"about":[{"href":"https:\/\/www.bravilor.com\/no\/wp-json\/wp\/v2\/types\/product"}],"wp:attachment":[{"href":"https:\/\/www.bravilor.com\/no\/wp-json\/wp\/v2\/media?parent=853120"}],"wp:term":[{"taxonomy":"product_category","embeddable":true,"href":"https:\/\/www.bravilor.com\/no\/wp-json\/wp\/v2\/product_category?post=853120"},{"taxonomy":"product_family","embeddable":true,"href":"https:\/\/www.bravilor.com\/no\/wp-json\/wp\/v2\/product_family?post=853120"},{"taxonomy":"recommended_usage","embeddable":true,"href":"https:\/\/www.bravilor.com\/no\/wp-json\/wp\/v2\/recommended_usage?post=853120"},{"taxonomy":"user_amount","embeddable":true,"href":"https:\/\/www.bravilor.com\/no\/wp-json\/wp\/v2\/user_amount?post=853120"},{"taxonomy":"ingredient","embeddable":true,"href":"https:\/\/www.bravilor.com\/no\/wp-json\/wp\/v2\/ingredient?post=853120"},{"taxonomy":"peak_consumption","embeddable":true,"href":"https:\/\/www.bravilor.com\/no\/wp-json\/wp\/v2\/peak_consumption?post=853120"},{"taxonomy":"water_connection","embeddable":true,"href":"https:\/\/www.bravilor.com\/no\/wp-json\/wp\/v2\/water_connection?post=853120"},{"taxonomy":"choice_of_beverages","embeddable":true,"href":"https:\/\/www.bravilor.com\/no\/wp-json\/wp\/v2\/choice_of_beverages?post=853120"},{"taxonomy":"milk_function","embeddable":true,"href":"https:\/\/www.bravilor.com\/no\/wp-json\/wp\/v2\/milk_function?post=853120"},{"taxonomy":"configuration_comparison","embeddable":true,"href":"https:\/\/www.bravilor.com\/no\/wp-json\/wp\/v2\/configuration_comparison?post=853120"}],"curies":[{"name":"wp","href":"https:\/\/api.w.org\/{rel}","templated":true}]}}