{"id":586643,"date":"2023-09-29T07:39:03","date_gmt":"2023-09-29T07:39:03","guid":{"rendered":"https:\/\/bravilor.com\/sego\/"},"modified":"2026-04-13T07:04:14","modified_gmt":"2026-04-13T07:04:14","slug":"sego","status":"publish","type":"page","link":"https:\/\/www.bravilor.com\/sv\/sego\/","title":{"rendered":"Sego"},"content":{"rendered":"","protected":false},"excerpt":{"rendered":"","protected":false},"author":1,"featured_media":0,"parent":0,"menu_order":0,"comment_status":"closed","ping_status":"closed","template":"templates\/template-enriched-series-new.php","meta":{"_acf_changed":false,"footnotes":""},"class_list":["post-586643","page","type-page","status-publish","hentry"],"acf":[],"yoast_head":"<!-- This site is optimized with the Yoast SEO plugin v26.3 - https:\/\/yoast.com\/wordpress\/plugins\/seo\/ -->\n<title>Sego - Bravilor Bonamat<\/title>\n<meta name=\"description\" content=\"Sego fr\u00e5n \u00e4r kaffemaskinen f\u00f6r f\u00f6retag med stora ambitioner. Gott kaffe g\u00f6r medarbetarna glada. Uppt\u00e4ck mer!\" \/>\n<meta name=\"robots\" content=\"index, follow, max-snippet:-1, max-image-preview:large, max-video-preview:-1\" \/>\n<link rel=\"canonical\" href=\"https:\/\/www.bravilor.com\/sv\/sego\/\" \/>\n<meta property=\"og:locale\" content=\"sv_SE\" \/>\n<meta property=\"og:type\" content=\"article\" \/>\n<meta property=\"og:title\" content=\"Sego - Bravilor Bonamat\" \/>\n<meta property=\"og:description\" content=\"Sego fr\u00e5n \u00e4r kaffemaskinen f\u00f6r f\u00f6retag med stora ambitioner. Gott kaffe g\u00f6r medarbetarna glada. Uppt\u00e4ck mer!\" \/>\n<meta property=\"og:url\" content=\"https:\/\/www.bravilor.com\/sv\/sego\/\" \/>\n<meta property=\"og:site_name\" content=\"Bravilor Bonamat\" \/>\n<meta property=\"article:publisher\" content=\"https:\/\/www.facebook.com\/bravilor.bonamat.bv\" \/>\n<meta property=\"article:modified_time\" content=\"2026-04-13T07:04:14+00:00\" \/>\n<meta name=\"twitter:card\" content=\"summary_large_image\" \/>\n<script type=\"application\/ld+json\" class=\"yoast-schema-graph\">{\"@context\":\"https:\/\/schema.org\",\"@graph\":[{\"@type\":\"WebPage\",\"@id\":\"https:\/\/www.bravilor.com\/sv\/sego\/\",\"url\":\"https:\/\/www.bravilor.com\/sv\/sego\/\",\"name\":\"Sego - Bravilor Bonamat\",\"isPartOf\":{\"@id\":\"https:\/\/www.bravilor.com\/sv\/#website\"},\"datePublished\":\"2023-09-29T07:39:03+00:00\",\"dateModified\":\"2026-04-13T07:04:14+00:00\",\"description\":\"Sego fr\u00e5n \u00e4r kaffemaskinen f\u00f6r f\u00f6retag med stora ambitioner. Gott kaffe g\u00f6r medarbetarna glada. Uppt\u00e4ck mer!\",\"inLanguage\":\"sv-SE\",\"potentialAction\":[{\"@type\":\"ReadAction\",\"target\":[\"https:\/\/www.bravilor.com\/sv\/sego\/\"]}]},{\"@type\":\"WebSite\",\"@id\":\"https:\/\/www.bravilor.com\/sv\/#website\",\"url\":\"https:\/\/www.bravilor.com\/sv\/\",\"name\":\"Bravilor Bonamat\",\"description\":\"Professional coffee machines and hot water dispensers\",\"publisher\":{\"@id\":\"https:\/\/www.bravilor.com\/sv\/#organization\"},\"potentialAction\":[{\"@type\":\"SearchAction\",\"target\":{\"@type\":\"EntryPoint\",\"urlTemplate\":\"https:\/\/www.bravilor.com\/sv\/?s={search_term_string}\"},\"query-input\":{\"@type\":\"PropertyValueSpecification\",\"valueRequired\":true,\"valueName\":\"search_term_string\"}}],\"inLanguage\":\"sv-SE\"},{\"@type\":\"Organization\",\"@id\":\"https:\/\/www.bravilor.com\/sv\/#organization\",\"name\":\"Bravilor Bonamat\",\"url\":\"https:\/\/www.bravilor.com\/sv\/\",\"logo\":{\"@type\":\"ImageObject\",\"inLanguage\":\"sv-SE\",\"@id\":\"https:\/\/www.bravilor.com\/sv\/#\/schema\/logo\/image\/\",\"url\":\"https:\/\/www.bravilor.com\/app\/uploads\/2024\/01\/logo.svg\",\"contentUrl\":\"https:\/\/www.bravilor.com\/app\/uploads\/2024\/01\/logo.svg\",\"width\":1,\"height\":1,\"caption\":\"Bravilor Bonamat\"},\"image\":{\"@id\":\"https:\/\/www.bravilor.com\/sv\/#\/schema\/logo\/image\/\"},\"sameAs\":[\"https:\/\/www.facebook.com\/bravilor.bonamat.bv\"]}]}<\/script>\n<!-- \/ Yoast SEO plugin. -->","yoast_head_json":{"title":"Sego - Bravilor Bonamat","description":"Sego fr\u00e5n \u00e4r kaffemaskinen f\u00f6r f\u00f6retag med stora ambitioner. Gott kaffe g\u00f6r medarbetarna glada. Uppt\u00e4ck mer!","robots":{"index":"index","follow":"follow","max-snippet":"max-snippet:-1","max-image-preview":"max-image-preview:large","max-video-preview":"max-video-preview:-1"},"canonical":"https:\/\/www.bravilor.com\/sv\/sego\/","og_locale":"sv_SE","og_type":"article","og_title":"Sego - Bravilor Bonamat","og_description":"Sego fr\u00e5n \u00e4r kaffemaskinen f\u00f6r f\u00f6retag med stora ambitioner. Gott kaffe g\u00f6r medarbetarna glada. Uppt\u00e4ck mer!","og_url":"https:\/\/www.bravilor.com\/sv\/sego\/","og_site_name":"Bravilor Bonamat","article_publisher":"https:\/\/www.facebook.com\/bravilor.bonamat.bv","article_modified_time":"2026-04-13T07:04:14+00:00","twitter_card":"summary_large_image","schema":{"@context":"https:\/\/schema.org","@graph":[{"@type":"WebPage","@id":"https:\/\/www.bravilor.com\/sv\/sego\/","url":"https:\/\/www.bravilor.com\/sv\/sego\/","name":"Sego - Bravilor Bonamat","isPartOf":{"@id":"https:\/\/www.bravilor.com\/sv\/#website"},"datePublished":"2023-09-29T07:39:03+00:00","dateModified":"2026-04-13T07:04:14+00:00","description":"Sego fr\u00e5n \u00e4r kaffemaskinen f\u00f6r f\u00f6retag med stora ambitioner. Gott kaffe g\u00f6r medarbetarna glada. Uppt\u00e4ck mer!","inLanguage":"sv-SE","potentialAction":[{"@type":"ReadAction","target":["https:\/\/www.bravilor.com\/sv\/sego\/"]}]},{"@type":"WebSite","@id":"https:\/\/www.bravilor.com\/sv\/#website","url":"https:\/\/www.bravilor.com\/sv\/","name":"Bravilor Bonamat","description":"Professional coffee machines and hot water dispensers","publisher":{"@id":"https:\/\/www.bravilor.com\/sv\/#organization"},"potentialAction":[{"@type":"SearchAction","target":{"@type":"EntryPoint","urlTemplate":"https:\/\/www.bravilor.com\/sv\/?s={search_term_string}"},"query-input":{"@type":"PropertyValueSpecification","valueRequired":true,"valueName":"search_term_string"}}],"inLanguage":"sv-SE"},{"@type":"Organization","@id":"https:\/\/www.bravilor.com\/sv\/#organization","name":"Bravilor Bonamat","url":"https:\/\/www.bravilor.com\/sv\/","logo":{"@type":"ImageObject","inLanguage":"sv-SE","@id":"https:\/\/www.bravilor.com\/sv\/#\/schema\/logo\/image\/","url":"https:\/\/www.bravilor.com\/app\/uploads\/2024\/01\/logo.svg","contentUrl":"https:\/\/www.bravilor.com\/app\/uploads\/2024\/01\/logo.svg","width":1,"height":1,"caption":"Bravilor Bonamat"},"image":{"@id":"https:\/\/www.bravilor.com\/sv\/#\/schema\/logo\/image\/"},"sameAs":["https:\/\/www.facebook.com\/bravilor.bonamat.bv"]}]}},"_links":{"self":[{"href":"https:\/\/www.bravilor.com\/sv\/wp-json\/wp\/v2\/pages\/586643","targetHints":{"allow":["GET"]}}],"collection":[{"href":"https:\/\/www.bravilor.com\/sv\/wp-json\/wp\/v2\/pages"}],"about":[{"href":"https:\/\/www.bravilor.com\/sv\/wp-json\/wp\/v2\/types\/page"}],"author":[{"embeddable":true,"href":"https:\/\/www.bravilor.com\/sv\/wp-json\/wp\/v2\/users\/1"}],"replies":[{"embeddable":true,"href":"https:\/\/www.bravilor.com\/sv\/wp-json\/wp\/v2\/comments?post=586643"}],"version-history":[{"count":4,"href":"https:\/\/www.bravilor.com\/sv\/wp-json\/wp\/v2\/pages\/586643\/revisions"}],"predecessor-version":[{"id":874318,"href":"https:\/\/www.bravilor.com\/sv\/wp-json\/wp\/v2\/pages\/586643\/revisions\/874318"}],"wp:attachment":[{"href":"https:\/\/www.bravilor.com\/sv\/wp-json\/wp\/v2\/media?parent=586643"}],"curies":[{"name":"wp","href":"https:\/\/api.w.org\/{rel}","templated":true}]}}