{"id":834734,"date":"2024-03-25T11:07:41","date_gmt":"2024-03-25T11:07:41","guid":{"rendered":"https:\/\/www.bravilor.com\/freshbrew-ng\/"},"modified":"2025-11-24T12:21:16","modified_gmt":"2025-11-24T12:21:16","slug":"freshbrew-ng","status":"publish","type":"page","link":"https:\/\/www.bravilor.com\/sv\/freshbrew-ng\/","title":{"rendered":"F\u00e4rskBrygg"},"content":{"rendered":"","protected":false},"excerpt":{"rendered":"","protected":false},"author":8,"featured_media":0,"parent":0,"menu_order":0,"comment_status":"closed","ping_status":"closed","template":"templates\/template-enriched-series-new.php","meta":{"_acf_changed":false,"footnotes":""},"class_list":["post-834734","page","type-page","status-publish","hentry"],"acf":[],"yoast_head":"<!-- This site is optimized with the Yoast SEO plugin v26.3 - https:\/\/yoast.com\/wordpress\/plugins\/seo\/ -->\n<title>F\u00e4rskBrygg - Bravilor Bonamat<\/title>\n<meta name=\"description\" content=\"F\u00e4rskBrygg fr\u00e5n \u00e4r kaffemaskinen f\u00f6r f\u00f6retag med stora ambitioner. Gott kaffe g\u00f6r medarbetarna glada. Uppt\u00e4ck mer!\" \/>\n<meta name=\"robots\" content=\"index, follow, max-snippet:-1, max-image-preview:large, max-video-preview:-1\" \/>\n<link rel=\"canonical\" href=\"https:\/\/www.bravilor.com\/sv\/freshbrew-ng\/\" \/>\n<meta property=\"og:locale\" content=\"sv_SE\" \/>\n<meta property=\"og:type\" content=\"article\" \/>\n<meta property=\"og:title\" content=\"F\u00e4rskBrygg - Bravilor Bonamat\" \/>\n<meta property=\"og:description\" content=\"F\u00e4rskBrygg fr\u00e5n \u00e4r kaffemaskinen f\u00f6r f\u00f6retag med stora ambitioner. Gott kaffe g\u00f6r medarbetarna glada. Uppt\u00e4ck mer!\" \/>\n<meta property=\"og:url\" content=\"https:\/\/www.bravilor.com\/sv\/freshbrew-ng\/\" \/>\n<meta property=\"og:site_name\" content=\"Bravilor Bonamat\" \/>\n<meta property=\"article:publisher\" content=\"https:\/\/www.facebook.com\/bravilor.bonamat.bv\" \/>\n<meta property=\"article:modified_time\" content=\"2025-11-24T12:21:16+00:00\" \/>\n<meta name=\"twitter:card\" content=\"summary_large_image\" \/>\n<script type=\"application\/ld+json\" class=\"yoast-schema-graph\">{\"@context\":\"https:\/\/schema.org\",\"@graph\":[{\"@type\":\"WebPage\",\"@id\":\"https:\/\/www.bravilor.com\/sv\/freshbrew-ng\/\",\"url\":\"https:\/\/www.bravilor.com\/sv\/freshbrew-ng\/\",\"name\":\"F\u00e4rskBrygg - Bravilor Bonamat\",\"isPartOf\":{\"@id\":\"https:\/\/www.bravilor.com\/sv\/#website\"},\"datePublished\":\"2024-03-25T11:07:41+00:00\",\"dateModified\":\"2025-11-24T12:21:16+00:00\",\"description\":\"F\u00e4rskBrygg fr\u00e5n \u00e4r kaffemaskinen f\u00f6r f\u00f6retag med stora ambitioner. Gott kaffe g\u00f6r medarbetarna glada. Uppt\u00e4ck mer!\",\"inLanguage\":\"sv-SE\",\"potentialAction\":[{\"@type\":\"ReadAction\",\"target\":[\"https:\/\/www.bravilor.com\/sv\/freshbrew-ng\/\"]}]},{\"@type\":\"WebSite\",\"@id\":\"https:\/\/www.bravilor.com\/sv\/#website\",\"url\":\"https:\/\/www.bravilor.com\/sv\/\",\"name\":\"Bravilor Bonamat\",\"description\":\"Professional coffee machines and hot water dispensers\",\"publisher\":{\"@id\":\"https:\/\/www.bravilor.com\/sv\/#organization\"},\"potentialAction\":[{\"@type\":\"SearchAction\",\"target\":{\"@type\":\"EntryPoint\",\"urlTemplate\":\"https:\/\/www.bravilor.com\/sv\/?s={search_term_string}\"},\"query-input\":{\"@type\":\"PropertyValueSpecification\",\"valueRequired\":true,\"valueName\":\"search_term_string\"}}],\"inLanguage\":\"sv-SE\"},{\"@type\":\"Organization\",\"@id\":\"https:\/\/www.bravilor.com\/sv\/#organization\",\"name\":\"Bravilor Bonamat\",\"url\":\"https:\/\/www.bravilor.com\/sv\/\",\"logo\":{\"@type\":\"ImageObject\",\"inLanguage\":\"sv-SE\",\"@id\":\"https:\/\/www.bravilor.com\/sv\/#\/schema\/logo\/image\/\",\"url\":\"https:\/\/www.bravilor.com\/app\/uploads\/2024\/01\/logo.svg\",\"contentUrl\":\"https:\/\/www.bravilor.com\/app\/uploads\/2024\/01\/logo.svg\",\"width\":1,\"height\":1,\"caption\":\"Bravilor Bonamat\"},\"image\":{\"@id\":\"https:\/\/www.bravilor.com\/sv\/#\/schema\/logo\/image\/\"},\"sameAs\":[\"https:\/\/www.facebook.com\/bravilor.bonamat.bv\"]}]}<\/script>\n<!-- \/ Yoast SEO plugin. -->","yoast_head_json":{"title":"F\u00e4rskBrygg - Bravilor Bonamat","description":"F\u00e4rskBrygg fr\u00e5n \u00e4r kaffemaskinen f\u00f6r f\u00f6retag med stora ambitioner. Gott kaffe g\u00f6r medarbetarna glada. Uppt\u00e4ck mer!","robots":{"index":"index","follow":"follow","max-snippet":"max-snippet:-1","max-image-preview":"max-image-preview:large","max-video-preview":"max-video-preview:-1"},"canonical":"https:\/\/www.bravilor.com\/sv\/freshbrew-ng\/","og_locale":"sv_SE","og_type":"article","og_title":"F\u00e4rskBrygg - Bravilor Bonamat","og_description":"F\u00e4rskBrygg fr\u00e5n \u00e4r kaffemaskinen f\u00f6r f\u00f6retag med stora ambitioner. Gott kaffe g\u00f6r medarbetarna glada. Uppt\u00e4ck mer!","og_url":"https:\/\/www.bravilor.com\/sv\/freshbrew-ng\/","og_site_name":"Bravilor Bonamat","article_publisher":"https:\/\/www.facebook.com\/bravilor.bonamat.bv","article_modified_time":"2025-11-24T12:21:16+00:00","twitter_card":"summary_large_image","schema":{"@context":"https:\/\/schema.org","@graph":[{"@type":"WebPage","@id":"https:\/\/www.bravilor.com\/sv\/freshbrew-ng\/","url":"https:\/\/www.bravilor.com\/sv\/freshbrew-ng\/","name":"F\u00e4rskBrygg - Bravilor Bonamat","isPartOf":{"@id":"https:\/\/www.bravilor.com\/sv\/#website"},"datePublished":"2024-03-25T11:07:41+00:00","dateModified":"2025-11-24T12:21:16+00:00","description":"F\u00e4rskBrygg fr\u00e5n \u00e4r kaffemaskinen f\u00f6r f\u00f6retag med stora ambitioner. Gott kaffe g\u00f6r medarbetarna glada. Uppt\u00e4ck mer!","inLanguage":"sv-SE","potentialAction":[{"@type":"ReadAction","target":["https:\/\/www.bravilor.com\/sv\/freshbrew-ng\/"]}]},{"@type":"WebSite","@id":"https:\/\/www.bravilor.com\/sv\/#website","url":"https:\/\/www.bravilor.com\/sv\/","name":"Bravilor Bonamat","description":"Professional coffee machines and hot water dispensers","publisher":{"@id":"https:\/\/www.bravilor.com\/sv\/#organization"},"potentialAction":[{"@type":"SearchAction","target":{"@type":"EntryPoint","urlTemplate":"https:\/\/www.bravilor.com\/sv\/?s={search_term_string}"},"query-input":{"@type":"PropertyValueSpecification","valueRequired":true,"valueName":"search_term_string"}}],"inLanguage":"sv-SE"},{"@type":"Organization","@id":"https:\/\/www.bravilor.com\/sv\/#organization","name":"Bravilor Bonamat","url":"https:\/\/www.bravilor.com\/sv\/","logo":{"@type":"ImageObject","inLanguage":"sv-SE","@id":"https:\/\/www.bravilor.com\/sv\/#\/schema\/logo\/image\/","url":"https:\/\/www.bravilor.com\/app\/uploads\/2024\/01\/logo.svg","contentUrl":"https:\/\/www.bravilor.com\/app\/uploads\/2024\/01\/logo.svg","width":1,"height":1,"caption":"Bravilor Bonamat"},"image":{"@id":"https:\/\/www.bravilor.com\/sv\/#\/schema\/logo\/image\/"},"sameAs":["https:\/\/www.facebook.com\/bravilor.bonamat.bv"]}]}},"_links":{"self":[{"href":"https:\/\/www.bravilor.com\/sv\/wp-json\/wp\/v2\/pages\/834734","targetHints":{"allow":["GET"]}}],"collection":[{"href":"https:\/\/www.bravilor.com\/sv\/wp-json\/wp\/v2\/pages"}],"about":[{"href":"https:\/\/www.bravilor.com\/sv\/wp-json\/wp\/v2\/types\/page"}],"author":[{"embeddable":true,"href":"https:\/\/www.bravilor.com\/sv\/wp-json\/wp\/v2\/users\/8"}],"replies":[{"embeddable":true,"href":"https:\/\/www.bravilor.com\/sv\/wp-json\/wp\/v2\/comments?post=834734"}],"version-history":[{"count":34,"href":"https:\/\/www.bravilor.com\/sv\/wp-json\/wp\/v2\/pages\/834734\/revisions"}],"predecessor-version":[{"id":853951,"href":"https:\/\/www.bravilor.com\/sv\/wp-json\/wp\/v2\/pages\/834734\/revisions\/853951"}],"wp:attachment":[{"href":"https:\/\/www.bravilor.com\/sv\/wp-json\/wp\/v2\/media?parent=834734"}],"curies":[{"name":"wp","href":"https:\/\/api.w.org\/{rel}","templated":true}]}}