{"id":492344,"date":"2023-10-12T17:11:50","date_gmt":"2023-10-12T17:11:50","guid":{"rendered":"https:\/\/bravilor.com\/products\/sumplada-till-piedestal\/"},"modified":"2026-04-03T12:50:04","modified_gmt":"2026-04-03T12:50:04","slug":"sumplada-till-piedestal","status":"publish","type":"product","link":"https:\/\/www.bravilor.com\/sv\/products\/accessories-sv\/sumplada-till-piedestal\/","title":{"rendered":"Sumpl\u00e5da till piedestal Sego 12, 11L och 12L"},"content":{"rendered":"","protected":false},"excerpt":{"rendered":"","protected":false},"featured_media":0,"template":"","product_category":[1990,5152],"product_family":[1136],"recommended_usage":[],"user_amount":[],"ingredient":[],"peak_consumption":[],"water_connection":[],"choice_of_beverages":[],"milk_function":[],"configuration_comparison":[],"class_list":["post-492344","product","type-product","status-publish","hentry","product_category-accessories-sv","product_category-waste-bins-sv","product_family-accessories-sv"],"acf":[],"yoast_head":"<!-- This site is optimized with the Yoast SEO plugin v26.3 - https:\/\/yoast.com\/wordpress\/plugins\/seo\/ -->\n<title>Sumpl\u00e5da till piedestal Sego 12, 11L och 12L - Bravilor Bonamat<\/title>\n<meta name=\"description\" content=\"Uppt\u00e4ck Sumpl\u00e5da till piedestal Sego 12, 11L och 12L p\u00e5 Bravilor Bonamat! L\u00e4r dig mer om Sumpl\u00e5da till piedestal Sego 12, 11L och 12L och kontakta oss f\u00f6r professionell r\u00e5dgivning och k\u00f6palternativ.\" \/>\n<meta name=\"robots\" content=\"index, follow, max-snippet:-1, max-image-preview:large, max-video-preview:-1\" \/>\n<link rel=\"canonical\" href=\"https:\/\/www.bravilor.com\/sv\/products\/accessories-sv\/sumplada-till-piedestal\/\" \/>\n<meta property=\"og:locale\" content=\"sv_SE\" \/>\n<meta property=\"og:type\" content=\"article\" \/>\n<meta property=\"og:title\" content=\"Sumpl\u00e5da till piedestal Sego 12, 11L och 12L - Bravilor Bonamat\" \/>\n<meta property=\"og:description\" content=\"Uppt\u00e4ck Sumpl\u00e5da till piedestal Sego 12, 11L och 12L p\u00e5 Bravilor Bonamat! L\u00e4r dig mer om Sumpl\u00e5da till piedestal Sego 12, 11L och 12L och kontakta oss f\u00f6r professionell r\u00e5dgivning och k\u00f6palternativ.\" \/>\n<meta property=\"og:url\" content=\"https:\/\/www.bravilor.com\/sv\/products\/accessories-sv\/sumplada-till-piedestal\/\" \/>\n<meta property=\"og:site_name\" content=\"Bravilor Bonamat\" \/>\n<meta property=\"article:publisher\" content=\"https:\/\/www.facebook.com\/bravilor.bonamat.bv\" \/>\n<meta property=\"article:modified_time\" content=\"2026-04-03T12:50:04+00:00\" \/>\n<meta name=\"twitter:card\" content=\"summary_large_image\" \/>\n<script type=\"application\/ld+json\" class=\"yoast-schema-graph\">{\"@context\":\"https:\/\/schema.org\",\"@graph\":[{\"@type\":\"WebPage\",\"@id\":\"https:\/\/www.bravilor.com\/sv\/products\/accessories-sv\/sumplada-till-piedestal\/\",\"url\":\"https:\/\/www.bravilor.com\/sv\/products\/accessories-sv\/sumplada-till-piedestal\/\",\"name\":\"Sumpl\u00e5da till piedestal Sego 12, 11L och 12L - Bravilor Bonamat\",\"isPartOf\":{\"@id\":\"https:\/\/www.bravilor.com\/sv\/#website\"},\"datePublished\":\"2023-10-12T17:11:50+00:00\",\"dateModified\":\"2026-04-03T12:50:04+00:00\",\"description\":\"Uppt\u00e4ck Sumpl\u00e5da till piedestal Sego 12, 11L och 12L p\u00e5 Bravilor Bonamat! L\u00e4r dig mer om Sumpl\u00e5da till piedestal Sego 12, 11L och 12L och kontakta oss f\u00f6r professionell r\u00e5dgivning och k\u00f6palternativ.\",\"inLanguage\":\"sv-SE\",\"potentialAction\":[{\"@type\":\"ReadAction\",\"target\":[\"https:\/\/www.bravilor.com\/sv\/products\/accessories-sv\/sumplada-till-piedestal\/\"]}]},{\"@type\":\"WebSite\",\"@id\":\"https:\/\/www.bravilor.com\/sv\/#website\",\"url\":\"https:\/\/www.bravilor.com\/sv\/\",\"name\":\"Bravilor Bonamat\",\"description\":\"Professional coffee machines and hot water dispensers\",\"publisher\":{\"@id\":\"https:\/\/www.bravilor.com\/sv\/#organization\"},\"potentialAction\":[{\"@type\":\"SearchAction\",\"target\":{\"@type\":\"EntryPoint\",\"urlTemplate\":\"https:\/\/www.bravilor.com\/sv\/?s={search_term_string}\"},\"query-input\":{\"@type\":\"PropertyValueSpecification\",\"valueRequired\":true,\"valueName\":\"search_term_string\"}}],\"inLanguage\":\"sv-SE\"},{\"@type\":\"Organization\",\"@id\":\"https:\/\/www.bravilor.com\/sv\/#organization\",\"name\":\"Bravilor Bonamat\",\"url\":\"https:\/\/www.bravilor.com\/sv\/\",\"logo\":{\"@type\":\"ImageObject\",\"inLanguage\":\"sv-SE\",\"@id\":\"https:\/\/www.bravilor.com\/sv\/#\/schema\/logo\/image\/\",\"url\":\"https:\/\/www.bravilor.com\/app\/uploads\/2024\/01\/logo.svg\",\"contentUrl\":\"https:\/\/www.bravilor.com\/app\/uploads\/2024\/01\/logo.svg\",\"width\":1,\"height\":1,\"caption\":\"Bravilor Bonamat\"},\"image\":{\"@id\":\"https:\/\/www.bravilor.com\/sv\/#\/schema\/logo\/image\/\"},\"sameAs\":[\"https:\/\/www.facebook.com\/bravilor.bonamat.bv\"]}]}<\/script>\n<!-- \/ Yoast SEO plugin. -->","yoast_head_json":{"title":"Sumpl\u00e5da till piedestal Sego 12, 11L och 12L - Bravilor Bonamat","description":"Uppt\u00e4ck Sumpl\u00e5da till piedestal Sego 12, 11L och 12L p\u00e5 Bravilor Bonamat! L\u00e4r dig mer om Sumpl\u00e5da till piedestal Sego 12, 11L och 12L och kontakta oss f\u00f6r professionell r\u00e5dgivning och k\u00f6palternativ.","robots":{"index":"index","follow":"follow","max-snippet":"max-snippet:-1","max-image-preview":"max-image-preview:large","max-video-preview":"max-video-preview:-1"},"canonical":"https:\/\/www.bravilor.com\/sv\/products\/accessories-sv\/sumplada-till-piedestal\/","og_locale":"sv_SE","og_type":"article","og_title":"Sumpl\u00e5da till piedestal Sego 12, 11L och 12L - Bravilor Bonamat","og_description":"Uppt\u00e4ck Sumpl\u00e5da till piedestal Sego 12, 11L och 12L p\u00e5 Bravilor Bonamat! L\u00e4r dig mer om Sumpl\u00e5da till piedestal Sego 12, 11L och 12L och kontakta oss f\u00f6r professionell r\u00e5dgivning och k\u00f6palternativ.","og_url":"https:\/\/www.bravilor.com\/sv\/products\/accessories-sv\/sumplada-till-piedestal\/","og_site_name":"Bravilor Bonamat","article_publisher":"https:\/\/www.facebook.com\/bravilor.bonamat.bv","article_modified_time":"2026-04-03T12:50:04+00:00","twitter_card":"summary_large_image","schema":{"@context":"https:\/\/schema.org","@graph":[{"@type":"WebPage","@id":"https:\/\/www.bravilor.com\/sv\/products\/accessories-sv\/sumplada-till-piedestal\/","url":"https:\/\/www.bravilor.com\/sv\/products\/accessories-sv\/sumplada-till-piedestal\/","name":"Sumpl\u00e5da till piedestal Sego 12, 11L och 12L - Bravilor Bonamat","isPartOf":{"@id":"https:\/\/www.bravilor.com\/sv\/#website"},"datePublished":"2023-10-12T17:11:50+00:00","dateModified":"2026-04-03T12:50:04+00:00","description":"Uppt\u00e4ck Sumpl\u00e5da till piedestal Sego 12, 11L och 12L p\u00e5 Bravilor Bonamat! L\u00e4r dig mer om Sumpl\u00e5da till piedestal Sego 12, 11L och 12L och kontakta oss f\u00f6r professionell r\u00e5dgivning och k\u00f6palternativ.","inLanguage":"sv-SE","potentialAction":[{"@type":"ReadAction","target":["https:\/\/www.bravilor.com\/sv\/products\/accessories-sv\/sumplada-till-piedestal\/"]}]},{"@type":"WebSite","@id":"https:\/\/www.bravilor.com\/sv\/#website","url":"https:\/\/www.bravilor.com\/sv\/","name":"Bravilor Bonamat","description":"Professional coffee machines and hot water dispensers","publisher":{"@id":"https:\/\/www.bravilor.com\/sv\/#organization"},"potentialAction":[{"@type":"SearchAction","target":{"@type":"EntryPoint","urlTemplate":"https:\/\/www.bravilor.com\/sv\/?s={search_term_string}"},"query-input":{"@type":"PropertyValueSpecification","valueRequired":true,"valueName":"search_term_string"}}],"inLanguage":"sv-SE"},{"@type":"Organization","@id":"https:\/\/www.bravilor.com\/sv\/#organization","name":"Bravilor Bonamat","url":"https:\/\/www.bravilor.com\/sv\/","logo":{"@type":"ImageObject","inLanguage":"sv-SE","@id":"https:\/\/www.bravilor.com\/sv\/#\/schema\/logo\/image\/","url":"https:\/\/www.bravilor.com\/app\/uploads\/2024\/01\/logo.svg","contentUrl":"https:\/\/www.bravilor.com\/app\/uploads\/2024\/01\/logo.svg","width":1,"height":1,"caption":"Bravilor Bonamat"},"image":{"@id":"https:\/\/www.bravilor.com\/sv\/#\/schema\/logo\/image\/"},"sameAs":["https:\/\/www.facebook.com\/bravilor.bonamat.bv"]}]}},"_links":{"self":[{"href":"https:\/\/www.bravilor.com\/sv\/wp-json\/wp\/v2\/product\/492344","targetHints":{"allow":["GET"]}}],"collection":[{"href":"https:\/\/www.bravilor.com\/sv\/wp-json\/wp\/v2\/product"}],"about":[{"href":"https:\/\/www.bravilor.com\/sv\/wp-json\/wp\/v2\/types\/product"}],"wp:attachment":[{"href":"https:\/\/www.bravilor.com\/sv\/wp-json\/wp\/v2\/media?parent=492344"}],"wp:term":[{"taxonomy":"product_category","embeddable":true,"href":"https:\/\/www.bravilor.com\/sv\/wp-json\/wp\/v2\/product_category?post=492344"},{"taxonomy":"product_family","embeddable":true,"href":"https:\/\/www.bravilor.com\/sv\/wp-json\/wp\/v2\/product_family?post=492344"},{"taxonomy":"recommended_usage","embeddable":true,"href":"https:\/\/www.bravilor.com\/sv\/wp-json\/wp\/v2\/recommended_usage?post=492344"},{"taxonomy":"user_amount","embeddable":true,"href":"https:\/\/www.bravilor.com\/sv\/wp-json\/wp\/v2\/user_amount?post=492344"},{"taxonomy":"ingredient","embeddable":true,"href":"https:\/\/www.bravilor.com\/sv\/wp-json\/wp\/v2\/ingredient?post=492344"},{"taxonomy":"peak_consumption","embeddable":true,"href":"https:\/\/www.bravilor.com\/sv\/wp-json\/wp\/v2\/peak_consumption?post=492344"},{"taxonomy":"water_connection","embeddable":true,"href":"https:\/\/www.bravilor.com\/sv\/wp-json\/wp\/v2\/water_connection?post=492344"},{"taxonomy":"choice_of_beverages","embeddable":true,"href":"https:\/\/www.bravilor.com\/sv\/wp-json\/wp\/v2\/choice_of_beverages?post=492344"},{"taxonomy":"milk_function","embeddable":true,"href":"https:\/\/www.bravilor.com\/sv\/wp-json\/wp\/v2\/milk_function?post=492344"},{"taxonomy":"configuration_comparison","embeddable":true,"href":"https:\/\/www.bravilor.com\/sv\/wp-json\/wp\/v2\/configuration_comparison?post=492344"}],"curies":[{"name":"wp","href":"https:\/\/api.w.org\/{rel}","templated":true}]}}